{"id":1146,"date":"2023-06-17T20:17:31","date_gmt":"2023-06-17T18:17:31","guid":{"rendered":"https:\/\/www.ornamentmetal.de\/?page_id=1146"},"modified":"2023-06-22T16:51:44","modified_gmt":"2023-06-22T14:51:44","slug":"kleine-handwerksunternehmen","status":"publish","type":"page","link":"https:\/\/www.ornamentmetal.de\/de\/kleine-handwerksunternehmen\/","title":{"rendered":"Kleine Handwerksunternehmen als Start f\u00fcr die Karriere"},"content":{"rendered":"\t\t<div data-elementor-type=\"wp-post\" data-elementor-id=\"1146\" class=\"elementor elementor-1146\" data-elementor-post-type=\"page\">\n\t\t\t\t\t\t<section class=\"elementor-section elementor-top-section elementor-element elementor-element-a4e26da elementor-section-boxed elementor-section-height-default elementor-section-height-default\" data-id=\"a4e26da\" data-element_type=\"section\">\n\t\t\t\t\t\t<div class=\"elementor-container elementor-column-gap-default\">\n\t\t\t\t\t<div class=\"elementor-column elementor-col-100 elementor-top-column elementor-element elementor-element-1f5a742\" data-id=\"1f5a742\" data-element_type=\"column\">\n\t\t\t<div class=\"elementor-widget-wrap elementor-element-populated\">\n\t\t\t\t\t\t<div class=\"elementor-element elementor-element-43f2d6a elementor-widget elementor-widget-heading\" data-id=\"43f2d6a\" data-element_type=\"widget\" data-widget_type=\"heading.default\">\n\t\t\t\t<div class=\"elementor-widget-container\">\n\t\t\t\t\t<h2 class=\"elementor-heading-title elementor-size-default\">Warum ein kleines Unternehmen ein guter Start f\u00fcr deine Karriere ist? <\/h2>\t\t\t\t<\/div>\n\t\t\t\t<\/div>\n\t\t\t\t<div class=\"elementor-element elementor-element-134cdeb elementor-widget elementor-widget-image\" data-id=\"134cdeb\" data-element_type=\"widget\" data-widget_type=\"image.default\">\n\t\t\t\t<div class=\"elementor-widget-container\">\n\t\t\t\t\t\t\t\t\t\t\t\t\t\t\t<img fetchpriority=\"high\" decoding=\"async\" width=\"800\" height=\"534\" src=\"https:\/\/www.ornamentmetal.de\/wp-content\/uploads\/2023\/03\/IMG_8745-1024x683.jpg\" class=\"attachment-large size-large wp-image-303\" alt=\"\" srcset=\"https:\/\/www.ornamentmetal.de\/wp-content\/uploads\/2023\/03\/IMG_8745-1024x683.jpg 1024w, https:\/\/www.ornamentmetal.de\/wp-content\/uploads\/2023\/03\/IMG_8745-300x200.jpg 300w, https:\/\/www.ornamentmetal.de\/wp-content\/uploads\/2023\/03\/IMG_8745-768x512.jpg 768w, https:\/\/www.ornamentmetal.de\/wp-content\/uploads\/2023\/03\/IMG_8745-1536x1024.jpg 1536w, https:\/\/www.ornamentmetal.de\/wp-content\/uploads\/2023\/03\/IMG_8745-2048x1365.jpg 2048w, https:\/\/www.ornamentmetal.de\/wp-content\/uploads\/2023\/03\/IMG_8745-18x12.jpg 18w, https:\/\/www.ornamentmetal.de\/wp-content\/uploads\/2023\/03\/IMG_8745-scaled.jpg 1800w\" sizes=\"(max-width: 800px) 100vw, 800px\" \/>\t\t\t\t\t\t\t\t\t\t\t\t\t\t\t<\/div>\n\t\t\t\t<\/div>\n\t\t\t\t<div class=\"elementor-element elementor-element-54fce4c elementor-widget elementor-widget-text-editor\" data-id=\"54fce4c\" data-element_type=\"widget\" data-widget_type=\"text-editor.default\">\n\t\t\t\t<div class=\"elementor-widget-container\">\n\t\t\t\t\t\t\t\t\t<p>Ein kleines Unternehmen wie die <strong><a href=\"https:\/\/www.ornamentmetal.de\/\">ornamentmetal GmbH<\/a><\/strong> ist\u00a0<span style=\"color: var( --e-global-color-text ); font-family: var( --e-global-typography-text-font-family ), Sans-serif; font-size: var( --e-global-typography-text-font-size ); font-style: var( --e-global-typography-text-font-style ); letter-spacing: var( --e-global-typography-text-letter-spacing ); text-transform: var( --e-global-typography-text-text-transform ); text-decoration: var( --e-global-typography-text-text-decoration ); background-color: var( --e-global-color-3d761f9 );\">aus mehreren Gr\u00fcnden<\/span><span style=\"color: var( --e-global-color-text ); font-family: var( --e-global-typography-text-font-family ), Sans-serif; font-size: var( --e-global-typography-text-font-size ); font-style: var( --e-global-typography-text-font-style ); letter-spacing: var( --e-global-typography-text-letter-spacing ); text-transform: var( --e-global-typography-text-text-transform ); text-decoration: var( --e-global-typography-text-text-decoration ); background-color: var( --e-global-color-3d761f9 );\">\u00a0ein guter Start f\u00fcr deine Karriere:<\/span><\/p><ol><li><p><strong>Mehr Verantwortung<\/strong>: In einem kleinen Unternehmen wie wir es sind hast du die M\u00f6glichkeit, <u>fr\u00fchzeitig mehr Verantwortung zu \u00fcbernehmen<\/u>. Du kannst an vielf\u00e4ltigen Aufgaben arbeiten und hast die Chance, dich in verschiedenen Bereichen weiterzuentwickeln. Dadurch kannst du wertvolle Erfahrungen sammeln und deine F\u00e4higkeiten breiter einsetzen.<\/p><\/li><li><p><strong>Lernm\u00f6glichkeiten<\/strong>: Hier hast du\u00a0<u>direkten Zugang zu erfahrenen Mitarbeitern<\/u>. Du kannst von unserem Wissen und unserer Erfahrung profitieren und pers\u00f6nlich von uns lernen. Wir bieten auch eine engere Zusammenarbeit und einen besseren Einblick in verschiedene Aspekte des Gesch\u00e4fts, was dein Lernpotenzial erh\u00f6ht. (Wir haben auch <a href=\"https:\/\/www.ornamentmetal.de\/warum-der-quereinstieg-ins-handwerk-einfacher-als-in-andere-jobs-ist\/\">Quereinsteiger<\/a>)<\/p><\/li><li><p><strong>Breiteres T\u00e4tigkeitsfeld<\/strong>: Bei uns sind die Rollen und Aufgaben weniger spezialisiert. Das bedeutet, dass du die M\u00f6glichkeit hast, in verschiedenen Bereichen zu arbeiten und deine F\u00e4higkeiten in unterschiedlichen Bereichen weiterzuentwickeln. Das kann dir helfen, <u>ein breites Wissensspektrum und vielseitige F\u00e4higkeiten aufzubauen<\/u>, die in deiner Karriere von Vorteil sein k\u00f6nnen.<\/p><\/li><li><p><strong>Flexibilit\u00e4t und Innovation<\/strong>: Wir sind oft <u>agiler und flexibler in unseren Entscheidungen und Prozessen<\/u>. Dadurch hast du die M\u00f6glichkeit, an <a href=\"https:\/\/www.ornamentmetal.de\/projekte\/\">innovativen Projekten<\/a> teilzunehmen. Du kannst deine Ideen einbringen und aktiv zur Weiterentwicklung des Unternehmens beitragen.\u00a0<\/p><\/li><\/ol><p>Nat\u00fcrlich gibt es auch Vorteile, in gr\u00f6\u00dferen Unternehmen zu arbeiten, wie z.B. gr\u00f6\u00dfere Ressourcen und etablierte Strukturen, jedoch bieten wir dir ein spannendes Paket f\u00fcr deine Entwicklung. Die Entscheidung f\u00fcr ein kleines Unternehmen h\u00e4ngt nicht zuletzt von deinen pers\u00f6nlichen Zielen, Vorlieben und Karrierezielen ab.\u00a0<\/p>\t\t\t\t\t\t\t\t<\/div>\n\t\t\t\t<\/div>\n\t\t\t\t<div class=\"elementor-element elementor-element-301d95a elementor-view-default elementor-widget elementor-widget-icon\" data-id=\"301d95a\" data-element_type=\"widget\" data-widget_type=\"icon.default\">\n\t\t\t\t<div class=\"elementor-widget-container\">\n\t\t\t\t\t\t\t<div class=\"elementor-icon-wrapper\">\n\t\t\t<div class=\"elementor-icon\">\n\t\t\t<i aria-hidden=\"true\" class=\"fas fa-magic\"><\/i>\t\t\t<\/div>\n\t\t<\/div>\n\t\t\t\t\t\t<\/div>\n\t\t\t\t<\/div>\n\t\t\t\t<div class=\"elementor-element elementor-element-9ce9c67 elementor-widget elementor-widget-heading\" data-id=\"9ce9c67\" data-element_type=\"widget\" data-widget_type=\"heading.default\">\n\t\t\t\t<div class=\"elementor-widget-container\">\n\t\t\t\t\t<h2 class=\"elementor-heading-title elementor-size-default\">Weitere Infos zur Karriere<\/h2>\t\t\t\t<\/div>\n\t\t\t\t<\/div>\n\t\t\t\t<div class=\"elementor-element elementor-element-23f2dc9 elementor-widget elementor-widget-text-editor\" data-id=\"23f2dc9\" data-element_type=\"widget\" data-widget_type=\"text-editor.default\">\n\t\t\t\t<div class=\"elementor-widget-container\">\n\t\t\t\t\t\t\t\t\t<p>Es ist nicht nur gut in einem kleinen Unternehmen zu starten wir haben auch noch weitere Infos f\u00fcr dich zu Ausbildung, Zukunft Handwerk und Karriere bei uns. Lies gerne weiter!<\/p>\t\t\t\t\t\t\t\t<\/div>\n\t\t\t\t<\/div>\n\t\t\t\t<section class=\"elementor-section elementor-inner-section elementor-element elementor-element-dbae61d elementor-section-boxed elementor-section-height-default elementor-section-height-default\" data-id=\"dbae61d\" data-element_type=\"section\">\n\t\t\t\t\t\t<div class=\"elementor-container elementor-column-gap-default\">\n\t\t\t\t\t<div class=\"elementor-column elementor-col-50 elementor-inner-column elementor-element elementor-element-2768daf\" data-id=\"2768daf\" data-element_type=\"column\">\n\t\t\t<div class=\"elementor-widget-wrap elementor-element-populated\">\n\t\t\t\t\t\t<div class=\"elementor-element elementor-element-c23db55 elementor-align-justify elementor-widget__width-inherit elementor-widget elementor-widget-button\" data-id=\"c23db55\" data-element_type=\"widget\" data-widget_type=\"button.default\">\n\t\t\t\t<div class=\"elementor-widget-container\">\n\t\t\t\t\t\t\t\t\t<div class=\"elementor-button-wrapper\">\n\t\t\t\t\t<a class=\"elementor-button elementor-button-link elementor-size-sm\" href=\"https:\/\/www.ornamentmetal.de\/karriere\/\">\n\t\t\t\t\t\t<span class=\"elementor-button-content-wrapper\">\n\t\t\t\t\t\t\t\t\t<span class=\"elementor-button-text\">Karriere bei ornamentfetal<\/span>\n\t\t\t\t\t<\/span>\n\t\t\t\t\t<\/a>\n\t\t\t\t<\/div>\n\t\t\t\t\t\t\t\t<\/div>\n\t\t\t\t<\/div>\n\t\t\t\t\t<\/div>\n\t\t<\/div>\n\t\t\t\t<div class=\"elementor-column elementor-col-50 elementor-inner-column elementor-element elementor-element-9cb3dd6\" data-id=\"9cb3dd6\" data-element_type=\"column\">\n\t\t\t<div class=\"elementor-widget-wrap elementor-element-populated\">\n\t\t\t\t\t\t<div class=\"elementor-element elementor-element-2cc0992 elementor-align-justify elementor-widget elementor-widget-button\" data-id=\"2cc0992\" data-element_type=\"widget\" data-widget_type=\"button.default\">\n\t\t\t\t<div class=\"elementor-widget-container\">\n\t\t\t\t\t\t\t\t\t<div class=\"elementor-button-wrapper\">\n\t\t\t\t\t<a class=\"elementor-button elementor-button-link elementor-size-sm\" href=\"https:\/\/www.ornamentmetal.de\/warum-eine-ausbildung-eine-gute-idee-ist\/\">\n\t\t\t\t\t\t<span class=\"elementor-button-content-wrapper\">\n\t\t\t\t\t\t\t\t\t<span class=\"elementor-button-text\">Ausbildung als Metallbauer<\/span>\n\t\t\t\t\t<\/span>\n\t\t\t\t\t<\/a>\n\t\t\t\t<\/div>\n\t\t\t\t\t\t\t\t<\/div>\n\t\t\t\t<\/div>\n\t\t\t\t\t<\/div>\n\t\t<\/div>\n\t\t\t\t<div class=\"elementor-column elementor-col-50 elementor-inner-column elementor-element elementor-element-b58a057\" data-id=\"b58a057\" data-element_type=\"column\">\n\t\t\t<div class=\"elementor-widget-wrap elementor-element-populated\">\n\t\t\t\t\t\t<div class=\"elementor-element elementor-element-e9409a8 elementor-align-justify elementor-widget elementor-widget-button\" data-id=\"e9409a8\" data-element_type=\"widget\" data-widget_type=\"button.default\">\n\t\t\t\t<div class=\"elementor-widget-container\">\n\t\t\t\t\t\t\t\t\t<div class=\"elementor-button-wrapper\">\n\t\t\t\t\t<a class=\"elementor-button elementor-button-link elementor-size-sm\" href=\"https:\/\/www.ornamentmetal.de\/warum-handwerk-ein-job-der-zukunft-ist\/\">\n\t\t\t\t\t\t<span class=\"elementor-button-content-wrapper\">\n\t\t\t\t\t\t\t\t\t<span class=\"elementor-button-text\">Zukunftsjob Handwerker<\/span>\n\t\t\t\t\t<\/span>\n\t\t\t\t\t<\/a>\n\t\t\t\t<\/div>\n\t\t\t\t\t\t\t\t<\/div>\n\t\t\t\t<\/div>\n\t\t\t\t\t<\/div>\n\t\t<\/div>\n\t\t\t\t\t<\/div>\n\t\t<\/section>\n\t\t\t\t\t<\/div>\n\t\t<\/div>\n\t\t\t\t\t<\/div>\n\t\t<\/section>\n\t\t\t\t<\/div>\n\t\t","protected":false},"excerpt":{"rendered":"<p>Warum ein kleines Unternehmen ein guter Start f\u00fcr deine Karriere ist? Ein kleines Unternehmen wie die ornamentmetal GmbH ist\u00a0aus mehreren Gr\u00fcnden\u00a0ein guter Start f\u00fcr deine Karriere: Mehr Verantwortung: In einem kleinen Unternehmen wie wir es sind hast du die M\u00f6glichkeit, fr\u00fchzeitig mehr Verantwortung zu \u00fcbernehmen. Du kannst an vielf\u00e4ltigen Aufgaben arbeiten und hast die Chance, [&hellip;]<\/p>\n","protected":false},"author":1,"featured_media":0,"parent":0,"menu_order":0,"comment_status":"closed","ping_status":"closed","template":"","meta":{"content-type":"","footnotes":""},"class_list":["post-1146","page","type-page","status-publish","hentry"],"yoast_head":"<!-- This site is optimized with the Yoast SEO plugin v25.9 - https:\/\/yoast.com\/wordpress\/plugins\/seo\/ -->\n<title>Kleine Handwerksunternehmen als Start f\u00fcr die Karriere - ornamentmetal<\/title>\n<meta name=\"robots\" content=\"index, follow, max-snippet:-1, max-image-preview:large, max-video-preview:-1\" \/>\n<link rel=\"canonical\" href=\"https:\/\/www.ornamentmetal.de\/de\/kleine-handwerksunternehmen\/\" \/>\n<meta property=\"og:locale\" content=\"de_DE\" \/>\n<meta property=\"og:type\" content=\"article\" \/>\n<meta property=\"og:title\" content=\"Kleine Handwerksunternehmen als Start f\u00fcr die Karriere - ornamentmetal\" \/>\n<meta property=\"og:description\" content=\"Warum ein kleines Unternehmen ein guter Start f\u00fcr deine Karriere ist? Ein kleines Unternehmen wie die ornamentmetal GmbH ist\u00a0aus mehreren Gr\u00fcnden\u00a0ein guter Start f\u00fcr deine Karriere: Mehr Verantwortung: In einem kleinen Unternehmen wie wir es sind hast du die M\u00f6glichkeit, fr\u00fchzeitig mehr Verantwortung zu \u00fcbernehmen. Du kannst an vielf\u00e4ltigen Aufgaben arbeiten und hast die Chance, [&hellip;]\" \/>\n<meta property=\"og:url\" content=\"https:\/\/www.ornamentmetal.de\/de\/kleine-handwerksunternehmen\/\" \/>\n<meta property=\"og:site_name\" content=\"ornamentmetal\" \/>\n<meta property=\"article:modified_time\" content=\"2023-06-22T14:51:44+00:00\" \/>\n<meta property=\"og:image\" content=\"https:\/\/www.ornamentmetal.de\/wp-content\/uploads\/2023\/03\/IMG_8745-1024x683.jpg\" \/>\n<meta name=\"twitter:card\" content=\"summary_large_image\" \/>\n<meta name=\"twitter:label1\" content=\"Gesch\u00e4tzte Lesezeit\" \/>\n\t<meta name=\"twitter:data1\" content=\"2\u00a0Minuten\" \/>\n<script type=\"application\/ld+json\" class=\"yoast-schema-graph\">{\"@context\":\"https:\/\/schema.org\",\"@graph\":[{\"@type\":\"WebPage\",\"@id\":\"https:\/\/www.ornamentmetal.de\/de\/kleine-handwerksunternehmen\/\",\"url\":\"https:\/\/www.ornamentmetal.de\/de\/kleine-handwerksunternehmen\/\",\"name\":\"Kleine Handwerksunternehmen als Start f\u00fcr die Karriere - ornamentmetal\",\"isPartOf\":{\"@id\":\"https:\/\/www.ornamentmetal.de\/de\/#website\"},\"primaryImageOfPage\":{\"@id\":\"https:\/\/www.ornamentmetal.de\/de\/kleine-handwerksunternehmen\/#primaryimage\"},\"image\":{\"@id\":\"https:\/\/www.ornamentmetal.de\/de\/kleine-handwerksunternehmen\/#primaryimage\"},\"thumbnailUrl\":\"https:\/\/www.ornamentmetal.de\/wp-content\/uploads\/2023\/03\/IMG_8745-1024x683.jpg\",\"datePublished\":\"2023-06-17T18:17:31+00:00\",\"dateModified\":\"2023-06-22T14:51:44+00:00\",\"breadcrumb\":{\"@id\":\"https:\/\/www.ornamentmetal.de\/de\/kleine-handwerksunternehmen\/#breadcrumb\"},\"inLanguage\":\"de\",\"potentialAction\":[{\"@type\":\"ReadAction\",\"target\":[\"https:\/\/www.ornamentmetal.de\/de\/kleine-handwerksunternehmen\/\"]}]},{\"@type\":\"ImageObject\",\"inLanguage\":\"de\",\"@id\":\"https:\/\/www.ornamentmetal.de\/de\/kleine-handwerksunternehmen\/#primaryimage\",\"url\":\"https:\/\/www.ornamentmetal.de\/wp-content\/uploads\/2023\/03\/IMG_8745-1024x683.jpg\",\"contentUrl\":\"https:\/\/www.ornamentmetal.de\/wp-content\/uploads\/2023\/03\/IMG_8745-1024x683.jpg\"},{\"@type\":\"BreadcrumbList\",\"@id\":\"https:\/\/www.ornamentmetal.de\/de\/kleine-handwerksunternehmen\/#breadcrumb\",\"itemListElement\":[{\"@type\":\"ListItem\",\"position\":1,\"name\":\"Startseite\",\"item\":\"https:\/\/www.ornamentmetal.de\/\"},{\"@type\":\"ListItem\",\"position\":2,\"name\":\"Kleine Handwerksunternehmen als Start f\u00fcr die Karriere\"}]},{\"@type\":\"WebSite\",\"@id\":\"https:\/\/www.ornamentmetal.de\/de\/#website\",\"url\":\"https:\/\/www.ornamentmetal.de\/de\/\",\"name\":\"ornamentmetal\",\"description\":\"Metallgestaltung und Ornamente\",\"publisher\":{\"@id\":\"https:\/\/www.ornamentmetal.de\/de\/#organization\"},\"alternateName\":\"OM\",\"potentialAction\":[{\"@type\":\"SearchAction\",\"target\":{\"@type\":\"EntryPoint\",\"urlTemplate\":\"https:\/\/www.ornamentmetal.de\/de\/?s={search_term_string}\"},\"query-input\":{\"@type\":\"PropertyValueSpecification\",\"valueRequired\":true,\"valueName\":\"search_term_string\"}}],\"inLanguage\":\"de\"},{\"@type\":\"Organization\",\"@id\":\"https:\/\/www.ornamentmetal.de\/de\/#organization\",\"name\":\"ornamentmetal\",\"alternateName\":\"OM\",\"url\":\"https:\/\/www.ornamentmetal.de\/de\/\",\"logo\":{\"@type\":\"ImageObject\",\"inLanguage\":\"de\",\"@id\":\"https:\/\/www.ornamentmetal.de\/de\/#\/schema\/logo\/image\/\",\"url\":\"https:\/\/www.ornamentmetal.de\/wp-content\/uploads\/2023\/02\/logo.png\",\"contentUrl\":\"https:\/\/www.ornamentmetal.de\/wp-content\/uploads\/2023\/02\/logo.png\",\"width\":310,\"height\":94,\"caption\":\"ornamentmetal\"},\"image\":{\"@id\":\"https:\/\/www.ornamentmetal.de\/de\/#\/schema\/logo\/image\/\"},\"sameAs\":[\"https:\/\/www.instagram.com\/ornament.metal\/\"]}]}<\/script>\n<!-- \/ Yoast SEO plugin. -->","yoast_head_json":{"title":"Kleine Handwerksunternehmen als Start f\u00fcr die Karriere - ornamentmetal","robots":{"index":"index","follow":"follow","max-snippet":"max-snippet:-1","max-image-preview":"max-image-preview:large","max-video-preview":"max-video-preview:-1"},"canonical":"https:\/\/www.ornamentmetal.de\/de\/kleine-handwerksunternehmen\/","og_locale":"de_DE","og_type":"article","og_title":"Kleine Handwerksunternehmen als Start f\u00fcr die Karriere - ornamentmetal","og_description":"Warum ein kleines Unternehmen ein guter Start f\u00fcr deine Karriere ist? Ein kleines Unternehmen wie die ornamentmetal GmbH ist\u00a0aus mehreren Gr\u00fcnden\u00a0ein guter Start f\u00fcr deine Karriere: Mehr Verantwortung: In einem kleinen Unternehmen wie wir es sind hast du die M\u00f6glichkeit, fr\u00fchzeitig mehr Verantwortung zu \u00fcbernehmen. Du kannst an vielf\u00e4ltigen Aufgaben arbeiten und hast die Chance, [&hellip;]","og_url":"https:\/\/www.ornamentmetal.de\/de\/kleine-handwerksunternehmen\/","og_site_name":"ornamentmetal","article_modified_time":"2023-06-22T14:51:44+00:00","og_image":[{"url":"https:\/\/www.ornamentmetal.de\/wp-content\/uploads\/2023\/03\/IMG_8745-1024x683.jpg","type":"","width":"","height":""}],"twitter_card":"summary_large_image","twitter_misc":{"Gesch\u00e4tzte Lesezeit":"2\u00a0Minuten"},"schema":{"@context":"https:\/\/schema.org","@graph":[{"@type":"WebPage","@id":"https:\/\/www.ornamentmetal.de\/de\/kleine-handwerksunternehmen\/","url":"https:\/\/www.ornamentmetal.de\/de\/kleine-handwerksunternehmen\/","name":"Kleine Handwerksunternehmen als Start f\u00fcr die Karriere - ornamentmetal","isPartOf":{"@id":"https:\/\/www.ornamentmetal.de\/de\/#website"},"primaryImageOfPage":{"@id":"https:\/\/www.ornamentmetal.de\/de\/kleine-handwerksunternehmen\/#primaryimage"},"image":{"@id":"https:\/\/www.ornamentmetal.de\/de\/kleine-handwerksunternehmen\/#primaryimage"},"thumbnailUrl":"https:\/\/www.ornamentmetal.de\/wp-content\/uploads\/2023\/03\/IMG_8745-1024x683.jpg","datePublished":"2023-06-17T18:17:31+00:00","dateModified":"2023-06-22T14:51:44+00:00","breadcrumb":{"@id":"https:\/\/www.ornamentmetal.de\/de\/kleine-handwerksunternehmen\/#breadcrumb"},"inLanguage":"de","potentialAction":[{"@type":"ReadAction","target":["https:\/\/www.ornamentmetal.de\/de\/kleine-handwerksunternehmen\/"]}]},{"@type":"ImageObject","inLanguage":"de","@id":"https:\/\/www.ornamentmetal.de\/de\/kleine-handwerksunternehmen\/#primaryimage","url":"https:\/\/www.ornamentmetal.de\/wp-content\/uploads\/2023\/03\/IMG_8745-1024x683.jpg","contentUrl":"https:\/\/www.ornamentmetal.de\/wp-content\/uploads\/2023\/03\/IMG_8745-1024x683.jpg"},{"@type":"BreadcrumbList","@id":"https:\/\/www.ornamentmetal.de\/de\/kleine-handwerksunternehmen\/#breadcrumb","itemListElement":[{"@type":"ListItem","position":1,"name":"Startseite","item":"https:\/\/www.ornamentmetal.de\/"},{"@type":"ListItem","position":2,"name":"Kleine Handwerksunternehmen als Start f\u00fcr die Karriere"}]},{"@type":"WebSite","@id":"https:\/\/www.ornamentmetal.de\/de\/#website","url":"https:\/\/www.ornamentmetal.de\/de\/","name":"ornamentmetal","description":"Metallgestaltung und Ornamente","publisher":{"@id":"https:\/\/www.ornamentmetal.de\/de\/#organization"},"alternateName":"OM","potentialAction":[{"@type":"SearchAction","target":{"@type":"EntryPoint","urlTemplate":"https:\/\/www.ornamentmetal.de\/de\/?s={search_term_string}"},"query-input":{"@type":"PropertyValueSpecification","valueRequired":true,"valueName":"search_term_string"}}],"inLanguage":"de"},{"@type":"Organization","@id":"https:\/\/www.ornamentmetal.de\/de\/#organization","name":"ornamentmetal","alternateName":"OM","url":"https:\/\/www.ornamentmetal.de\/de\/","logo":{"@type":"ImageObject","inLanguage":"de","@id":"https:\/\/www.ornamentmetal.de\/de\/#\/schema\/logo\/image\/","url":"https:\/\/www.ornamentmetal.de\/wp-content\/uploads\/2023\/02\/logo.png","contentUrl":"https:\/\/www.ornamentmetal.de\/wp-content\/uploads\/2023\/02\/logo.png","width":310,"height":94,"caption":"ornamentmetal"},"image":{"@id":"https:\/\/www.ornamentmetal.de\/de\/#\/schema\/logo\/image\/"},"sameAs":["https:\/\/www.instagram.com\/ornament.metal\/"]}]}},"jetpack_sharing_enabled":true,"_links":{"self":[{"href":"https:\/\/www.ornamentmetal.de\/de\/wp-json\/wp\/v2\/pages\/1146","targetHints":{"allow":["GET"]}}],"collection":[{"href":"https:\/\/www.ornamentmetal.de\/de\/wp-json\/wp\/v2\/pages"}],"about":[{"href":"https:\/\/www.ornamentmetal.de\/de\/wp-json\/wp\/v2\/types\/page"}],"author":[{"embeddable":true,"href":"https:\/\/www.ornamentmetal.de\/de\/wp-json\/wp\/v2\/users\/1"}],"replies":[{"embeddable":true,"href":"https:\/\/www.ornamentmetal.de\/de\/wp-json\/wp\/v2\/comments?post=1146"}],"version-history":[{"count":12,"href":"https:\/\/www.ornamentmetal.de\/de\/wp-json\/wp\/v2\/pages\/1146\/revisions"}],"predecessor-version":[{"id":1251,"href":"https:\/\/www.ornamentmetal.de\/de\/wp-json\/wp\/v2\/pages\/1146\/revisions\/1251"}],"wp:attachment":[{"href":"https:\/\/www.ornamentmetal.de\/de\/wp-json\/wp\/v2\/media?parent=1146"}],"curies":[{"name":"wp","href":"https:\/\/api.w.org\/{rel}","templated":true}]}}