{"id":1330,"date":"2023-07-04T11:56:59","date_gmt":"2023-07-04T09:56:59","guid":{"rendered":"https:\/\/www.ornamentmetal.de\/?page_id=1330"},"modified":"2023-07-04T12:18:34","modified_gmt":"2023-07-04T10:18:34","slug":"gehalt-im-metallbau","status":"publish","type":"page","link":"https:\/\/www.ornamentmetal.de\/de\/gehalt-im-metallbau\/","title":{"rendered":"Gehalt im Metallbau"},"content":{"rendered":"\t\t<div data-elementor-type=\"wp-page\" data-elementor-id=\"1330\" class=\"elementor elementor-1330\" data-elementor-post-type=\"page\">\n\t\t\t\t\t\t<section class=\"elementor-section elementor-top-section elementor-element elementor-element-6d0859e elementor-section-boxed elementor-section-height-default elementor-section-height-default\" data-id=\"6d0859e\" data-element_type=\"section\">\n\t\t\t\t\t\t<div class=\"elementor-container elementor-column-gap-default\">\n\t\t\t\t\t<div class=\"elementor-column elementor-col-100 elementor-top-column elementor-element elementor-element-ccd5edb\" data-id=\"ccd5edb\" data-element_type=\"column\">\n\t\t\t<div class=\"elementor-widget-wrap elementor-element-populated\">\n\t\t\t\t\t\t<section class=\"elementor-section elementor-inner-section elementor-element elementor-element-6cd5811 elementor-section-boxed elementor-section-height-default elementor-section-height-default\" data-id=\"6cd5811\" data-element_type=\"section\">\n\t\t\t\t\t\t<div class=\"elementor-container elementor-column-gap-default\">\n\t\t\t\t\t<div class=\"elementor-column elementor-col-50 elementor-inner-column elementor-element elementor-element-a47aa31\" data-id=\"a47aa31\" data-element_type=\"column\">\n\t\t\t<div class=\"elementor-widget-wrap elementor-element-populated\">\n\t\t\t\t\t\t<div class=\"elementor-element elementor-element-58a6d22 elementor-widget elementor-widget-heading\" data-id=\"58a6d22\" data-element_type=\"widget\" data-widget_type=\"heading.default\">\n\t\t\t\t<div class=\"elementor-widget-container\">\n\t\t\t\t\t<h2 class=\"elementor-heading-title elementor-size-default\">Wie ist das Einstiegsgehalt im Metallbau?<\/h2>\t\t\t\t<\/div>\n\t\t\t\t<\/div>\n\t\t\t\t<div class=\"elementor-element elementor-element-94df4c8 elementor-widget elementor-widget-text-editor\" data-id=\"94df4c8\" data-element_type=\"widget\" data-widget_type=\"text-editor.default\">\n\t\t\t\t<div class=\"elementor-widget-container\">\n\t\t\t\t\t\t\t\t\t<p><span style=\"color: var( --e-global-color-text ); font-family: var( --e-global-typography-text-font-family ), Sans-serif; font-size: var( --e-global-typography-text-font-size ); font-style: var( --e-global-typography-text-font-style ); font-weight: var( --e-global-typography-text-font-weight ); letter-spacing: var( --e-global-typography-text-letter-spacing ); text-transform: var( --e-global-typography-text-text-transform ); background-color: var( --e-global-color-3d761f9 );\">Das Einstiegsgehalt im Metallbau kann je nach Qualifikation und Erfahrung variieren.\u00a0<\/span><span style=\"color: var( --e-global-color-text ); font-family: var( --e-global-typography-text-font-family ), Sans-serif; font-size: var( --e-global-typography-text-font-size ); font-style: var( --e-global-typography-text-font-style ); font-weight: var( --e-global-typography-text-font-weight ); letter-spacing: var( --e-global-typography-text-letter-spacing ); text-transform: var( --e-global-typography-text-text-transform ); background-color: var( --e-global-color-3d761f9 );\">Der Metallbau ist ein spannender Berufszweig, der eine Vielzahl von T\u00e4tigkeiten im Bereich der Metallverarbeitung umfasst. Wenn es um das Einstiegsgehalt im Metallbau geht, spielen verschiedene Qualifikationsstufen eine entscheidende Rolle.<\/span><\/p><ol><li><p><b>Ausbildung als Metallbauer\/in<\/b>: Der erste Schritt, um in den Metallbau einzusteigen, besteht in der Absolvierung einer <a href=\"https:\/\/www.ornamentmetal.de\/warum-eine-ausbildung-eine-gute-idee-ist\/\">Ausbildung als Metallbauer\/in<\/a>. W\u00e4hrend der Ausbildung erlernen angehende Metallbauer\/innen grundlegende Fertigkeiten und Techniken in Bereichen wie Metallbearbeitung, Schwei\u00dfen, Montage und Konstruktion. Das Einstiegsgehalt f\u00fcr Berufsanf\u00e4nger mit einer abgeschlossenen Ausbildung kann je nach Region und Unternehmen variieren. In der Regel liegt es jedoch im Durchschnittsbereich.\u00a0<\/p><\/li><li><p><b>Gesellenpr\u00fcfung und Weiterbildung<\/b>: Nach Abschluss der Ausbildung haben Metallbauer\/innen die M\u00f6glichkeit, ihre Qualifikationen weiter zu verbessern und ihr Einstiegsgehalt zu erh\u00f6hen. Durch das Bestehen der Gesellenpr\u00fcfung k\u00f6nnen sie den Status als ausgebildete Fachkr\u00e4fte erreichen. Dar\u00fcber hinaus k\u00f6nnen sie sich durch zus\u00e4tzliche Weiterbildungen, z.B. als Schwei\u00dffachmann\/-frau oder Techniker\/in f\u00fcr Metallbautechnik, spezialisieren und ihre Chancen auf ein h\u00f6heres Einstiegsgehalt verbessern.<\/p><\/li><li><p><b>Berufserfahrung und Verantwortung<\/b>: Mit zunehmender Berufserfahrung im Metallbau steigt in der Regel auch das Einstiegsgehalt. Je l\u00e4nger man in der Branche t\u00e4tig ist und verschiedene Projekte erfolgreich abgeschlossen hat, desto mehr Verantwortung kann man \u00fcbernehmen. Mit dem Fortschreiten der Karriere k\u00f6nnen Metallbauer\/innen in Positionen wie Werkstattleitung, Projektleitung oder Qualit\u00e4tskontrolle aufsteigen, was sich positiv auf ihr Gehalt auswirken kann. Dennoch kann man auch ohne Ausbildung einen <a href=\"https:\/\/www.ornamentmetal.de\/warum-der-quereinstieg-ins-handwerk-einfacher-als-in-andere-jobs-ist\/\">Quereinstieg<\/a> wagen.\u00a0<\/p><\/li><li><p><b>Spezialisierung und Zertifizierungen<\/b>: Eine weitere M\u00f6glichkeit, das Einstiegsgehalt im Metallbau zu steigern, besteht darin, sich auf spezifische Bereiche zu spezialisieren und entsprechende Zertifizierungen zu erwerben. Beispielsweise k\u00f6nnten Kenntnisse im Bereich Lasermaschinen-Steuerung oder Erfahrungen mit speziellen Materialien wie Edelstahl oder Aluminium zu einer h\u00f6heren Bezahlung f\u00fchren.<\/p><\/li><\/ol><p>Um das Einstiegsgehalt im Metallbau zu maximieren, ist es empfehlenswert, eine fundierte Ausbildung zu absolvieren, sich kontinuierlich weiterzubilden, Berufserfahrung zu sammeln und sich auf spezielle Bereiche zu spezialisieren. Indem man diese Schritte geht, hat man die besten Chancen, sowohl beruflich als auch finanziell erfolgreich im Metallbau durchzustarten.<\/p><p>Einen <b>Vergleich von Gehalt f\u00fcr Metallbauer<\/b> findet man zum Beispiel unter: <a href=\"https:\/\/www.gehaltsvergleich.com\/gehalt\/search?jobname=Metallbauer%2F-in&amp;location=Gro\u00dfr\u00e4schen&amp;radius=15\">Gehaltsvergleich.com<\/a> oder <a style=\"font-family: var( --e-global-typography-text-font-family ), Sans-serif; font-size: var( --e-global-typography-text-font-size ); font-style: var( --e-global-typography-text-font-style ); font-weight: var( --e-global-typography-text-font-weight ); letter-spacing: var( --e-global-typography-text-letter-spacing ); text-transform: var( --e-global-typography-text-text-transform );\" href=\"https:\/\/www.gehalt.de\/beruf\/metallbauer?location=Gro\u00dfr\u00e4schen\" target=\"_blank\" rel=\"noopener\">Gehalt.de<\/a>\u00a0<\/p><p><b>Bewirb dich bei uns mit deiner Erfahrung im Metallbau <\/b>und finde eine <a href=\"https:\/\/www.ornamentmetal.de\/karriere\/\">spannende Karriere<\/a> mit attraktiver Verg\u00fctung und Entwicklungsm\u00f6glichkeiten. Wir bieten ein motivierendes Arbeitsumfeld, vielf\u00e4ltige Projekte und die Chance, Teil eines engagierten Teams zu sein. Nutze die Gelegenheit und bewirb dich jetzt f\u00fcr eine vielversprechende Zukunft im Metallbau!<\/p>\t\t\t\t\t\t\t\t<\/div>\n\t\t\t\t<\/div>\n\t\t\t\t<div class=\"elementor-element elementor-element-f5e81aa elementor-align-center elementor-widget elementor-widget-button\" data-id=\"f5e81aa\" data-element_type=\"widget\" data-widget_type=\"button.default\">\n\t\t\t\t<div class=\"elementor-widget-container\">\n\t\t\t\t\t\t\t\t\t<div class=\"elementor-button-wrapper\">\n\t\t\t\t\t<a class=\"elementor-button elementor-button-link elementor-size-sm\" href=\"https:\/\/www.ornamentmetal.de\/bewerben\/\">\n\t\t\t\t\t\t<span class=\"elementor-button-content-wrapper\">\n\t\t\t\t\t\t\t\t\t<span class=\"elementor-button-text\">Bewirb dich jetzt!<\/span>\n\t\t\t\t\t<\/span>\n\t\t\t\t\t<\/a>\n\t\t\t\t<\/div>\n\t\t\t\t\t\t\t\t<\/div>\n\t\t\t\t<\/div>\n\t\t\t\t\t<\/div>\n\t\t<\/div>\n\t\t\t\t<div class=\"elementor-column elementor-col-50 elementor-inner-column elementor-element elementor-element-1e6d55b\" data-id=\"1e6d55b\" data-element_type=\"column\">\n\t\t\t<div class=\"elementor-widget-wrap elementor-element-populated\">\n\t\t\t\t\t\t<div class=\"elementor-element elementor-element-aab8aab elementor-widget elementor-widget-image\" data-id=\"aab8aab\" data-element_type=\"widget\" data-widget_type=\"image.default\">\n\t\t\t\t<div class=\"elementor-widget-container\">\n\t\t\t\t\t\t\t\t\t\t\t\t\t\t\t<img fetchpriority=\"high\" decoding=\"async\" width=\"800\" height=\"602\" src=\"https:\/\/www.ornamentmetal.de\/wp-content\/uploads\/2023\/03\/Victoriahoehe_Grossraeschen.jpeg\" class=\"attachment-large size-large wp-image-924\" alt=\"Victoriah\u00f6he Gro\u00dfr\u00e4schen ornamentmetal\" srcset=\"https:\/\/www.ornamentmetal.de\/wp-content\/uploads\/2023\/03\/Victoriahoehe_Grossraeschen.jpeg 1024w, https:\/\/www.ornamentmetal.de\/wp-content\/uploads\/2023\/03\/Victoriahoehe_Grossraeschen-300x226.jpeg 300w, https:\/\/www.ornamentmetal.de\/wp-content\/uploads\/2023\/03\/Victoriahoehe_Grossraeschen-768x578.jpeg 768w, https:\/\/www.ornamentmetal.de\/wp-content\/uploads\/2023\/03\/Victoriahoehe_Grossraeschen-16x12.jpeg 16w\" sizes=\"(max-width: 800px) 100vw, 800px\" \/>\t\t\t\t\t\t\t\t\t\t\t\t\t\t\t<\/div>\n\t\t\t\t<\/div>\n\t\t\t\t\t<\/div>\n\t\t<\/div>\n\t\t\t\t\t<\/div>\n\t\t<\/section>\n\t\t\t\t\t<\/div>\n\t\t<\/div>\n\t\t\t\t\t<\/div>\n\t\t<\/section>\n\t\t\t\t<\/div>\n\t\t","protected":false},"excerpt":{"rendered":"<p>Wie ist das Einstiegsgehalt im Metallbau? Das Einstiegsgehalt im Metallbau kann je nach Qualifikation und Erfahrung variieren.\u00a0Der Metallbau ist ein spannender Berufszweig, der eine Vielzahl von T\u00e4tigkeiten im Bereich der Metallverarbeitung umfasst. Wenn es um das Einstiegsgehalt im Metallbau geht, spielen verschiedene Qualifikationsstufen eine entscheidende Rolle. Ausbildung als Metallbauer\/in: Der erste Schritt, um in den [&hellip;]<\/p>\n","protected":false},"author":1,"featured_media":0,"parent":0,"menu_order":0,"comment_status":"closed","ping_status":"closed","template":"","meta":{"content-type":"","footnotes":""},"class_list":["post-1330","page","type-page","status-publish","hentry"],"yoast_head":"<!-- This site is optimized with the Yoast SEO plugin v25.9 - https:\/\/yoast.com\/wordpress\/plugins\/seo\/ -->\n<title>Gehalt im Metallbau - ornamentmetal<\/title>\n<meta name=\"description\" content=\"Vergleiche Gehaltsaussichten im Metallbau und finde heraus, was du f\u00fcr deine handwerklichen F\u00e4higkeiten verdienst.\" \/>\n<meta name=\"robots\" content=\"index, follow, max-snippet:-1, max-image-preview:large, max-video-preview:-1\" \/>\n<link rel=\"canonical\" href=\"https:\/\/www.ornamentmetal.de\/de\/gehalt-im-metallbau\/\" \/>\n<meta property=\"og:locale\" content=\"de_DE\" \/>\n<meta property=\"og:type\" content=\"article\" \/>\n<meta property=\"og:title\" content=\"Gehalt im Metallbau - ornamentmetal\" \/>\n<meta property=\"og:description\" content=\"Vergleiche Gehaltsaussichten im Metallbau und finde heraus, was du f\u00fcr deine handwerklichen F\u00e4higkeiten verdienst.\" \/>\n<meta property=\"og:url\" content=\"https:\/\/www.ornamentmetal.de\/de\/gehalt-im-metallbau\/\" \/>\n<meta property=\"og:site_name\" content=\"ornamentmetal\" \/>\n<meta property=\"article:modified_time\" content=\"2023-07-04T10:18:34+00:00\" \/>\n<meta property=\"og:image\" content=\"https:\/\/www.ornamentmetal.de\/wp-content\/uploads\/2023\/03\/Victoriahoehe_Grossraeschen.jpeg\" \/>\n<meta name=\"twitter:card\" content=\"summary_large_image\" \/>\n<meta name=\"twitter:label1\" content=\"Gesch\u00e4tzte Lesezeit\" \/>\n\t<meta name=\"twitter:data1\" content=\"3\u00a0Minuten\" \/>\n<script type=\"application\/ld+json\" class=\"yoast-schema-graph\">{\"@context\":\"https:\/\/schema.org\",\"@graph\":[{\"@type\":\"WebPage\",\"@id\":\"https:\/\/www.ornamentmetal.de\/de\/gehalt-im-metallbau\/\",\"url\":\"https:\/\/www.ornamentmetal.de\/de\/gehalt-im-metallbau\/\",\"name\":\"Gehalt im Metallbau - ornamentmetal\",\"isPartOf\":{\"@id\":\"https:\/\/www.ornamentmetal.de\/de\/#website\"},\"primaryImageOfPage\":{\"@id\":\"https:\/\/www.ornamentmetal.de\/de\/gehalt-im-metallbau\/#primaryimage\"},\"image\":{\"@id\":\"https:\/\/www.ornamentmetal.de\/de\/gehalt-im-metallbau\/#primaryimage\"},\"thumbnailUrl\":\"https:\/\/www.ornamentmetal.de\/wp-content\/uploads\/2023\/03\/Victoriahoehe_Grossraeschen.jpeg\",\"datePublished\":\"2023-07-04T09:56:59+00:00\",\"dateModified\":\"2023-07-04T10:18:34+00:00\",\"description\":\"Vergleiche Gehaltsaussichten im Metallbau und finde heraus, was du f\u00fcr deine handwerklichen F\u00e4higkeiten verdienst.\",\"breadcrumb\":{\"@id\":\"https:\/\/www.ornamentmetal.de\/de\/gehalt-im-metallbau\/#breadcrumb\"},\"inLanguage\":\"de\",\"potentialAction\":[{\"@type\":\"ReadAction\",\"target\":[\"https:\/\/www.ornamentmetal.de\/de\/gehalt-im-metallbau\/\"]}]},{\"@type\":\"ImageObject\",\"inLanguage\":\"de\",\"@id\":\"https:\/\/www.ornamentmetal.de\/de\/gehalt-im-metallbau\/#primaryimage\",\"url\":\"https:\/\/www.ornamentmetal.de\/wp-content\/uploads\/2023\/03\/Victoriahoehe_Grossraeschen.jpeg\",\"contentUrl\":\"https:\/\/www.ornamentmetal.de\/wp-content\/uploads\/2023\/03\/Victoriahoehe_Grossraeschen.jpeg\"},{\"@type\":\"BreadcrumbList\",\"@id\":\"https:\/\/www.ornamentmetal.de\/de\/gehalt-im-metallbau\/#breadcrumb\",\"itemListElement\":[{\"@type\":\"ListItem\",\"position\":1,\"name\":\"Startseite\",\"item\":\"https:\/\/www.ornamentmetal.de\/\"},{\"@type\":\"ListItem\",\"position\":2,\"name\":\"Gehalt im Metallbau\"}]},{\"@type\":\"WebSite\",\"@id\":\"https:\/\/www.ornamentmetal.de\/de\/#website\",\"url\":\"https:\/\/www.ornamentmetal.de\/de\/\",\"name\":\"ornamentmetal\",\"description\":\"Metallgestaltung und Ornamente\",\"publisher\":{\"@id\":\"https:\/\/www.ornamentmetal.de\/de\/#organization\"},\"alternateName\":\"OM\",\"potentialAction\":[{\"@type\":\"SearchAction\",\"target\":{\"@type\":\"EntryPoint\",\"urlTemplate\":\"https:\/\/www.ornamentmetal.de\/de\/?s={search_term_string}\"},\"query-input\":{\"@type\":\"PropertyValueSpecification\",\"valueRequired\":true,\"valueName\":\"search_term_string\"}}],\"inLanguage\":\"de\"},{\"@type\":\"Organization\",\"@id\":\"https:\/\/www.ornamentmetal.de\/de\/#organization\",\"name\":\"ornamentmetal\",\"alternateName\":\"OM\",\"url\":\"https:\/\/www.ornamentmetal.de\/de\/\",\"logo\":{\"@type\":\"ImageObject\",\"inLanguage\":\"de\",\"@id\":\"https:\/\/www.ornamentmetal.de\/de\/#\/schema\/logo\/image\/\",\"url\":\"https:\/\/www.ornamentmetal.de\/wp-content\/uploads\/2023\/02\/logo.png\",\"contentUrl\":\"https:\/\/www.ornamentmetal.de\/wp-content\/uploads\/2023\/02\/logo.png\",\"width\":310,\"height\":94,\"caption\":\"ornamentmetal\"},\"image\":{\"@id\":\"https:\/\/www.ornamentmetal.de\/de\/#\/schema\/logo\/image\/\"},\"sameAs\":[\"https:\/\/www.instagram.com\/ornament.metal\/\"]}]}<\/script>\n<!-- \/ Yoast SEO plugin. -->","yoast_head_json":{"title":"Gehalt im Metallbau - ornamentmetal","description":"Vergleiche Gehaltsaussichten im Metallbau und finde heraus, was du f\u00fcr deine handwerklichen F\u00e4higkeiten verdienst.","robots":{"index":"index","follow":"follow","max-snippet":"max-snippet:-1","max-image-preview":"max-image-preview:large","max-video-preview":"max-video-preview:-1"},"canonical":"https:\/\/www.ornamentmetal.de\/de\/gehalt-im-metallbau\/","og_locale":"de_DE","og_type":"article","og_title":"Gehalt im Metallbau - ornamentmetal","og_description":"Vergleiche Gehaltsaussichten im Metallbau und finde heraus, was du f\u00fcr deine handwerklichen F\u00e4higkeiten verdienst.","og_url":"https:\/\/www.ornamentmetal.de\/de\/gehalt-im-metallbau\/","og_site_name":"ornamentmetal","article_modified_time":"2023-07-04T10:18:34+00:00","og_image":[{"url":"https:\/\/www.ornamentmetal.de\/wp-content\/uploads\/2023\/03\/Victoriahoehe_Grossraeschen.jpeg","type":"","width":"","height":""}],"twitter_card":"summary_large_image","twitter_misc":{"Gesch\u00e4tzte Lesezeit":"3\u00a0Minuten"},"schema":{"@context":"https:\/\/schema.org","@graph":[{"@type":"WebPage","@id":"https:\/\/www.ornamentmetal.de\/de\/gehalt-im-metallbau\/","url":"https:\/\/www.ornamentmetal.de\/de\/gehalt-im-metallbau\/","name":"Gehalt im Metallbau - ornamentmetal","isPartOf":{"@id":"https:\/\/www.ornamentmetal.de\/de\/#website"},"primaryImageOfPage":{"@id":"https:\/\/www.ornamentmetal.de\/de\/gehalt-im-metallbau\/#primaryimage"},"image":{"@id":"https:\/\/www.ornamentmetal.de\/de\/gehalt-im-metallbau\/#primaryimage"},"thumbnailUrl":"https:\/\/www.ornamentmetal.de\/wp-content\/uploads\/2023\/03\/Victoriahoehe_Grossraeschen.jpeg","datePublished":"2023-07-04T09:56:59+00:00","dateModified":"2023-07-04T10:18:34+00:00","description":"Vergleiche Gehaltsaussichten im Metallbau und finde heraus, was du f\u00fcr deine handwerklichen F\u00e4higkeiten verdienst.","breadcrumb":{"@id":"https:\/\/www.ornamentmetal.de\/de\/gehalt-im-metallbau\/#breadcrumb"},"inLanguage":"de","potentialAction":[{"@type":"ReadAction","target":["https:\/\/www.ornamentmetal.de\/de\/gehalt-im-metallbau\/"]}]},{"@type":"ImageObject","inLanguage":"de","@id":"https:\/\/www.ornamentmetal.de\/de\/gehalt-im-metallbau\/#primaryimage","url":"https:\/\/www.ornamentmetal.de\/wp-content\/uploads\/2023\/03\/Victoriahoehe_Grossraeschen.jpeg","contentUrl":"https:\/\/www.ornamentmetal.de\/wp-content\/uploads\/2023\/03\/Victoriahoehe_Grossraeschen.jpeg"},{"@type":"BreadcrumbList","@id":"https:\/\/www.ornamentmetal.de\/de\/gehalt-im-metallbau\/#breadcrumb","itemListElement":[{"@type":"ListItem","position":1,"name":"Startseite","item":"https:\/\/www.ornamentmetal.de\/"},{"@type":"ListItem","position":2,"name":"Gehalt im Metallbau"}]},{"@type":"WebSite","@id":"https:\/\/www.ornamentmetal.de\/de\/#website","url":"https:\/\/www.ornamentmetal.de\/de\/","name":"ornamentmetal","description":"Metallgestaltung und Ornamente","publisher":{"@id":"https:\/\/www.ornamentmetal.de\/de\/#organization"},"alternateName":"OM","potentialAction":[{"@type":"SearchAction","target":{"@type":"EntryPoint","urlTemplate":"https:\/\/www.ornamentmetal.de\/de\/?s={search_term_string}"},"query-input":{"@type":"PropertyValueSpecification","valueRequired":true,"valueName":"search_term_string"}}],"inLanguage":"de"},{"@type":"Organization","@id":"https:\/\/www.ornamentmetal.de\/de\/#organization","name":"ornamentmetal","alternateName":"OM","url":"https:\/\/www.ornamentmetal.de\/de\/","logo":{"@type":"ImageObject","inLanguage":"de","@id":"https:\/\/www.ornamentmetal.de\/de\/#\/schema\/logo\/image\/","url":"https:\/\/www.ornamentmetal.de\/wp-content\/uploads\/2023\/02\/logo.png","contentUrl":"https:\/\/www.ornamentmetal.de\/wp-content\/uploads\/2023\/02\/logo.png","width":310,"height":94,"caption":"ornamentmetal"},"image":{"@id":"https:\/\/www.ornamentmetal.de\/de\/#\/schema\/logo\/image\/"},"sameAs":["https:\/\/www.instagram.com\/ornament.metal\/"]}]}},"jetpack_sharing_enabled":true,"_links":{"self":[{"href":"https:\/\/www.ornamentmetal.de\/de\/wp-json\/wp\/v2\/pages\/1330","targetHints":{"allow":["GET"]}}],"collection":[{"href":"https:\/\/www.ornamentmetal.de\/de\/wp-json\/wp\/v2\/pages"}],"about":[{"href":"https:\/\/www.ornamentmetal.de\/de\/wp-json\/wp\/v2\/types\/page"}],"author":[{"embeddable":true,"href":"https:\/\/www.ornamentmetal.de\/de\/wp-json\/wp\/v2\/users\/1"}],"replies":[{"embeddable":true,"href":"https:\/\/www.ornamentmetal.de\/de\/wp-json\/wp\/v2\/comments?post=1330"}],"version-history":[{"count":12,"href":"https:\/\/www.ornamentmetal.de\/de\/wp-json\/wp\/v2\/pages\/1330\/revisions"}],"predecessor-version":[{"id":1346,"href":"https:\/\/www.ornamentmetal.de\/de\/wp-json\/wp\/v2\/pages\/1330\/revisions\/1346"}],"wp:attachment":[{"href":"https:\/\/www.ornamentmetal.de\/de\/wp-json\/wp\/v2\/media?parent=1330"}],"curies":[{"name":"wp","href":"https:\/\/api.w.org\/{rel}","templated":true}]}}