{"id":1548,"date":"2023-07-11T06:51:49","date_gmt":"2023-07-11T04:51:49","guid":{"rendered":"https:\/\/www.ornamentmetal.de\/?page_id=1548"},"modified":"2025-05-09T13:17:00","modified_gmt":"2025-05-09T11:17:00","slug":"ausbildungsinhalte-metallbauer","status":"publish","type":"page","link":"https:\/\/www.ornamentmetal.de\/de\/ausbildungsinhalte-metallbauer\/","title":{"rendered":"Ausbildungsinhalte Metallbauer"},"content":{"rendered":"\t\t<div data-elementor-type=\"wp-page\" data-elementor-id=\"1548\" class=\"elementor elementor-1548\" data-elementor-post-type=\"page\">\n\t\t\t\t\t\t<section class=\"elementor-section elementor-top-section elementor-element elementor-element-4c1a9aa elementor-section-boxed elementor-section-height-default elementor-section-height-default\" data-id=\"4c1a9aa\" data-element_type=\"section\">\n\t\t\t\t\t\t<div class=\"elementor-container elementor-column-gap-default\">\n\t\t\t\t\t<div class=\"elementor-column elementor-col-100 elementor-top-column elementor-element elementor-element-2079401\" data-id=\"2079401\" data-element_type=\"column\">\n\t\t\t<div class=\"elementor-widget-wrap elementor-element-populated\">\n\t\t\t\t\t\t<div class=\"elementor-element elementor-element-8dde829 elementor-widget elementor-widget-heading\" data-id=\"8dde829\" data-element_type=\"widget\" data-widget_type=\"heading.default\">\n\t\t\t\t<div class=\"elementor-widget-container\">\n\t\t\t\t\t<h2 class=\"elementor-heading-title elementor-size-default\">Wie ist die Ausbildung zum Metallbauer aufgebaut? <\/h2>\t\t\t\t<\/div>\n\t\t\t\t<\/div>\n\t\t\t\t\t<\/div>\n\t\t<\/div>\n\t\t\t\t\t<\/div>\n\t\t<\/section>\n\t\t\t\t<section class=\"elementor-section elementor-top-section elementor-element elementor-element-5207c33 elementor-section-boxed elementor-section-height-default elementor-section-height-default\" data-id=\"5207c33\" data-element_type=\"section\">\n\t\t\t\t\t\t<div class=\"elementor-container elementor-column-gap-default\">\n\t\t\t\t\t<div class=\"elementor-column elementor-col-66 elementor-top-column elementor-element elementor-element-1b02895\" data-id=\"1b02895\" data-element_type=\"column\">\n\t\t\t<div class=\"elementor-widget-wrap elementor-element-populated\">\n\t\t\t\t\t\t<div class=\"elementor-element elementor-element-af60fa0 elementor-widget elementor-widget-text-editor\" data-id=\"af60fa0\" data-element_type=\"widget\" data-widget_type=\"text-editor.default\">\n\t\t\t\t<div class=\"elementor-widget-container\">\n\t\t\t\t\t\t\t\t\t<p>Ausbildungsinhalte eines Metallbauers umfassen eine Vielzahl von F\u00e4higkeiten und Kenntnissen im Bereich der\u00a0<b>Metallverarbeitung<\/b>. Die Ausbildungsdauer betr\u00e4gt in der Regel\u00a0<strong>dreieinhalb Jahre (3,5 Jahre)<\/strong>\u00a0und ist <strong>dual<\/strong> aufgebaut, das hei\u00dft, sie findet sowohl im Ausbildungsbetrieb als auch in der Berufsschule statt. Hier die Details&#8230;<\/p><h2><b>Kompetenzen:\u00a0<\/b><\/h2><ol><li><p><b>Metallbearbeitungstechniken<\/b>: Metallbauer erlernen verschiedene Techniken zur Bearbeitung von Metallen wie Schneiden, Biegen, Schwei\u00dfen, L\u00f6ten und Feilen. Sie lernen den Umgang mit verschiedenen Werkzeugen und Maschinen, um Metallteile nach Plan zu formen und zu montieren.<\/p><\/li><li><p><b>Technische Zeichnungen und Pl\u00e4ne lesen:<\/b>\u00a0Metallbauer m\u00fcssen in der Lage sein, technische Zeichnungen und Pl\u00e4ne zu verstehen, um die erforderlichen Ma\u00dfe, Materialien und Arbeitsschritte zu erkennen. Sie lernen, technische Zeichnungen zu interpretieren und daraus die notwendigen Schritte f\u00fcr die Fertigung abzuleiten. Des weiteren m\u00fcssen sie in der Lage sein \u00a0<\/p><\/li><li><p><b>Metallkonstruktionen:<\/b>\u00a0Metallbauer erstellen Konstruktionen aus Metall wie Gel\u00e4nder, Treppen, Tore, Fensterrahmen und Fassadenelemente. Sie lernen, Metallteile pr\u00e4zise zu vermessen, zu schneiden und zu verbinden, um stabile und \u00e4sthetisch ansprechende Konstruktionen herzustellen.<\/p><\/li><li><p><b>Montage und Installation:\u00a0<\/b>Metallbauer erlernen die Montage und Installation von Metallkonstruktionen vor Ort. Sie lernen, die Konstruktionsteile sicher zu transportieren und gem\u00e4\u00df den gegebenen Vorgaben fachgerecht zu montieren.<\/p><\/li><li><p><b>Sicherheitsbestimmungen:<\/b>\u00a0Sicherheit spielt in der Metallbauausbildung eine zentrale Rolle. Metallbauer werden in den Umgang mit pers\u00f6nlicher Schutzausr\u00fcstung, sicheren Arbeitsverfahren und dem Verst\u00e4ndnis von Gefahrenquellen eingewiesen. Sie lernen, Sicherheitsvorschriften einzuhalten, um Unf\u00e4lle zu vermeiden.<\/p><\/li><\/ol><h2><b>Vorgehensweise:\u00a0<\/b><\/h2><p>Die\u00a0<a href=\"https:\/\/www.zdh.de\/ueber-uns\/fachbereich-berufliche-bildung\/ausbildung\/duale-ausbildung-in-11-sprachen\/ausbildung-im-deutschen-handwerk\/\" target=\"_blank\" rel=\"noopener\">duale Ausbildung<\/a>\u00a0hat den Vorteil, dass in der Schule die sogenannte <b>\u00dcLU<\/b> (\u00dcberbetriebliche Lehrlingsunterweisung) in den Berufsschulen stattfindet und dadurch eine zentrale gleichwertige Ausbildung und auch ein Auszubildenden einen Austausch und Ideen bekommen, wie der Beruf und Arbeit in anderen Unternehmen aussieht. Daneben gibt es ebenso bei uns durch unsere Gesellen und Meister individuelle Betreuung, so dass wir auf die individuellen Anforderungen und Bed\u00fcrfnisse unserer Auszubildenden eingehen k\u00f6nnen.<\/p><p>Es besteht bei herausragenden Auszubildenden die M\u00f6glichkeit die Ausbildung auf bis zu 2 Jahre zu verk\u00fcrzen. Das hei\u00dft, dass man 1,5 Jahre verk\u00fcrzen kann. \u00a0\u00a0<\/p><p>Zus\u00e4tzlich haben unsere Auszubildende die M\u00f6glichkeit in der Ausbildung <b>auch andere Unternehmen kennenzulernen<\/b> und werden in moderne Technologie wie <b>Laserschneiden<\/b> und <b>Schwei\u00dfroboter<\/b> eingef\u00fchrt.\u00a0<\/p>\t\t\t\t\t\t\t\t<\/div>\n\t\t\t\t<\/div>\n\t\t\t\t<div class=\"elementor-element elementor-element-d5f657a elementor-align-center elementor-widget elementor-widget-button\" data-id=\"d5f657a\" data-element_type=\"widget\" data-widget_type=\"button.default\">\n\t\t\t\t<div class=\"elementor-widget-container\">\n\t\t\t\t\t\t\t\t\t<div class=\"elementor-button-wrapper\">\n\t\t\t\t\t<a class=\"elementor-button elementor-button-link elementor-size-sm\" href=\"https:\/\/www.ornamentmetal.de\/warum-eine-ausbildung-eine-gute-idee-ist\/\">\n\t\t\t\t\t\t<span class=\"elementor-button-content-wrapper\">\n\t\t\t\t\t\t\t\t\t<span class=\"elementor-button-text\">Warum eine Ausbildung eine gute Idee ist?<\/span>\n\t\t\t\t\t<\/span>\n\t\t\t\t\t<\/a>\n\t\t\t\t<\/div>\n\t\t\t\t\t\t\t\t<\/div>\n\t\t\t\t<\/div>\n\t\t\t\t\t<\/div>\n\t\t<\/div>\n\t\t\t\t<div class=\"elementor-column elementor-col-33 elementor-top-column elementor-element elementor-element-596a6c9\" data-id=\"596a6c9\" data-element_type=\"column\">\n\t\t\t<div class=\"elementor-widget-wrap elementor-element-populated\">\n\t\t\t\t\t\t<div class=\"elementor-element elementor-element-9759fe9 elementor-invisible elementor-widget elementor-widget-image\" data-id=\"9759fe9\" data-element_type=\"widget\" data-settings=\"{&quot;_animation&quot;:&quot;fadeInRight&quot;}\" data-widget_type=\"image.default\">\n\t\t\t\t<div class=\"elementor-widget-container\">\n\t\t\t\t\t\t\t\t\t\t\t\t\t\t\t<img fetchpriority=\"high\" decoding=\"async\" width=\"800\" height=\"534\" src=\"https:\/\/www.ornamentmetal.de\/wp-content\/uploads\/2023\/03\/IMG_8939-1024x683.jpg\" class=\"attachment-large size-large wp-image-331\" alt=\"2 Mitarbeiter am Programmieren des Lasers\" srcset=\"https:\/\/www.ornamentmetal.de\/wp-content\/uploads\/2023\/03\/IMG_8939-1024x683.jpg 1024w, https:\/\/www.ornamentmetal.de\/wp-content\/uploads\/2023\/03\/IMG_8939-300x200.jpg 300w, https:\/\/www.ornamentmetal.de\/wp-content\/uploads\/2023\/03\/IMG_8939-768x512.jpg 768w, https:\/\/www.ornamentmetal.de\/wp-content\/uploads\/2023\/03\/IMG_8939-1536x1024.jpg 1536w, https:\/\/www.ornamentmetal.de\/wp-content\/uploads\/2023\/03\/IMG_8939-scaled.jpg 1800w, https:\/\/www.ornamentmetal.de\/wp-content\/uploads\/2023\/03\/IMG_8939-18x12.jpg 18w\" sizes=\"(max-width: 800px) 100vw, 800px\" \/>\t\t\t\t\t\t\t\t\t\t\t\t\t\t\t<\/div>\n\t\t\t\t<\/div>\n\t\t\t\t<div class=\"elementor-element elementor-element-27d867a elementor-widget elementor-widget-image\" data-id=\"27d867a\" data-element_type=\"widget\" data-widget_type=\"image.default\">\n\t\t\t\t<div class=\"elementor-widget-container\">\n\t\t\t\t\t\t\t\t\t\t\t\t<figure class=\"wp-caption\">\n\t\t\t\t\t\t\t\t\t\t<img decoding=\"async\" src=\"https:\/\/www.ornamentmetal.de\/wp-content\/uploads\/elementor\/thumbs\/Tim_circle-qfz7jgco2ib4flckhmi8xlbh6a5sacevfczmxzg0qg.png\" title=\"Tim_circle\" alt=\"Tim im Kreis\" loading=\"lazy\" \/>\t\t\t\t\t\t\t\t\t\t\t<figcaption class=\"widget-image-caption wp-caption-text\"><\/figcaption>\n\t\t\t\t\t\t\t\t\t\t<\/figure>\n\t\t\t\t\t\t\t\t\t<\/div>\n\t\t\t\t<\/div>\n\t\t\t\t<div class=\"elementor-element elementor-element-6e2be57 elementor-widget elementor-widget-text-editor\" data-id=\"6e2be57\" data-element_type=\"widget\" data-widget_type=\"text-editor.default\">\n\t\t\t\t<div class=\"elementor-widget-container\">\n\t\t\t\t\t\t\t\t\t<p style=\"text-align: center;\">Frag am besten unsere Auszubildenden und beginn mit einem Praktikum bei ornamentmetal &#8230; werde Teil des Teams!<\/p>\t\t\t\t\t\t\t\t<\/div>\n\t\t\t\t<\/div>\n\t\t\t\t\t<\/div>\n\t\t<\/div>\n\t\t\t\t\t<\/div>\n\t\t<\/section>\n\t\t\t\t<section class=\"elementor-section elementor-top-section elementor-element elementor-element-1e72045 elementor-section-boxed elementor-section-height-default elementor-section-height-default\" data-id=\"1e72045\" data-element_type=\"section\">\n\t\t\t\t\t\t<div class=\"elementor-container elementor-column-gap-default\">\n\t\t\t\t\t<div class=\"elementor-column elementor-col-25 elementor-top-column elementor-element elementor-element-857a105\" data-id=\"857a105\" data-element_type=\"column\">\n\t\t\t<div class=\"elementor-widget-wrap elementor-element-populated\">\n\t\t\t\t\t\t<div class=\"elementor-element elementor-element-47fcf89 elementor-view-default elementor-widget elementor-widget-icon\" data-id=\"47fcf89\" data-element_type=\"widget\" data-widget_type=\"icon.default\">\n\t\t\t\t<div class=\"elementor-widget-container\">\n\t\t\t\t\t\t\t<div class=\"elementor-icon-wrapper\">\n\t\t\t<div class=\"elementor-icon\">\n\t\t\t<i aria-hidden=\"true\" class=\"far fa-clock\"><\/i>\t\t\t<\/div>\n\t\t<\/div>\n\t\t\t\t\t\t<\/div>\n\t\t\t\t<\/div>\n\t\t\t\t<div class=\"elementor-element elementor-element-cf115ae elementor-widget elementor-widget-text-editor\" data-id=\"cf115ae\" data-element_type=\"widget\" data-widget_type=\"text-editor.default\">\n\t\t\t\t<div class=\"elementor-widget-container\">\n\t\t\t\t\t\t\t\t\t<p style=\"text-align: center;\"><strong>Dauer 3,5 Jahre<\/strong><\/p>\t\t\t\t\t\t\t\t<\/div>\n\t\t\t\t<\/div>\n\t\t\t\t\t<\/div>\n\t\t<\/div>\n\t\t\t\t<div class=\"elementor-column elementor-col-25 elementor-top-column elementor-element elementor-element-c0859d2\" data-id=\"c0859d2\" data-element_type=\"column\">\n\t\t\t<div class=\"elementor-widget-wrap elementor-element-populated\">\n\t\t\t\t\t\t<div class=\"elementor-element elementor-element-28049ad elementor-view-default elementor-widget elementor-widget-icon\" data-id=\"28049ad\" data-element_type=\"widget\" data-widget_type=\"icon.default\">\n\t\t\t\t<div class=\"elementor-widget-container\">\n\t\t\t\t\t\t\t<div class=\"elementor-icon-wrapper\">\n\t\t\t<div class=\"elementor-icon\">\n\t\t\t<i aria-hidden=\"true\" class=\"fas fa-sync-alt\"><\/i>\t\t\t<\/div>\n\t\t<\/div>\n\t\t\t\t\t\t<\/div>\n\t\t\t\t<\/div>\n\t\t\t\t<div class=\"elementor-element elementor-element-fdb6571 elementor-widget elementor-widget-text-editor\" data-id=\"fdb6571\" data-element_type=\"widget\" data-widget_type=\"text-editor.default\">\n\t\t\t\t<div class=\"elementor-widget-container\">\n\t\t\t\t\t\t\t\t\t<p style=\"text-align: center;\">Duale Ausbildung\u00a0<\/p>\t\t\t\t\t\t\t\t<\/div>\n\t\t\t\t<\/div>\n\t\t\t\t\t<\/div>\n\t\t<\/div>\n\t\t\t\t<div class=\"elementor-column elementor-col-25 elementor-top-column elementor-element elementor-element-c4da42a\" data-id=\"c4da42a\" data-element_type=\"column\">\n\t\t\t<div class=\"elementor-widget-wrap elementor-element-populated\">\n\t\t\t\t\t\t<div class=\"elementor-element elementor-element-8227132 elementor-view-default elementor-widget elementor-widget-icon\" data-id=\"8227132\" data-element_type=\"widget\" data-widget_type=\"icon.default\">\n\t\t\t\t<div class=\"elementor-widget-container\">\n\t\t\t\t\t\t\t<div class=\"elementor-icon-wrapper\">\n\t\t\t<div class=\"elementor-icon\">\n\t\t\t<i aria-hidden=\"true\" class=\"fas fa-wrench\"><\/i>\t\t\t<\/div>\n\t\t<\/div>\n\t\t\t\t\t\t<\/div>\n\t\t\t\t<\/div>\n\t\t\t\t<div class=\"elementor-element elementor-element-81a5b42 elementor-widget elementor-widget-text-editor\" data-id=\"81a5b42\" data-element_type=\"widget\" data-widget_type=\"text-editor.default\">\n\t\t\t\t<div class=\"elementor-widget-container\">\n\t\t\t\t\t\t\t\t\t<p style=\"text-align: center;\">Vielf\u00e4ltige Kenntnisse<\/p>\t\t\t\t\t\t\t\t<\/div>\n\t\t\t\t<\/div>\n\t\t\t\t\t<\/div>\n\t\t<\/div>\n\t\t\t\t<div class=\"elementor-column elementor-col-25 elementor-top-column elementor-element elementor-element-1988678\" data-id=\"1988678\" data-element_type=\"column\">\n\t\t\t<div class=\"elementor-widget-wrap elementor-element-populated\">\n\t\t\t\t\t\t<div class=\"elementor-element elementor-element-6eca89e elementor-view-default elementor-widget elementor-widget-icon\" data-id=\"6eca89e\" data-element_type=\"widget\" data-widget_type=\"icon.default\">\n\t\t\t\t<div class=\"elementor-widget-container\">\n\t\t\t\t\t\t\t<div class=\"elementor-icon-wrapper\">\n\t\t\t<div class=\"elementor-icon\">\n\t\t\t<i aria-hidden=\"true\" class=\"fas fa-trophy\"><\/i>\t\t\t<\/div>\n\t\t<\/div>\n\t\t\t\t\t\t<\/div>\n\t\t\t\t<\/div>\n\t\t\t\t<div class=\"elementor-element elementor-element-4459479 elementor-widget elementor-widget-text-editor\" data-id=\"4459479\" data-element_type=\"widget\" data-widget_type=\"text-editor.default\">\n\t\t\t\t<div class=\"elementor-widget-container\">\n\t\t\t\t\t\t\t\t\t<p style=\"text-align: center;\">Zus\u00e4tzliche Qualifikationen<\/p>\t\t\t\t\t\t\t\t<\/div>\n\t\t\t\t<\/div>\n\t\t\t\t\t<\/div>\n\t\t<\/div>\n\t\t\t\t\t<\/div>\n\t\t<\/section>\n\t\t\t\t<section class=\"elementor-section elementor-top-section elementor-element elementor-element-fe1fe3e elementor-section-boxed elementor-section-height-default elementor-section-height-default\" data-id=\"fe1fe3e\" data-element_type=\"section\">\n\t\t\t\t\t\t<div class=\"elementor-container elementor-column-gap-default\">\n\t\t\t\t\t<div class=\"elementor-column elementor-col-100 elementor-top-column elementor-element elementor-element-e4e842c\" data-id=\"e4e842c\" data-element_type=\"column\">\n\t\t\t<div class=\"elementor-widget-wrap elementor-element-populated\">\n\t\t\t\t\t\t<div class=\"elementor-element elementor-element-bf48cee elementor-align-center elementor-widget elementor-widget-button\" data-id=\"bf48cee\" data-element_type=\"widget\" data-widget_type=\"button.default\">\n\t\t\t\t<div class=\"elementor-widget-container\">\n\t\t\t\t\t\t\t\t\t<div class=\"elementor-button-wrapper\">\n\t\t\t\t\t<a class=\"elementor-button elementor-button-link elementor-size-lg\" href=\"https:\/\/www.ornamentmetal.de\/bewerben\/\">\n\t\t\t\t\t\t<span class=\"elementor-button-content-wrapper\">\n\t\t\t\t\t\t\t\t\t<span class=\"elementor-button-text\">Bewirb dich jetzt!<\/span>\n\t\t\t\t\t<\/span>\n\t\t\t\t\t<\/a>\n\t\t\t\t<\/div>\n\t\t\t\t\t\t\t\t<\/div>\n\t\t\t\t<\/div>\n\t\t\t\t\t<\/div>\n\t\t<\/div>\n\t\t\t\t\t<\/div>\n\t\t<\/section>\n\t\t\t\t<\/div>\n\t\t","protected":false},"excerpt":{"rendered":"<p>Wie ist die Ausbildung zum Metallbauer aufgebaut? Ausbildungsinhalte eines Metallbauers umfassen eine Vielzahl von F\u00e4higkeiten und Kenntnissen im Bereich der\u00a0Metallverarbeitung. Die Ausbildungsdauer betr\u00e4gt in der Regel\u00a0dreieinhalb Jahre (3,5 Jahre)\u00a0und ist dual aufgebaut, das hei\u00dft, sie findet sowohl im Ausbildungsbetrieb als auch in der Berufsschule statt. Hier die Details&#8230; Kompetenzen:\u00a0 Metallbearbeitungstechniken: Metallbauer erlernen verschiedene Techniken zur [&hellip;]<\/p>\n","protected":false},"author":1,"featured_media":0,"parent":0,"menu_order":0,"comment_status":"closed","ping_status":"closed","template":"","meta":{"content-type":"","footnotes":""},"class_list":["post-1548","page","type-page","status-publish","hentry"],"yoast_head":"<!-- This site is optimized with the Yoast SEO plugin v25.9 - https:\/\/yoast.com\/wordpress\/plugins\/seo\/ -->\n<title>Ausbildungsinhalte Metallbauer - ornamentmetal<\/title>\n<meta name=\"description\" content=\"Entdecke spannende Ausbildungsinhalte wie Metallverarbeitung, Konstruktion und Montage. Erfahre hier alles, was du wissen musst!\" \/>\n<meta name=\"robots\" content=\"index, follow, max-snippet:-1, max-image-preview:large, max-video-preview:-1\" \/>\n<link rel=\"canonical\" href=\"https:\/\/www.ornamentmetal.de\/de\/ausbildungsinhalte-metallbauer\/\" \/>\n<meta property=\"og:locale\" content=\"de_DE\" \/>\n<meta property=\"og:type\" content=\"article\" \/>\n<meta property=\"og:title\" content=\"Ausbildungsinhalte Metallbauer - ornamentmetal\" \/>\n<meta property=\"og:description\" content=\"Entdecke spannende Ausbildungsinhalte wie Metallverarbeitung, Konstruktion und Montage. Erfahre hier alles, was du wissen musst!\" \/>\n<meta property=\"og:url\" content=\"https:\/\/www.ornamentmetal.de\/de\/ausbildungsinhalte-metallbauer\/\" \/>\n<meta property=\"og:site_name\" content=\"ornamentmetal\" \/>\n<meta property=\"article:modified_time\" content=\"2025-05-09T11:17:00+00:00\" \/>\n<meta property=\"og:image\" content=\"https:\/\/www.ornamentmetal.de\/wp-content\/uploads\/2023\/03\/IMG_8939-1024x683.jpg\" \/>\n<meta name=\"twitter:card\" content=\"summary_large_image\" \/>\n<meta name=\"twitter:label1\" content=\"Gesch\u00e4tzte Lesezeit\" \/>\n\t<meta name=\"twitter:data1\" content=\"3\u00a0Minuten\" \/>\n<script type=\"application\/ld+json\" class=\"yoast-schema-graph\">{\"@context\":\"https:\/\/schema.org\",\"@graph\":[{\"@type\":\"WebPage\",\"@id\":\"https:\/\/www.ornamentmetal.de\/ausbildungsinhalte-metallbauer\/\",\"url\":\"https:\/\/www.ornamentmetal.de\/ausbildungsinhalte-metallbauer\/\",\"name\":\"Ausbildungsinhalte Metallbauer - ornamentmetal\",\"isPartOf\":{\"@id\":\"https:\/\/www.ornamentmetal.de\/de\/#website\"},\"primaryImageOfPage\":{\"@id\":\"https:\/\/www.ornamentmetal.de\/ausbildungsinhalte-metallbauer\/#primaryimage\"},\"image\":{\"@id\":\"https:\/\/www.ornamentmetal.de\/ausbildungsinhalte-metallbauer\/#primaryimage\"},\"thumbnailUrl\":\"https:\/\/www.ornamentmetal.de\/wp-content\/uploads\/2023\/03\/IMG_8939-1024x683.jpg\",\"datePublished\":\"2023-07-11T04:51:49+00:00\",\"dateModified\":\"2025-05-09T11:17:00+00:00\",\"description\":\"Entdecke spannende Ausbildungsinhalte wie Metallverarbeitung, Konstruktion und Montage. Erfahre hier alles, was du wissen musst!\",\"breadcrumb\":{\"@id\":\"https:\/\/www.ornamentmetal.de\/ausbildungsinhalte-metallbauer\/#breadcrumb\"},\"inLanguage\":\"de\",\"potentialAction\":[{\"@type\":\"ReadAction\",\"target\":[\"https:\/\/www.ornamentmetal.de\/ausbildungsinhalte-metallbauer\/\"]}]},{\"@type\":\"ImageObject\",\"inLanguage\":\"de\",\"@id\":\"https:\/\/www.ornamentmetal.de\/ausbildungsinhalte-metallbauer\/#primaryimage\",\"url\":\"https:\/\/www.ornamentmetal.de\/wp-content\/uploads\/2023\/03\/IMG_8939-1024x683.jpg\",\"contentUrl\":\"https:\/\/www.ornamentmetal.de\/wp-content\/uploads\/2023\/03\/IMG_8939-1024x683.jpg\"},{\"@type\":\"BreadcrumbList\",\"@id\":\"https:\/\/www.ornamentmetal.de\/ausbildungsinhalte-metallbauer\/#breadcrumb\",\"itemListElement\":[{\"@type\":\"ListItem\",\"position\":1,\"name\":\"Startseite\",\"item\":\"https:\/\/www.ornamentmetal.de\/\"},{\"@type\":\"ListItem\",\"position\":2,\"name\":\"Ausbildungsinhalte Metallbauer\"}]},{\"@type\":\"WebSite\",\"@id\":\"https:\/\/www.ornamentmetal.de\/de\/#website\",\"url\":\"https:\/\/www.ornamentmetal.de\/de\/\",\"name\":\"ornamentmetal\",\"description\":\"Metallgestaltung und Ornamente\",\"publisher\":{\"@id\":\"https:\/\/www.ornamentmetal.de\/de\/#organization\"},\"alternateName\":\"OM\",\"potentialAction\":[{\"@type\":\"SearchAction\",\"target\":{\"@type\":\"EntryPoint\",\"urlTemplate\":\"https:\/\/www.ornamentmetal.de\/de\/?s={search_term_string}\"},\"query-input\":{\"@type\":\"PropertyValueSpecification\",\"valueRequired\":true,\"valueName\":\"search_term_string\"}}],\"inLanguage\":\"de\"},{\"@type\":\"Organization\",\"@id\":\"https:\/\/www.ornamentmetal.de\/de\/#organization\",\"name\":\"ornamentmetal\",\"alternateName\":\"OM\",\"url\":\"https:\/\/www.ornamentmetal.de\/de\/\",\"logo\":{\"@type\":\"ImageObject\",\"inLanguage\":\"de\",\"@id\":\"https:\/\/www.ornamentmetal.de\/de\/#\/schema\/logo\/image\/\",\"url\":\"https:\/\/www.ornamentmetal.de\/wp-content\/uploads\/2023\/02\/logo.png\",\"contentUrl\":\"https:\/\/www.ornamentmetal.de\/wp-content\/uploads\/2023\/02\/logo.png\",\"width\":310,\"height\":94,\"caption\":\"ornamentmetal\"},\"image\":{\"@id\":\"https:\/\/www.ornamentmetal.de\/de\/#\/schema\/logo\/image\/\"},\"sameAs\":[\"https:\/\/www.instagram.com\/ornament.metal\/\"]}]}<\/script>\n<!-- \/ Yoast SEO plugin. -->","yoast_head_json":{"title":"Ausbildungsinhalte Metallbauer - ornamentmetal","description":"Entdecke spannende Ausbildungsinhalte wie Metallverarbeitung, Konstruktion und Montage. Erfahre hier alles, was du wissen musst!","robots":{"index":"index","follow":"follow","max-snippet":"max-snippet:-1","max-image-preview":"max-image-preview:large","max-video-preview":"max-video-preview:-1"},"canonical":"https:\/\/www.ornamentmetal.de\/de\/ausbildungsinhalte-metallbauer\/","og_locale":"de_DE","og_type":"article","og_title":"Ausbildungsinhalte Metallbauer - ornamentmetal","og_description":"Entdecke spannende Ausbildungsinhalte wie Metallverarbeitung, Konstruktion und Montage. Erfahre hier alles, was du wissen musst!","og_url":"https:\/\/www.ornamentmetal.de\/de\/ausbildungsinhalte-metallbauer\/","og_site_name":"ornamentmetal","article_modified_time":"2025-05-09T11:17:00+00:00","og_image":[{"url":"https:\/\/www.ornamentmetal.de\/wp-content\/uploads\/2023\/03\/IMG_8939-1024x683.jpg","type":"","width":"","height":""}],"twitter_card":"summary_large_image","twitter_misc":{"Gesch\u00e4tzte Lesezeit":"3\u00a0Minuten"},"schema":{"@context":"https:\/\/schema.org","@graph":[{"@type":"WebPage","@id":"https:\/\/www.ornamentmetal.de\/ausbildungsinhalte-metallbauer\/","url":"https:\/\/www.ornamentmetal.de\/ausbildungsinhalte-metallbauer\/","name":"Ausbildungsinhalte Metallbauer - ornamentmetal","isPartOf":{"@id":"https:\/\/www.ornamentmetal.de\/de\/#website"},"primaryImageOfPage":{"@id":"https:\/\/www.ornamentmetal.de\/ausbildungsinhalte-metallbauer\/#primaryimage"},"image":{"@id":"https:\/\/www.ornamentmetal.de\/ausbildungsinhalte-metallbauer\/#primaryimage"},"thumbnailUrl":"https:\/\/www.ornamentmetal.de\/wp-content\/uploads\/2023\/03\/IMG_8939-1024x683.jpg","datePublished":"2023-07-11T04:51:49+00:00","dateModified":"2025-05-09T11:17:00+00:00","description":"Entdecke spannende Ausbildungsinhalte wie Metallverarbeitung, Konstruktion und Montage. Erfahre hier alles, was du wissen musst!","breadcrumb":{"@id":"https:\/\/www.ornamentmetal.de\/ausbildungsinhalte-metallbauer\/#breadcrumb"},"inLanguage":"de","potentialAction":[{"@type":"ReadAction","target":["https:\/\/www.ornamentmetal.de\/ausbildungsinhalte-metallbauer\/"]}]},{"@type":"ImageObject","inLanguage":"de","@id":"https:\/\/www.ornamentmetal.de\/ausbildungsinhalte-metallbauer\/#primaryimage","url":"https:\/\/www.ornamentmetal.de\/wp-content\/uploads\/2023\/03\/IMG_8939-1024x683.jpg","contentUrl":"https:\/\/www.ornamentmetal.de\/wp-content\/uploads\/2023\/03\/IMG_8939-1024x683.jpg"},{"@type":"BreadcrumbList","@id":"https:\/\/www.ornamentmetal.de\/ausbildungsinhalte-metallbauer\/#breadcrumb","itemListElement":[{"@type":"ListItem","position":1,"name":"Startseite","item":"https:\/\/www.ornamentmetal.de\/"},{"@type":"ListItem","position":2,"name":"Ausbildungsinhalte Metallbauer"}]},{"@type":"WebSite","@id":"https:\/\/www.ornamentmetal.de\/de\/#website","url":"https:\/\/www.ornamentmetal.de\/de\/","name":"ornamentmetal","description":"Metallgestaltung und Ornamente","publisher":{"@id":"https:\/\/www.ornamentmetal.de\/de\/#organization"},"alternateName":"OM","potentialAction":[{"@type":"SearchAction","target":{"@type":"EntryPoint","urlTemplate":"https:\/\/www.ornamentmetal.de\/de\/?s={search_term_string}"},"query-input":{"@type":"PropertyValueSpecification","valueRequired":true,"valueName":"search_term_string"}}],"inLanguage":"de"},{"@type":"Organization","@id":"https:\/\/www.ornamentmetal.de\/de\/#organization","name":"ornamentmetal","alternateName":"OM","url":"https:\/\/www.ornamentmetal.de\/de\/","logo":{"@type":"ImageObject","inLanguage":"de","@id":"https:\/\/www.ornamentmetal.de\/de\/#\/schema\/logo\/image\/","url":"https:\/\/www.ornamentmetal.de\/wp-content\/uploads\/2023\/02\/logo.png","contentUrl":"https:\/\/www.ornamentmetal.de\/wp-content\/uploads\/2023\/02\/logo.png","width":310,"height":94,"caption":"ornamentmetal"},"image":{"@id":"https:\/\/www.ornamentmetal.de\/de\/#\/schema\/logo\/image\/"},"sameAs":["https:\/\/www.instagram.com\/ornament.metal\/"]}]}},"jetpack_sharing_enabled":true,"_links":{"self":[{"href":"https:\/\/www.ornamentmetal.de\/de\/wp-json\/wp\/v2\/pages\/1548","targetHints":{"allow":["GET"]}}],"collection":[{"href":"https:\/\/www.ornamentmetal.de\/de\/wp-json\/wp\/v2\/pages"}],"about":[{"href":"https:\/\/www.ornamentmetal.de\/de\/wp-json\/wp\/v2\/types\/page"}],"author":[{"embeddable":true,"href":"https:\/\/www.ornamentmetal.de\/de\/wp-json\/wp\/v2\/users\/1"}],"replies":[{"embeddable":true,"href":"https:\/\/www.ornamentmetal.de\/de\/wp-json\/wp\/v2\/comments?post=1548"}],"version-history":[{"count":83,"href":"https:\/\/www.ornamentmetal.de\/de\/wp-json\/wp\/v2\/pages\/1548\/revisions"}],"predecessor-version":[{"id":2634,"href":"https:\/\/www.ornamentmetal.de\/de\/wp-json\/wp\/v2\/pages\/1548\/revisions\/2634"}],"wp:attachment":[{"href":"https:\/\/www.ornamentmetal.de\/de\/wp-json\/wp\/v2\/media?parent=1548"}],"curies":[{"name":"wp","href":"https:\/\/api.w.org\/{rel}","templated":true}]}}