{"id":554,"date":"2023-03-20T17:39:44","date_gmt":"2023-03-20T16:39:44","guid":{"rendered":"https:\/\/om.windeck.de\/?page_id=554"},"modified":"2024-06-13T12:22:46","modified_gmt":"2024-06-13T10:22:46","slug":"warum-handwerk-ein-job-der-zukunft-ist","status":"publish","type":"page","link":"https:\/\/www.ornamentmetal.de\/de\/warum-handwerk-ein-job-der-zukunft-ist\/","title":{"rendered":"Warum Handwerk ein Job der Zukunft ist?"},"content":{"rendered":"\t\t<div data-elementor-type=\"wp-page\" data-elementor-id=\"554\" class=\"elementor elementor-554\" data-elementor-post-type=\"page\">\n\t\t\t\t\t\t<section class=\"elementor-section elementor-top-section elementor-element elementor-element-a9acccf elementor-section-boxed elementor-section-height-default elementor-section-height-default\" data-id=\"a9acccf\" data-element_type=\"section\">\n\t\t\t\t\t\t<div class=\"elementor-container elementor-column-gap-default\">\n\t\t\t\t\t<div class=\"elementor-column elementor-col-50 elementor-top-column elementor-element elementor-element-7d52508\" data-id=\"7d52508\" data-element_type=\"column\">\n\t\t\t<div class=\"elementor-widget-wrap elementor-element-populated\">\n\t\t\t\t\t\t<div class=\"elementor-element elementor-element-3191de5 elementor-view-default elementor-widget elementor-widget-icon\" data-id=\"3191de5\" data-element_type=\"widget\" data-widget_type=\"icon.default\">\n\t\t\t\t<div class=\"elementor-widget-container\">\n\t\t\t\t\t\t\t<div class=\"elementor-icon-wrapper\">\n\t\t\t<div class=\"elementor-icon\">\n\t\t\t<i aria-hidden=\"true\" class=\"far fa-hand-paper\"><\/i>\t\t\t<\/div>\n\t\t<\/div>\n\t\t\t\t\t\t<\/div>\n\t\t\t\t<\/div>\n\t\t\t\t<div class=\"elementor-element elementor-element-13124de elementor-widget elementor-widget-heading\" data-id=\"13124de\" data-element_type=\"widget\" data-widget_type=\"heading.default\">\n\t\t\t\t<div class=\"elementor-widget-container\">\n\t\t\t\t\t<h2 class=\"elementor-heading-title elementor-size-default\">Warum Handwerk ein Job der Zukunft ist?<\/h2>\t\t\t\t<\/div>\n\t\t\t\t<\/div>\n\t\t\t\t<div class=\"elementor-element elementor-element-821688d elementor-widget elementor-widget-text-editor\" data-id=\"821688d\" data-element_type=\"widget\" data-widget_type=\"text-editor.default\">\n\t\t\t\t<div class=\"elementor-widget-container\">\n\t\t\t\t\t\t\t\t\t<p>Das Handwerk hat in unserer Gesellschaft einen wichtigen Platz eingenommen und wird auch in Zukunft von gro\u00dfer Bedeutung sein. Die fortschreitende Technologie und Automatisierung haben viele Jobs in anderen Bereichen gef\u00e4hrdet<strong>, aber das Handwerk ist eine Branche, die sich st\u00e4ndig weiterentwickelt und neue Technologien in ihre Arbeit integriert. Aus diesem Grund ist das Handwerk ein Job f\u00fcr die Zukunft.<\/strong><\/p><p>Insbesondere der <strong>Metallbau<\/strong> ist ein wichtiger Teil des Handwerks. Die Arbeit mit Metall erfordert ein hohes Ma\u00df an Pr\u00e4zision und handwerklichem Geschick. Dabei kommen moderne Technologien wie CNC-Maschinen und 3D-Drucker zum Einsatz, um die Arbeit schneller und effizienter zu gestalten. In der Metallbauindustrie gibt es viele verschiedene Arbeitsbereiche wie beispielsweise die Konstruktion und Herstellung von Maschinen, die Herstellung von Bauteilen oder die Reparatur und Wartung von bestehenden Anlagen.\u00a0<\/p><p><strong>Bei ornamentmetal arbeiten wir digital und haben moderne Maschinen, die es uns erm\u00f6glichen unsere Kundenw\u00fcnsche hochwertig zu erf\u00fcllen.\u00a0<\/strong><\/p><p>\u00a0<\/p>\t\t\t\t\t\t\t\t<\/div>\n\t\t\t\t<\/div>\n\t\t\t\t<div class=\"elementor-element elementor-element-8a68971 elementor-view-default elementor-widget elementor-widget-icon\" data-id=\"8a68971\" data-element_type=\"widget\" data-widget_type=\"icon.default\">\n\t\t\t\t<div class=\"elementor-widget-container\">\n\t\t\t\t\t\t\t<div class=\"elementor-icon-wrapper\">\n\t\t\t<div class=\"elementor-icon\">\n\t\t\t<i aria-hidden=\"true\" class=\"far fa-sun\"><\/i>\t\t\t<\/div>\n\t\t<\/div>\n\t\t\t\t\t\t<\/div>\n\t\t\t\t<\/div>\n\t\t\t\t<div class=\"elementor-element elementor-element-ec02523 elementor-widget elementor-widget-heading\" data-id=\"ec02523\" data-element_type=\"widget\" data-widget_type=\"heading.default\">\n\t\t\t\t<div class=\"elementor-widget-container\">\n\t\t\t\t\t<h2 class=\"elementor-heading-title elementor-size-default\">Warum der Handwerker ein Klimajob ist?<\/h2>\t\t\t\t<\/div>\n\t\t\t\t<\/div>\n\t\t\t\t<div class=\"elementor-element elementor-element-828a4a4 elementor-widget elementor-widget-text-editor\" data-id=\"828a4a4\" data-element_type=\"widget\" data-widget_type=\"text-editor.default\">\n\t\t\t\t<div class=\"elementor-widget-container\">\n\t\t\t\t\t\t\t\t\t<p>Handwerker (explizit auch bei ornamentmetal) ist ein Klimajob aus verschiedenen Gr\u00fcnden:<\/p><ol><li><p><strong>Energieeffizienz<\/strong>: Handwerker wie wir k\u00f6nnen dazu beitragen, die Energieeffizienz von Geb\u00e4uden und Industrieanlagen zu verbessern, indem sie diese so gestalten, dass sie weniger Energie verbrauchen. Beispielsweise k\u00f6nnen wir bessere Fassaden produzieren und damit nachhaltigere Geb\u00e4ude bauen.<\/p><\/li><li><p><strong>Erneuerbare Energien<\/strong>: Handwerker k\u00f6nnen auch dazu beitragen, erneuerbare Energien zu nutzen in dem wir, in Fassaden Schnittstellen f\u00fcr die Nutzung von Erneuerbarer Energie bereitstellen und damit Geb\u00e4ude &#8222;gr\u00fcn&#8220; machen.<\/p><\/li><li><p><strong>Nachhaltige Materialien<\/strong>: Handwerker k\u00f6nnen bei der Auswahl von Materialien auf Nachhaltigkeit achten und umweltfreundliche Alternativen w\u00e4hlen. Beispielsweise k\u00f6nnen wir mit besseren Materialien und der Verschnittoptimierung die Ressourcennutzung und die Auswirkungen auf die Umwelt reduzieren.<\/p><\/li><li><p><strong>Reparatur und Wiederverwendung<\/strong>: Handwerker k\u00f6nnen dazu beitragen, die Lebensdauer von Produkten zu verl\u00e4ngern, indem wir diese reparieren oder wieder verwendbar machen. Dadurch kann der Bedarf an neuen Produkten reduziert werden, was wiederum Ressourcen und Energie spart. Wir haben die M\u00f6glichkeit mit unseren individuellen Produkten Fassaden zu sanieren und zu optimieren. \u00a0<\/p><\/li><li><p><strong>Bewusstseinsbildung<\/strong>: Handwerker k\u00f6nnen auch dazu beitragen, das Bewusstsein f\u00fcr Nachhaltigkeit und Klimaschutz zu f\u00f6rdern, indem wir unsere Kunden \u00fcber umweltfreundliche Alternativen informieren und aufzeigen, wie sie ihren \u00f6kologischen Fu\u00dfabdruck verringern k\u00f6nnen.<\/p><\/li><\/ol><p><strong>Zusammenfassend kann man sagen, dass Handwerk ein Klimajob ist, weil Handwerker einen wichtigen Beitrag zum Klimaschutz leisten k\u00f6nnen, indem sie Energieeffizienz, erneuerbare Energien, Nachhaltigkeit, Reparatur und Wiederverwendung f\u00f6rdern und das Bewusstsein f\u00fcr Klimaschutz und Nachhaltigkeit st\u00e4rken. Ein Grund zu ornamentmetal zu kommen!<\/strong><\/p>\t\t\t\t\t\t\t\t<\/div>\n\t\t\t\t<\/div>\n\t\t\t\t<div class=\"elementor-element elementor-element-702380b elementor-align-center elementor-widget elementor-widget-button\" data-id=\"702380b\" data-element_type=\"widget\" data-widget_type=\"button.default\">\n\t\t\t\t<div class=\"elementor-widget-container\">\n\t\t\t\t\t\t\t\t\t<div class=\"elementor-button-wrapper\">\n\t\t\t\t\t<a class=\"elementor-button elementor-button-link elementor-size-sm\" href=\"https:\/\/www.ornamentmetal.de\/bewerben\/\">\n\t\t\t\t\t\t<span class=\"elementor-button-content-wrapper\">\n\t\t\t\t\t\t\t\t\t<span class=\"elementor-button-text\">Jetzt bewerben!<\/span>\n\t\t\t\t\t<\/span>\n\t\t\t\t\t<\/a>\n\t\t\t\t<\/div>\n\t\t\t\t\t\t\t\t<\/div>\n\t\t\t\t<\/div>\n\t\t\t\t\t<\/div>\n\t\t<\/div>\n\t\t\t\t<div class=\"elementor-column elementor-col-50 elementor-top-column elementor-element elementor-element-1fe9b07\" data-id=\"1fe9b07\" data-element_type=\"column\">\n\t\t\t<div class=\"elementor-widget-wrap elementor-element-populated\">\n\t\t\t\t\t\t<div class=\"elementor-element elementor-element-ffb6c92 elementor-widget elementor-widget-image\" data-id=\"ffb6c92\" data-element_type=\"widget\" data-widget_type=\"image.default\">\n\t\t\t\t<div class=\"elementor-widget-container\">\n\t\t\t\t\t\t\t\t\t\t\t\t\t\t\t<img decoding=\"async\" src=\"https:\/\/www.ornamentmetal.de\/wp-content\/uploads\/elementor\/thumbs\/IMG_8781-scaled-qg0s2s7t3m0szuj4qv09klxrnqgci72m1gqmxhyu6k.jpg\" title=\"IMG_8781\" alt=\"IMG_8781\" loading=\"lazy\" \/>\t\t\t\t\t\t\t\t\t\t\t\t\t\t\t<\/div>\n\t\t\t\t<\/div>\n\t\t\t\t\t<\/div>\n\t\t<\/div>\n\t\t\t\t\t<\/div>\n\t\t<\/section>\n\t\t\t\t<section class=\"elementor-section elementor-top-section elementor-element elementor-element-1097924 elementor-section-boxed elementor-section-height-default elementor-section-height-default\" data-id=\"1097924\" data-element_type=\"section\">\n\t\t\t\t\t\t<div class=\"elementor-container elementor-column-gap-default\">\n\t\t\t\t\t<div class=\"elementor-column elementor-col-50 elementor-top-column elementor-element elementor-element-ce515cd\" data-id=\"ce515cd\" data-element_type=\"column\">\n\t\t\t<div class=\"elementor-widget-wrap elementor-element-populated\">\n\t\t\t\t\t\t<div class=\"elementor-element elementor-element-7654435 elementor-widget elementor-widget-image\" data-id=\"7654435\" data-element_type=\"widget\" data-widget_type=\"image.default\">\n\t\t\t\t<div class=\"elementor-widget-container\">\n\t\t\t\t\t\t\t\t\t\t\t\t\t\t\t<img fetchpriority=\"high\" decoding=\"async\" width=\"800\" height=\"534\" src=\"https:\/\/www.ornamentmetal.de\/wp-content\/uploads\/2023\/03\/IMG_8926-1024x683.jpg\" class=\"attachment-large size-large wp-image-329\" alt=\"\" srcset=\"https:\/\/www.ornamentmetal.de\/wp-content\/uploads\/2023\/03\/IMG_8926-1024x683.jpg 1024w, https:\/\/www.ornamentmetal.de\/wp-content\/uploads\/2023\/03\/IMG_8926-300x200.jpg 300w, https:\/\/www.ornamentmetal.de\/wp-content\/uploads\/2023\/03\/IMG_8926-768x512.jpg 768w, https:\/\/www.ornamentmetal.de\/wp-content\/uploads\/2023\/03\/IMG_8926-1536x1024.jpg 1536w, https:\/\/www.ornamentmetal.de\/wp-content\/uploads\/2023\/03\/IMG_8926-scaled.jpg 1800w, https:\/\/www.ornamentmetal.de\/wp-content\/uploads\/2023\/03\/IMG_8926-18x12.jpg 18w\" sizes=\"(max-width: 800px) 100vw, 800px\" \/>\t\t\t\t\t\t\t\t\t\t\t\t\t\t\t<\/div>\n\t\t\t\t<\/div>\n\t\t\t\t\t<\/div>\n\t\t<\/div>\n\t\t\t\t<div class=\"elementor-column elementor-col-50 elementor-top-column elementor-element elementor-element-2b9f491\" data-id=\"2b9f491\" data-element_type=\"column\">\n\t\t\t<div class=\"elementor-widget-wrap elementor-element-populated\">\n\t\t\t\t\t\t<div class=\"elementor-element elementor-element-0a51ed2 elementor-view-default elementor-widget elementor-widget-icon\" data-id=\"0a51ed2\" data-element_type=\"widget\" data-widget_type=\"icon.default\">\n\t\t\t\t<div class=\"elementor-widget-container\">\n\t\t\t\t\t\t\t<div class=\"elementor-icon-wrapper\">\n\t\t\t<div class=\"elementor-icon\">\n\t\t\t<i aria-hidden=\"true\" class=\"fas fa-user-astronaut\"><\/i>\t\t\t<\/div>\n\t\t<\/div>\n\t\t\t\t\t\t<\/div>\n\t\t\t\t<\/div>\n\t\t\t\t<div class=\"elementor-element elementor-element-c492ef6 elementor-widget elementor-widget-heading\" data-id=\"c492ef6\" data-element_type=\"widget\" data-widget_type=\"heading.default\">\n\t\t\t\t<div class=\"elementor-widget-container\">\n\t\t\t\t\t<h2 class=\"elementor-heading-title elementor-size-default\">Was macht ein Metallbauer <br>bei ornamentmetal?<\/h2>\t\t\t\t<\/div>\n\t\t\t\t<\/div>\n\t\t\t\t<div class=\"elementor-element elementor-element-170ebaf elementor-widget elementor-widget-text-editor\" data-id=\"170ebaf\" data-element_type=\"widget\" data-widget_type=\"text-editor.default\">\n\t\t\t\t<div class=\"elementor-widget-container\">\n\t\t\t\t\t\t\t\t\t<p>Ein Metallbauer bei ornamentmetal ist f\u00fcr die Herstellung und Bearbeitung von hochwertigen Blechteilen und Blechprodukten zust\u00e4ndig. Dazu geh\u00f6rt in der Regel folgendes:<\/p><ol><li><p><strong>Planung und Konstruktion<\/strong>: Der Metallbauer plant und konstruiert Blechbauteile und -produkte auf Basis von technischen Zeichnungen und Kundenanforderungen.<\/p><\/li><li><p><strong>Materialauswahl<\/strong>: Der Metallbauer w\u00e4hlt die passenden Materialien f\u00fcr die Herstellung der Blechteile aus und ber\u00fccksichtigt dabei Faktoren wie Festigkeit, Haltbarkeit und Wirtschaftlichkeit.<\/p><\/li><li><p><strong>Schneiden und Formen<\/strong>: Mit Hilfe von speziellen Werkzeugen und Maschinen schneidet und formt der Metallbauer das Blech in die gew\u00fcnschte Form.<\/p><\/li><li><p><strong>Schwei\u00dfen und L\u00f6ten<\/strong>: Der Metallbauer verbindet die Blechteile durch Schwei\u00dfen oder L\u00f6ten miteinander und sorgt so f\u00fcr eine stabile Konstruktion.<\/p><\/li><li><p><strong>Oberfl\u00e4chenbehandlung<\/strong>: Der Metallbauer behandelt die Oberfl\u00e4chen der Blechteile, um sie vor Korrosion und Verschlei\u00df zu sch\u00fctzen oder um ihnen eine ansprechende Optik zu verleihen.<\/p><\/li><li><p><strong>Qualit\u00e4tskontrolle<\/strong>: Der Metallbauer \u00fcberpr\u00fcft die gefertigten Blechteile auf Ma\u00dfhaltigkeit, Formgenauigkeit und andere Qualit\u00e4tsmerkmale, um sicherzustellen, dass sie den Anforderungen entsprechen.<\/p><\/li><\/ol><p><strong>Zusammenfassend kann man sagen, dass ein Metallbauer in einem Blechunternehmen f\u00fcr die Fertigung von Blechteilen und -produkten zust\u00e4ndig ist und dabei verschiedene Arbeitsschritte durchf\u00fchrt, angefangen bei der Planung und Konstruktion bis hin zur Qualit\u00e4tskontrolle (<a href=\"https:\/\/de.wikipedia.org\/wiki\/Metallbau\" target=\"_blank\" rel=\"noopener\">Wikipedia<\/a>).<\/strong><\/p>\t\t\t\t\t\t\t\t<\/div>\n\t\t\t\t<\/div>\n\t\t\t\t<div class=\"elementor-element elementor-element-d70af03 elementor-align-center elementor-widget elementor-widget-button\" data-id=\"d70af03\" data-element_type=\"widget\" data-widget_type=\"button.default\">\n\t\t\t\t<div class=\"elementor-widget-container\">\n\t\t\t\t\t\t\t\t\t<div class=\"elementor-button-wrapper\">\n\t\t\t\t\t<a class=\"elementor-button elementor-button-link elementor-size-sm\" href=\"https:\/\/www.ornamentmetal.de\/bewerben\/\">\n\t\t\t\t\t\t<span class=\"elementor-button-content-wrapper\">\n\t\t\t\t\t\t\t\t\t<span class=\"elementor-button-text\">Jetzt bewerben!<\/span>\n\t\t\t\t\t<\/span>\n\t\t\t\t\t<\/a>\n\t\t\t\t<\/div>\n\t\t\t\t\t\t\t\t<\/div>\n\t\t\t\t<\/div>\n\t\t\t\t\t<\/div>\n\t\t<\/div>\n\t\t\t\t\t<\/div>\n\t\t<\/section>\n\t\t\t\t<\/div>\n\t\t","protected":false},"excerpt":{"rendered":"<p>Warum Handwerk ein Job der Zukunft ist? Das Handwerk hat in unserer Gesellschaft einen wichtigen Platz eingenommen und wird auch in Zukunft von gro\u00dfer Bedeutung sein. Die fortschreitende Technologie und Automatisierung haben viele Jobs in anderen Bereichen gef\u00e4hrdet, aber das Handwerk ist eine Branche, die sich st\u00e4ndig weiterentwickelt und neue Technologien in ihre Arbeit integriert. [&hellip;]<\/p>\n","protected":false},"author":1,"featured_media":0,"parent":0,"menu_order":0,"comment_status":"closed","ping_status":"closed","template":"","meta":{"content-type":"","footnotes":""},"class_list":["post-554","page","type-page","status-publish","hentry"],"yoast_head":"<!-- This site is optimized with the Yoast SEO plugin v25.9 - https:\/\/yoast.com\/wordpress\/plugins\/seo\/ -->\n<title>Warum Handwerk ein Job der Zukunft ist? - ornamentmetal<\/title>\n<meta name=\"description\" content=\"Handwerker ist ein Job der Zukunft, weil Nachhaltigkeit und Ressourcenschonung zu unserem t\u00e4glichen Aktivit\u00e4ten z\u00e4hlen.\" \/>\n<meta name=\"robots\" content=\"index, follow, max-snippet:-1, max-image-preview:large, max-video-preview:-1\" \/>\n<link rel=\"canonical\" href=\"https:\/\/www.ornamentmetal.de\/de\/warum-handwerk-ein-job-der-zukunft-ist\/\" \/>\n<meta property=\"og:locale\" content=\"de_DE\" \/>\n<meta property=\"og:type\" content=\"article\" \/>\n<meta property=\"og:title\" content=\"Warum Handwerk ein Job der Zukunft ist? - ornamentmetal\" \/>\n<meta property=\"og:description\" content=\"Handwerker ist ein Job der Zukunft, weil Nachhaltigkeit und Ressourcenschonung zu unserem t\u00e4glichen Aktivit\u00e4ten z\u00e4hlen.\" \/>\n<meta property=\"og:url\" content=\"https:\/\/www.ornamentmetal.de\/de\/warum-handwerk-ein-job-der-zukunft-ist\/\" \/>\n<meta property=\"og:site_name\" content=\"ornamentmetal\" \/>\n<meta property=\"article:modified_time\" content=\"2024-06-13T10:22:46+00:00\" \/>\n<meta property=\"og:image\" content=\"https:\/\/ornamentmetal.de\/wp-content\/uploads\/elementor\/thumbs\/IMG_8781-scaled-q2wuyl762miemrk41cr1pb1vyneckfxm1yl48dj970.jpg\" \/>\n<meta name=\"twitter:card\" content=\"summary_large_image\" \/>\n<meta name=\"twitter:label1\" content=\"Gesch\u00e4tzte Lesezeit\" \/>\n\t<meta name=\"twitter:data1\" content=\"4\u00a0Minuten\" \/>\n<script type=\"application\/ld+json\" class=\"yoast-schema-graph\">{\"@context\":\"https:\/\/schema.org\",\"@graph\":[{\"@type\":\"WebPage\",\"@id\":\"https:\/\/www.ornamentmetal.de\/warum-handwerk-ein-job-der-zukunft-ist\/\",\"url\":\"https:\/\/www.ornamentmetal.de\/warum-handwerk-ein-job-der-zukunft-ist\/\",\"name\":\"Warum Handwerk ein Job der Zukunft ist? - ornamentmetal\",\"isPartOf\":{\"@id\":\"https:\/\/www.ornamentmetal.de\/de\/#website\"},\"primaryImageOfPage\":{\"@id\":\"https:\/\/www.ornamentmetal.de\/warum-handwerk-ein-job-der-zukunft-ist\/#primaryimage\"},\"image\":{\"@id\":\"https:\/\/www.ornamentmetal.de\/warum-handwerk-ein-job-der-zukunft-ist\/#primaryimage\"},\"thumbnailUrl\":\"https:\/\/ornamentmetal.de\/wp-content\/uploads\/elementor\/thumbs\/IMG_8781-scaled-q2wuyl762miemrk41cr1pb1vyneckfxm1yl48dj970.jpg\",\"datePublished\":\"2023-03-20T16:39:44+00:00\",\"dateModified\":\"2024-06-13T10:22:46+00:00\",\"description\":\"Handwerker ist ein Job der Zukunft, weil Nachhaltigkeit und Ressourcenschonung zu unserem t\u00e4glichen Aktivit\u00e4ten z\u00e4hlen.\",\"breadcrumb\":{\"@id\":\"https:\/\/www.ornamentmetal.de\/warum-handwerk-ein-job-der-zukunft-ist\/#breadcrumb\"},\"inLanguage\":\"de\",\"potentialAction\":[{\"@type\":\"ReadAction\",\"target\":[\"https:\/\/www.ornamentmetal.de\/warum-handwerk-ein-job-der-zukunft-ist\/\"]}]},{\"@type\":\"ImageObject\",\"inLanguage\":\"de\",\"@id\":\"https:\/\/www.ornamentmetal.de\/warum-handwerk-ein-job-der-zukunft-ist\/#primaryimage\",\"url\":\"https:\/\/ornamentmetal.de\/wp-content\/uploads\/elementor\/thumbs\/IMG_8781-scaled-q2wuyl762miemrk41cr1pb1vyneckfxm1yl48dj970.jpg\",\"contentUrl\":\"https:\/\/ornamentmetal.de\/wp-content\/uploads\/elementor\/thumbs\/IMG_8781-scaled-q2wuyl762miemrk41cr1pb1vyneckfxm1yl48dj970.jpg\"},{\"@type\":\"BreadcrumbList\",\"@id\":\"https:\/\/www.ornamentmetal.de\/warum-handwerk-ein-job-der-zukunft-ist\/#breadcrumb\",\"itemListElement\":[{\"@type\":\"ListItem\",\"position\":1,\"name\":\"Startseite\",\"item\":\"https:\/\/www.ornamentmetal.de\/\"},{\"@type\":\"ListItem\",\"position\":2,\"name\":\"Warum Handwerk ein Job der Zukunft ist?\"}]},{\"@type\":\"WebSite\",\"@id\":\"https:\/\/www.ornamentmetal.de\/de\/#website\",\"url\":\"https:\/\/www.ornamentmetal.de\/de\/\",\"name\":\"ornamentmetal\",\"description\":\"Metallgestaltung und Ornamente\",\"publisher\":{\"@id\":\"https:\/\/www.ornamentmetal.de\/de\/#organization\"},\"alternateName\":\"OM\",\"potentialAction\":[{\"@type\":\"SearchAction\",\"target\":{\"@type\":\"EntryPoint\",\"urlTemplate\":\"https:\/\/www.ornamentmetal.de\/de\/?s={search_term_string}\"},\"query-input\":{\"@type\":\"PropertyValueSpecification\",\"valueRequired\":true,\"valueName\":\"search_term_string\"}}],\"inLanguage\":\"de\"},{\"@type\":\"Organization\",\"@id\":\"https:\/\/www.ornamentmetal.de\/de\/#organization\",\"name\":\"ornamentmetal\",\"alternateName\":\"OM\",\"url\":\"https:\/\/www.ornamentmetal.de\/de\/\",\"logo\":{\"@type\":\"ImageObject\",\"inLanguage\":\"de\",\"@id\":\"https:\/\/www.ornamentmetal.de\/de\/#\/schema\/logo\/image\/\",\"url\":\"https:\/\/www.ornamentmetal.de\/wp-content\/uploads\/2023\/02\/logo.png\",\"contentUrl\":\"https:\/\/www.ornamentmetal.de\/wp-content\/uploads\/2023\/02\/logo.png\",\"width\":310,\"height\":94,\"caption\":\"ornamentmetal\"},\"image\":{\"@id\":\"https:\/\/www.ornamentmetal.de\/de\/#\/schema\/logo\/image\/\"},\"sameAs\":[\"https:\/\/www.instagram.com\/ornament.metal\/\"]}]}<\/script>\n<!-- \/ Yoast SEO plugin. -->","yoast_head_json":{"title":"Warum Handwerk ein Job der Zukunft ist? - ornamentmetal","description":"Handwerker ist ein Job der Zukunft, weil Nachhaltigkeit und Ressourcenschonung zu unserem t\u00e4glichen Aktivit\u00e4ten z\u00e4hlen.","robots":{"index":"index","follow":"follow","max-snippet":"max-snippet:-1","max-image-preview":"max-image-preview:large","max-video-preview":"max-video-preview:-1"},"canonical":"https:\/\/www.ornamentmetal.de\/de\/warum-handwerk-ein-job-der-zukunft-ist\/","og_locale":"de_DE","og_type":"article","og_title":"Warum Handwerk ein Job der Zukunft ist? - ornamentmetal","og_description":"Handwerker ist ein Job der Zukunft, weil Nachhaltigkeit und Ressourcenschonung zu unserem t\u00e4glichen Aktivit\u00e4ten z\u00e4hlen.","og_url":"https:\/\/www.ornamentmetal.de\/de\/warum-handwerk-ein-job-der-zukunft-ist\/","og_site_name":"ornamentmetal","article_modified_time":"2024-06-13T10:22:46+00:00","og_image":[{"url":"https:\/\/ornamentmetal.de\/wp-content\/uploads\/elementor\/thumbs\/IMG_8781-scaled-q2wuyl762miemrk41cr1pb1vyneckfxm1yl48dj970.jpg","type":"","width":"","height":""}],"twitter_card":"summary_large_image","twitter_misc":{"Gesch\u00e4tzte Lesezeit":"4\u00a0Minuten"},"schema":{"@context":"https:\/\/schema.org","@graph":[{"@type":"WebPage","@id":"https:\/\/www.ornamentmetal.de\/warum-handwerk-ein-job-der-zukunft-ist\/","url":"https:\/\/www.ornamentmetal.de\/warum-handwerk-ein-job-der-zukunft-ist\/","name":"Warum Handwerk ein Job der Zukunft ist? - ornamentmetal","isPartOf":{"@id":"https:\/\/www.ornamentmetal.de\/de\/#website"},"primaryImageOfPage":{"@id":"https:\/\/www.ornamentmetal.de\/warum-handwerk-ein-job-der-zukunft-ist\/#primaryimage"},"image":{"@id":"https:\/\/www.ornamentmetal.de\/warum-handwerk-ein-job-der-zukunft-ist\/#primaryimage"},"thumbnailUrl":"https:\/\/ornamentmetal.de\/wp-content\/uploads\/elementor\/thumbs\/IMG_8781-scaled-q2wuyl762miemrk41cr1pb1vyneckfxm1yl48dj970.jpg","datePublished":"2023-03-20T16:39:44+00:00","dateModified":"2024-06-13T10:22:46+00:00","description":"Handwerker ist ein Job der Zukunft, weil Nachhaltigkeit und Ressourcenschonung zu unserem t\u00e4glichen Aktivit\u00e4ten z\u00e4hlen.","breadcrumb":{"@id":"https:\/\/www.ornamentmetal.de\/warum-handwerk-ein-job-der-zukunft-ist\/#breadcrumb"},"inLanguage":"de","potentialAction":[{"@type":"ReadAction","target":["https:\/\/www.ornamentmetal.de\/warum-handwerk-ein-job-der-zukunft-ist\/"]}]},{"@type":"ImageObject","inLanguage":"de","@id":"https:\/\/www.ornamentmetal.de\/warum-handwerk-ein-job-der-zukunft-ist\/#primaryimage","url":"https:\/\/ornamentmetal.de\/wp-content\/uploads\/elementor\/thumbs\/IMG_8781-scaled-q2wuyl762miemrk41cr1pb1vyneckfxm1yl48dj970.jpg","contentUrl":"https:\/\/ornamentmetal.de\/wp-content\/uploads\/elementor\/thumbs\/IMG_8781-scaled-q2wuyl762miemrk41cr1pb1vyneckfxm1yl48dj970.jpg"},{"@type":"BreadcrumbList","@id":"https:\/\/www.ornamentmetal.de\/warum-handwerk-ein-job-der-zukunft-ist\/#breadcrumb","itemListElement":[{"@type":"ListItem","position":1,"name":"Startseite","item":"https:\/\/www.ornamentmetal.de\/"},{"@type":"ListItem","position":2,"name":"Warum Handwerk ein Job der Zukunft ist?"}]},{"@type":"WebSite","@id":"https:\/\/www.ornamentmetal.de\/de\/#website","url":"https:\/\/www.ornamentmetal.de\/de\/","name":"ornamentmetal","description":"Metallgestaltung und Ornamente","publisher":{"@id":"https:\/\/www.ornamentmetal.de\/de\/#organization"},"alternateName":"OM","potentialAction":[{"@type":"SearchAction","target":{"@type":"EntryPoint","urlTemplate":"https:\/\/www.ornamentmetal.de\/de\/?s={search_term_string}"},"query-input":{"@type":"PropertyValueSpecification","valueRequired":true,"valueName":"search_term_string"}}],"inLanguage":"de"},{"@type":"Organization","@id":"https:\/\/www.ornamentmetal.de\/de\/#organization","name":"ornamentmetal","alternateName":"OM","url":"https:\/\/www.ornamentmetal.de\/de\/","logo":{"@type":"ImageObject","inLanguage":"de","@id":"https:\/\/www.ornamentmetal.de\/de\/#\/schema\/logo\/image\/","url":"https:\/\/www.ornamentmetal.de\/wp-content\/uploads\/2023\/02\/logo.png","contentUrl":"https:\/\/www.ornamentmetal.de\/wp-content\/uploads\/2023\/02\/logo.png","width":310,"height":94,"caption":"ornamentmetal"},"image":{"@id":"https:\/\/www.ornamentmetal.de\/de\/#\/schema\/logo\/image\/"},"sameAs":["https:\/\/www.instagram.com\/ornament.metal\/"]}]}},"jetpack_sharing_enabled":true,"_links":{"self":[{"href":"https:\/\/www.ornamentmetal.de\/de\/wp-json\/wp\/v2\/pages\/554","targetHints":{"allow":["GET"]}}],"collection":[{"href":"https:\/\/www.ornamentmetal.de\/de\/wp-json\/wp\/v2\/pages"}],"about":[{"href":"https:\/\/www.ornamentmetal.de\/de\/wp-json\/wp\/v2\/types\/page"}],"author":[{"embeddable":true,"href":"https:\/\/www.ornamentmetal.de\/de\/wp-json\/wp\/v2\/users\/1"}],"replies":[{"embeddable":true,"href":"https:\/\/www.ornamentmetal.de\/de\/wp-json\/wp\/v2\/comments?post=554"}],"version-history":[{"count":24,"href":"https:\/\/www.ornamentmetal.de\/de\/wp-json\/wp\/v2\/pages\/554\/revisions"}],"predecessor-version":[{"id":2576,"href":"https:\/\/www.ornamentmetal.de\/de\/wp-json\/wp\/v2\/pages\/554\/revisions\/2576"}],"wp:attachment":[{"href":"https:\/\/www.ornamentmetal.de\/de\/wp-json\/wp\/v2\/media?parent=554"}],"curies":[{"name":"wp","href":"https:\/\/api.w.org\/{rel}","templated":true}]}}