{"id":579,"date":"2023-03-21T08:26:04","date_gmt":"2023-03-21T07:26:04","guid":{"rendered":"https:\/\/om.windeck.de\/?page_id=579"},"modified":"2023-06-29T16:11:54","modified_gmt":"2023-06-29T14:11:54","slug":"warum-der-quereinstieg-ins-handwerk-einfacher-als-in-andere-jobs-ist","status":"publish","type":"page","link":"https:\/\/www.ornamentmetal.de\/de\/warum-der-quereinstieg-ins-handwerk-einfacher-als-in-andere-jobs-ist\/","title":{"rendered":"Warum der Quereinstieg ins Handwerk einfacher als in andere Jobs ist?"},"content":{"rendered":"\t\t<div data-elementor-type=\"wp-page\" data-elementor-id=\"579\" class=\"elementor elementor-579\" data-elementor-post-type=\"page\">\n\t\t\t\t\t\t<section class=\"elementor-section elementor-top-section elementor-element elementor-element-26b1c10 elementor-section-boxed elementor-section-height-default elementor-section-height-default\" data-id=\"26b1c10\" data-element_type=\"section\">\n\t\t\t\t\t\t<div class=\"elementor-container elementor-column-gap-default\">\n\t\t\t\t\t<div class=\"elementor-column elementor-col-100 elementor-top-column elementor-element elementor-element-bfd77a4\" data-id=\"bfd77a4\" data-element_type=\"column\">\n\t\t\t<div class=\"elementor-widget-wrap elementor-element-populated\">\n\t\t\t\t\t\t<section class=\"elementor-section elementor-inner-section elementor-element elementor-element-d48afb4 elementor-section-boxed elementor-section-height-default elementor-section-height-default\" data-id=\"d48afb4\" data-element_type=\"section\">\n\t\t\t\t\t\t<div class=\"elementor-container elementor-column-gap-default\">\n\t\t\t\t\t<div class=\"elementor-column elementor-col-50 elementor-inner-column elementor-element elementor-element-7314a42\" data-id=\"7314a42\" data-element_type=\"column\">\n\t\t\t<div class=\"elementor-widget-wrap elementor-element-populated\">\n\t\t\t\t\t\t<div class=\"elementor-element elementor-element-821aa28 elementor-view-default elementor-widget elementor-widget-icon\" data-id=\"821aa28\" data-element_type=\"widget\" data-widget_type=\"icon.default\">\n\t\t\t\t<div class=\"elementor-widget-container\">\n\t\t\t\t\t\t\t<div class=\"elementor-icon-wrapper\">\n\t\t\t<div class=\"elementor-icon\">\n\t\t\t<i aria-hidden=\"true\" class=\"fas fa-rocket\"><\/i>\t\t\t<\/div>\n\t\t<\/div>\n\t\t\t\t\t\t<\/div>\n\t\t\t\t<\/div>\n\t\t\t\t<div class=\"elementor-element elementor-element-2034849 elementor-widget elementor-widget-heading\" data-id=\"2034849\" data-element_type=\"widget\" data-widget_type=\"heading.default\">\n\t\t\t\t<div class=\"elementor-widget-container\">\n\t\t\t\t\t<h2 class=\"elementor-heading-title elementor-size-default\">Warum der Quereinstieg ins Handwerk einfacher als in andere Jobs ist?<span style=\"color: var( --e-global-color-primary );font-family: var( --e-global-typography-secondary-font-family ), Sans-serif;font-size: var( --e-global-typography-secondary-font-size );font-style: var( --e-global-typography-secondary-font-style );letter-spacing: var( --e-global-typography-secondary-letter-spacing );text-transform: var( --e-global-typography-secondary-text-transform );text-decoration: var( --e-global-typography-secondary-text-decoration );background-color: var( --e-global-color-3d761f9 )\"><\/span><\/h2>\t\t\t\t<\/div>\n\t\t\t\t<\/div>\n\t\t\t\t<div class=\"elementor-element elementor-element-7148d18 elementor-widget elementor-widget-text-editor\" data-id=\"7148d18\" data-element_type=\"widget\" data-widget_type=\"text-editor.default\">\n\t\t\t\t<div class=\"elementor-widget-container\">\n\t\t\t\t\t\t\t\t\t<div class=\"flex-1 overflow-hidden\"><div class=\"react-scroll-to-bottom--css-tknnu-79elbk h-full dark:bg-gray-800\"><div class=\"react-scroll-to-bottom--css-tknnu-1n7m0yu\"><div class=\"flex flex-col items-center text-sm dark:bg-gray-800\"><div class=\"group w-full text-gray-800 dark:text-gray-100 border-b border-black\/10 dark:border-gray-900\/50 bg-gray-50 dark:bg-[#444654]\"><div class=\"text-base gap-4 md:gap-6 md:max-w-2xl lg:max-w-2xl xl:max-w-3xl p-4 md:py-6 flex lg:px-0 m-auto\"><div class=\"relative flex w-[calc(100%-50px)] flex-col gap-1 md:gap-3 lg:w-[calc(100%-115px)]\"><div class=\"flex flex-grow flex-col gap-3\"><div class=\"min-h-[20px] flex flex-col items-start gap-4 whitespace-pre-wrap\"><div class=\"markdown prose w-full break-words dark:prose-invert light\"><p>Es gibt mehrere Gr\u00fcnde, warum der Quereinstieg ins Handwerk oft einfacher sein kann als in andere Berufe:<\/p><ol><li><p><strong>Praktische F\u00e4higkeiten<\/strong>: Im Handwerk sind praktische F\u00e4higkeiten wie handwerkliches Geschick, r\u00e4umliches Vorstellungsverm\u00f6gen und technisches Verst\u00e4ndnis oft wichtiger als formale Bildung. Das bedeutet, dass jemand ohne formale Ausbildung oder Studium, aber mit diesen praktischen F\u00e4higkeiten und Erfahrungen oft gut in das Handwerk einsteigen kann. Bei uns kannst du auch zeigen, was du drauf hast.\u00a0<\/p><\/li><li><p><strong>Bedarf an Fachkr\u00e4ften<\/strong>: Das Handwerk ist oft von einem Fachkr\u00e4ftemangel betroffen, da viele \u00e4ltere Fachkr\u00e4fte in den Ruhestand gehen und es nicht gen\u00fcgend junge Menschen gibt, die eine Ausbildung im Handwerk absolvieren m\u00f6chten. Das bedeutet dann auch, dass Handwerksbetriebe bereit sind, Quereinsteiger einzustellen und zu schulen, um ihren Bedarf an Fachkr\u00e4ften zu decken. Deshalb suchen wir auch junge, motivierte Mitarbeiter.\u00a0<\/p><\/li><li><p><strong>Einfache Einstiegsm\u00f6glichkeiten<\/strong>: Im Handwerk gibt es oft verschiedene Einstiegsm\u00f6glichkeiten f\u00fcr Quereinsteiger. Einige Handwerksbetriebe wie wir bieten beispielsweise Praktika oder Hospitationen an, um Interessierten die M\u00f6glichkeit zu geben, das Handwerk kennenzulernen und praktische Erfahrungen zu sammeln. Andere Betriebe bieten Quereinsteigern eine Ausbildung oder Umschulung an, um sie f\u00fcr den Beruf fit zu machen. Praktika und Probearbeiten sind bei uns ein guter Start um uns kennenzulernen.\u00a0<\/p><\/li><li><p><strong>Geringere H\u00fcrden<\/strong>: Im Gegensatz zu vielen anderen Berufen erfordert das Handwerk oft keine formalen Bildungsabschl\u00fcsse wie Abitur oder Studium. Es ist oft ausreichend, eine praktische Ausbildung oder Erfahrung zu haben und die n\u00f6tigen F\u00e4higkeiten und Kenntnisse zu besitzen.\u00a0<\/p><\/li><\/ol><p><strong>Alles in allem gibt es viele Faktoren, die den Quereinstieg ins Handwerk erleichtern k\u00f6nnen. Wenn jemand die richtigen F\u00e4higkeiten und Kenntnisse mitbringt und bereit ist, sich weiterzubilden und zu lernen, kann er oder sie im Handwerk erfolgreich sein.<\/strong><\/p><\/div><\/div><\/div><\/div><\/div><\/div><\/div><\/div><\/div><\/div>\t\t\t\t\t\t\t\t<\/div>\n\t\t\t\t<\/div>\n\t\t\t\t<div class=\"elementor-element elementor-element-9936003 elementor-align-center elementor-widget elementor-widget-button\" data-id=\"9936003\" data-element_type=\"widget\" data-widget_type=\"button.default\">\n\t\t\t\t<div class=\"elementor-widget-container\">\n\t\t\t\t\t\t\t\t\t<div class=\"elementor-button-wrapper\">\n\t\t\t\t\t<a class=\"elementor-button elementor-button-link elementor-size-sm\" href=\"https:\/\/www.ornamentmetal.de\/bewerben\/\">\n\t\t\t\t\t\t<span class=\"elementor-button-content-wrapper\">\n\t\t\t\t\t\t\t\t\t<span class=\"elementor-button-text\">Jetzt Bewerben!<\/span>\n\t\t\t\t\t<\/span>\n\t\t\t\t\t<\/a>\n\t\t\t\t<\/div>\n\t\t\t\t\t\t\t\t<\/div>\n\t\t\t\t<\/div>\n\t\t\t\t\t<\/div>\n\t\t<\/div>\n\t\t\t\t<div class=\"elementor-column elementor-col-50 elementor-inner-column elementor-element elementor-element-f19586a\" data-id=\"f19586a\" data-element_type=\"column\">\n\t\t\t<div class=\"elementor-widget-wrap elementor-element-populated\">\n\t\t\t\t\t\t<div class=\"elementor-element elementor-element-6816eea elementor-widget elementor-widget-image\" data-id=\"6816eea\" data-element_type=\"widget\" data-widget_type=\"image.default\">\n\t\t\t\t<div class=\"elementor-widget-container\">\n\t\t\t\t\t\t\t\t\t\t\t\t\t\t\t<img fetchpriority=\"high\" decoding=\"async\" width=\"800\" height=\"534\" src=\"https:\/\/www.ornamentmetal.de\/wp-content\/uploads\/2023\/03\/IMG_8740-1024x683.jpg\" class=\"attachment-large size-large wp-image-298\" alt=\"\" srcset=\"https:\/\/www.ornamentmetal.de\/wp-content\/uploads\/2023\/03\/IMG_8740-1024x683.jpg 1024w, https:\/\/www.ornamentmetal.de\/wp-content\/uploads\/2023\/03\/IMG_8740-300x200.jpg 300w, https:\/\/www.ornamentmetal.de\/wp-content\/uploads\/2023\/03\/IMG_8740-768x512.jpg 768w, https:\/\/www.ornamentmetal.de\/wp-content\/uploads\/2023\/03\/IMG_8740-1536x1024.jpg 1536w, https:\/\/www.ornamentmetal.de\/wp-content\/uploads\/2023\/03\/IMG_8740-2048x1365.jpg 2048w, https:\/\/www.ornamentmetal.de\/wp-content\/uploads\/2023\/03\/IMG_8740-18x12.jpg 18w, https:\/\/www.ornamentmetal.de\/wp-content\/uploads\/2023\/03\/IMG_8740-scaled.jpg 1800w\" sizes=\"(max-width: 800px) 100vw, 800px\" \/>\t\t\t\t\t\t\t\t\t\t\t\t\t\t\t<\/div>\n\t\t\t\t<\/div>\n\t\t\t\t\t<\/div>\n\t\t<\/div>\n\t\t\t\t\t<\/div>\n\t\t<\/section>\n\t\t\t\t\t<\/div>\n\t\t<\/div>\n\t\t\t\t\t<\/div>\n\t\t<\/section>\n\t\t\t\t<section class=\"elementor-section elementor-top-section elementor-element elementor-element-7cf67b3 elementor-section-boxed elementor-section-height-default elementor-section-height-default\" data-id=\"7cf67b3\" data-element_type=\"section\">\n\t\t\t\t\t\t<div class=\"elementor-container elementor-column-gap-default\">\n\t\t\t\t\t<div class=\"elementor-column elementor-col-100 elementor-top-column elementor-element elementor-element-2baf424\" data-id=\"2baf424\" data-element_type=\"column\">\n\t\t\t<div class=\"elementor-widget-wrap elementor-element-populated\">\n\t\t\t\t\t\t<section class=\"elementor-section elementor-inner-section elementor-element elementor-element-cb58885 elementor-section-boxed elementor-section-height-default elementor-section-height-default\" data-id=\"cb58885\" data-element_type=\"section\">\n\t\t\t\t\t\t<div class=\"elementor-container elementor-column-gap-default\">\n\t\t\t\t\t<div class=\"elementor-column elementor-col-50 elementor-inner-column elementor-element elementor-element-15dddeb\" data-id=\"15dddeb\" data-element_type=\"column\">\n\t\t\t<div class=\"elementor-widget-wrap elementor-element-populated\">\n\t\t\t\t\t\t<div class=\"elementor-element elementor-element-6db5d9a elementor-widget elementor-widget-image\" data-id=\"6db5d9a\" data-element_type=\"widget\" data-widget_type=\"image.default\">\n\t\t\t\t<div class=\"elementor-widget-container\">\n\t\t\t\t\t\t\t\t\t\t\t\t\t\t\t<img decoding=\"async\" width=\"800\" height=\"534\" src=\"https:\/\/www.ornamentmetal.de\/wp-content\/uploads\/2023\/03\/IMG_8835-1024x683.jpg\" class=\"attachment-large size-large wp-image-323\" alt=\"\" srcset=\"https:\/\/www.ornamentmetal.de\/wp-content\/uploads\/2023\/03\/IMG_8835-1024x683.jpg 1024w, https:\/\/www.ornamentmetal.de\/wp-content\/uploads\/2023\/03\/IMG_8835-300x200.jpg 300w, https:\/\/www.ornamentmetal.de\/wp-content\/uploads\/2023\/03\/IMG_8835-768x512.jpg 768w, https:\/\/www.ornamentmetal.de\/wp-content\/uploads\/2023\/03\/IMG_8835-1536x1024.jpg 1536w, https:\/\/www.ornamentmetal.de\/wp-content\/uploads\/2023\/03\/IMG_8835-scaled.jpg 1800w, https:\/\/www.ornamentmetal.de\/wp-content\/uploads\/2023\/03\/IMG_8835-18x12.jpg 18w\" sizes=\"(max-width: 800px) 100vw, 800px\" \/>\t\t\t\t\t\t\t\t\t\t\t\t\t\t\t<\/div>\n\t\t\t\t<\/div>\n\t\t\t\t\t<\/div>\n\t\t<\/div>\n\t\t\t\t<div class=\"elementor-column elementor-col-50 elementor-inner-column elementor-element elementor-element-f553047\" data-id=\"f553047\" data-element_type=\"column\">\n\t\t\t<div class=\"elementor-widget-wrap elementor-element-populated\">\n\t\t\t\t\t\t<div class=\"elementor-element elementor-element-f266b9a elementor-widget elementor-widget-heading\" data-id=\"f266b9a\" data-element_type=\"widget\" data-widget_type=\"heading.default\">\n\t\t\t\t<div class=\"elementor-widget-container\">\n\t\t\t\t\t<h2 class=\"elementor-heading-title elementor-size-default\">Chancen f\u00fcr den Quereinstieg <\/h2>\t\t\t\t<\/div>\n\t\t\t\t<\/div>\n\t\t\t\t<div class=\"elementor-element elementor-element-fa579b8 elementor-widget elementor-widget-text-editor\" data-id=\"fa579b8\" data-element_type=\"widget\" data-widget_type=\"text-editor.default\">\n\t\t\t\t<div class=\"elementor-widget-container\">\n\t\t\t\t\t\t\t\t\t<p>Es gibt verschiedene M\u00f6glichkeiten, sich \u00fcber Chancen f\u00fcr den Quereinstieg ins Handwerk zu informieren:<\/p><ol><li><p><strong>Handwerkskammer<\/strong>: Die Handwerkskammern sind die Interessenvertretungen des Handwerks und bieten umfassende Informationen \u00fcber die verschiedenen Berufe und Karrierem\u00f6glichkeiten im Handwerk. In unserer Region ist das die <a href=\"https:\/\/www.hwk-cottbus.de\" target=\"_blank\" rel=\"noopener\">Handwerkskammer Cottbus<\/a>. Dort k\u00f6nnen Interessierte sich \u00fcber die verschiedenen Wege in den Handwerksberuf informieren und sich beraten lassen.<\/p><\/li><li><p><strong>Internetrecherche<\/strong>: So wie jetzt gerade. Eine Internetrecherche nach Handwerksberufen und Quereinstiegsm\u00f6glichkeiten kann auch hilfreich sein. Viele Handwerksbetriebe wie wir haben eigene Websites, auf denen sie ihre <a href=\"https:\/\/www.ornamentmetal.de\/karriere\/\">Dienstleistungen und Stellenangebote<\/a> pr\u00e4sentieren. Dort k\u00f6nnen Quereinsteiger sich \u00fcber die Anforderungen und M\u00f6glichkeiten informieren und auch direkt Kontakt mit Betrieben aufnehmen.<\/p><\/li><li><p><strong>Weiterbildungsanbieter<\/strong>: Es gibt auch Weiterbildungsanbieter, die Umschulungen und Weiterbildungen im Handwerk anbieten. Dort k\u00f6nnen sich Quereinsteiger \u00fcber die verschiedenen Angebote und Voraussetzungen informieren und sich beraten lassen. Im Metallbau gibt es auch explizit M\u00f6glichkeiten der <a href=\"https:\/\/www.hwk-cottbus.de\/artikel\/weiterbildung-metallbau-schweissen-7,818,3522.html\" target=\"_blank\" rel=\"noopener\">Weiterbildung f\u00fcr Metallbauer<\/a>.<\/p><\/li><\/ol><p><strong>Es ist wichtig, dass sich Quereinsteiger ausreichend \u00fcber die verschiedenen M\u00f6glichkeiten informieren und sich gegebenenfalls beraten lassen, um den passenden Weg in den Handwerksberuf zu finden.<\/strong><\/p>\t\t\t\t\t\t\t\t<\/div>\n\t\t\t\t<\/div>\n\t\t\t\t<div class=\"elementor-element elementor-element-6af337f elementor-align-center elementor-widget elementor-widget-button\" data-id=\"6af337f\" data-element_type=\"widget\" data-widget_type=\"button.default\">\n\t\t\t\t<div class=\"elementor-widget-container\">\n\t\t\t\t\t\t\t\t\t<div class=\"elementor-button-wrapper\">\n\t\t\t\t\t<a class=\"elementor-button elementor-button-link elementor-size-sm\" href=\"https:\/\/www.ornamentmetal.de\/bewerben\/\">\n\t\t\t\t\t\t<span class=\"elementor-button-content-wrapper\">\n\t\t\t\t\t\t\t\t\t<span class=\"elementor-button-text\">Jetzt Bewerben!<\/span>\n\t\t\t\t\t<\/span>\n\t\t\t\t\t<\/a>\n\t\t\t\t<\/div>\n\t\t\t\t\t\t\t\t<\/div>\n\t\t\t\t<\/div>\n\t\t\t\t\t<\/div>\n\t\t<\/div>\n\t\t\t\t\t<\/div>\n\t\t<\/section>\n\t\t\t\t\t<\/div>\n\t\t<\/div>\n\t\t\t\t\t<\/div>\n\t\t<\/section>\n\t\t\t\t<\/div>\n\t\t","protected":false},"excerpt":{"rendered":"<p>Warum der Quereinstieg ins Handwerk einfacher als in andere Jobs ist? Es gibt mehrere Gr\u00fcnde, warum der Quereinstieg ins Handwerk oft einfacher sein kann als in andere Berufe: Praktische F\u00e4higkeiten: Im Handwerk sind praktische F\u00e4higkeiten wie handwerkliches Geschick, r\u00e4umliches Vorstellungsverm\u00f6gen und technisches Verst\u00e4ndnis oft wichtiger als formale Bildung. Das bedeutet, dass jemand ohne formale Ausbildung [&hellip;]<\/p>\n","protected":false},"author":1,"featured_media":0,"parent":0,"menu_order":0,"comment_status":"closed","ping_status":"closed","template":"","meta":{"content-type":"","footnotes":""},"class_list":["post-579","page","type-page","status-publish","hentry"],"yoast_head":"<!-- This site is optimized with the Yoast SEO plugin v25.9 - https:\/\/yoast.com\/wordpress\/plugins\/seo\/ -->\n<title>Warum der Quereinstieg ins Handwerk einfacher als in andere Jobs ist? - ornamentmetal<\/title>\n<meta name=\"description\" content=\"Der Quereinstieg ist eine sehr gute M\u00f6glichkeit einem Job im Handwerk zu finden. Lerne mehr \u00fcber M\u00f6glichkeiten und Chancen.\" \/>\n<meta name=\"robots\" content=\"index, follow, max-snippet:-1, max-image-preview:large, max-video-preview:-1\" \/>\n<link rel=\"canonical\" href=\"https:\/\/www.ornamentmetal.de\/de\/warum-der-quereinstieg-ins-handwerk-einfacher-als-in-andere-jobs-ist\/\" \/>\n<meta property=\"og:locale\" content=\"de_DE\" \/>\n<meta property=\"og:type\" content=\"article\" \/>\n<meta property=\"og:title\" content=\"Warum der Quereinstieg ins Handwerk einfacher als in andere Jobs ist? - ornamentmetal\" \/>\n<meta property=\"og:description\" content=\"Der Quereinstieg ist eine sehr gute M\u00f6glichkeit einem Job im Handwerk zu finden. Lerne mehr \u00fcber M\u00f6glichkeiten und Chancen.\" \/>\n<meta property=\"og:url\" content=\"https:\/\/www.ornamentmetal.de\/de\/warum-der-quereinstieg-ins-handwerk-einfacher-als-in-andere-jobs-ist\/\" \/>\n<meta property=\"og:site_name\" content=\"ornamentmetal\" \/>\n<meta property=\"article:modified_time\" content=\"2023-06-29T14:11:54+00:00\" \/>\n<meta property=\"og:image\" content=\"https:\/\/ornamentmetal.de\/wp-content\/uploads\/2023\/03\/IMG_8740-1024x683.jpg\" \/>\n<meta name=\"twitter:card\" content=\"summary_large_image\" \/>\n<meta name=\"twitter:label1\" content=\"Gesch\u00e4tzte Lesezeit\" \/>\n\t<meta name=\"twitter:data1\" content=\"3\u00a0Minuten\" \/>\n<script type=\"application\/ld+json\" class=\"yoast-schema-graph\">{\"@context\":\"https:\/\/schema.org\",\"@graph\":[{\"@type\":\"WebPage\",\"@id\":\"https:\/\/www.ornamentmetal.de\/warum-der-quereinstieg-ins-handwerk-einfacher-als-in-andere-jobs-ist\/\",\"url\":\"https:\/\/www.ornamentmetal.de\/warum-der-quereinstieg-ins-handwerk-einfacher-als-in-andere-jobs-ist\/\",\"name\":\"Warum der Quereinstieg ins Handwerk einfacher als in andere Jobs ist? - ornamentmetal\",\"isPartOf\":{\"@id\":\"https:\/\/www.ornamentmetal.de\/de\/#website\"},\"primaryImageOfPage\":{\"@id\":\"https:\/\/www.ornamentmetal.de\/warum-der-quereinstieg-ins-handwerk-einfacher-als-in-andere-jobs-ist\/#primaryimage\"},\"image\":{\"@id\":\"https:\/\/www.ornamentmetal.de\/warum-der-quereinstieg-ins-handwerk-einfacher-als-in-andere-jobs-ist\/#primaryimage\"},\"thumbnailUrl\":\"https:\/\/ornamentmetal.de\/wp-content\/uploads\/2023\/03\/IMG_8740-1024x683.jpg\",\"datePublished\":\"2023-03-21T07:26:04+00:00\",\"dateModified\":\"2023-06-29T14:11:54+00:00\",\"description\":\"Der Quereinstieg ist eine sehr gute M\u00f6glichkeit einem Job im Handwerk zu finden. Lerne mehr \u00fcber M\u00f6glichkeiten und Chancen.\",\"breadcrumb\":{\"@id\":\"https:\/\/www.ornamentmetal.de\/warum-der-quereinstieg-ins-handwerk-einfacher-als-in-andere-jobs-ist\/#breadcrumb\"},\"inLanguage\":\"de\",\"potentialAction\":[{\"@type\":\"ReadAction\",\"target\":[\"https:\/\/www.ornamentmetal.de\/warum-der-quereinstieg-ins-handwerk-einfacher-als-in-andere-jobs-ist\/\"]}]},{\"@type\":\"ImageObject\",\"inLanguage\":\"de\",\"@id\":\"https:\/\/www.ornamentmetal.de\/warum-der-quereinstieg-ins-handwerk-einfacher-als-in-andere-jobs-ist\/#primaryimage\",\"url\":\"https:\/\/ornamentmetal.de\/wp-content\/uploads\/2023\/03\/IMG_8740-1024x683.jpg\",\"contentUrl\":\"https:\/\/ornamentmetal.de\/wp-content\/uploads\/2023\/03\/IMG_8740-1024x683.jpg\"},{\"@type\":\"BreadcrumbList\",\"@id\":\"https:\/\/www.ornamentmetal.de\/warum-der-quereinstieg-ins-handwerk-einfacher-als-in-andere-jobs-ist\/#breadcrumb\",\"itemListElement\":[{\"@type\":\"ListItem\",\"position\":1,\"name\":\"Startseite\",\"item\":\"https:\/\/www.ornamentmetal.de\/\"},{\"@type\":\"ListItem\",\"position\":2,\"name\":\"Warum der Quereinstieg ins Handwerk einfacher als in andere Jobs ist?\"}]},{\"@type\":\"WebSite\",\"@id\":\"https:\/\/www.ornamentmetal.de\/de\/#website\",\"url\":\"https:\/\/www.ornamentmetal.de\/de\/\",\"name\":\"ornamentmetal\",\"description\":\"Metallgestaltung und Ornamente\",\"publisher\":{\"@id\":\"https:\/\/www.ornamentmetal.de\/de\/#organization\"},\"alternateName\":\"OM\",\"potentialAction\":[{\"@type\":\"SearchAction\",\"target\":{\"@type\":\"EntryPoint\",\"urlTemplate\":\"https:\/\/www.ornamentmetal.de\/de\/?s={search_term_string}\"},\"query-input\":{\"@type\":\"PropertyValueSpecification\",\"valueRequired\":true,\"valueName\":\"search_term_string\"}}],\"inLanguage\":\"de\"},{\"@type\":\"Organization\",\"@id\":\"https:\/\/www.ornamentmetal.de\/de\/#organization\",\"name\":\"ornamentmetal\",\"alternateName\":\"OM\",\"url\":\"https:\/\/www.ornamentmetal.de\/de\/\",\"logo\":{\"@type\":\"ImageObject\",\"inLanguage\":\"de\",\"@id\":\"https:\/\/www.ornamentmetal.de\/de\/#\/schema\/logo\/image\/\",\"url\":\"https:\/\/www.ornamentmetal.de\/wp-content\/uploads\/2023\/02\/logo.png\",\"contentUrl\":\"https:\/\/www.ornamentmetal.de\/wp-content\/uploads\/2023\/02\/logo.png\",\"width\":310,\"height\":94,\"caption\":\"ornamentmetal\"},\"image\":{\"@id\":\"https:\/\/www.ornamentmetal.de\/de\/#\/schema\/logo\/image\/\"},\"sameAs\":[\"https:\/\/www.instagram.com\/ornament.metal\/\"]}]}<\/script>\n<!-- \/ Yoast SEO plugin. -->","yoast_head_json":{"title":"Warum der Quereinstieg ins Handwerk einfacher als in andere Jobs ist? - ornamentmetal","description":"Der Quereinstieg ist eine sehr gute M\u00f6glichkeit einem Job im Handwerk zu finden. Lerne mehr \u00fcber M\u00f6glichkeiten und Chancen.","robots":{"index":"index","follow":"follow","max-snippet":"max-snippet:-1","max-image-preview":"max-image-preview:large","max-video-preview":"max-video-preview:-1"},"canonical":"https:\/\/www.ornamentmetal.de\/de\/warum-der-quereinstieg-ins-handwerk-einfacher-als-in-andere-jobs-ist\/","og_locale":"de_DE","og_type":"article","og_title":"Warum der Quereinstieg ins Handwerk einfacher als in andere Jobs ist? - ornamentmetal","og_description":"Der Quereinstieg ist eine sehr gute M\u00f6glichkeit einem Job im Handwerk zu finden. Lerne mehr \u00fcber M\u00f6glichkeiten und Chancen.","og_url":"https:\/\/www.ornamentmetal.de\/de\/warum-der-quereinstieg-ins-handwerk-einfacher-als-in-andere-jobs-ist\/","og_site_name":"ornamentmetal","article_modified_time":"2023-06-29T14:11:54+00:00","og_image":[{"url":"https:\/\/ornamentmetal.de\/wp-content\/uploads\/2023\/03\/IMG_8740-1024x683.jpg","type":"","width":"","height":""}],"twitter_card":"summary_large_image","twitter_misc":{"Gesch\u00e4tzte Lesezeit":"3\u00a0Minuten"},"schema":{"@context":"https:\/\/schema.org","@graph":[{"@type":"WebPage","@id":"https:\/\/www.ornamentmetal.de\/warum-der-quereinstieg-ins-handwerk-einfacher-als-in-andere-jobs-ist\/","url":"https:\/\/www.ornamentmetal.de\/warum-der-quereinstieg-ins-handwerk-einfacher-als-in-andere-jobs-ist\/","name":"Warum der Quereinstieg ins Handwerk einfacher als in andere Jobs ist? - ornamentmetal","isPartOf":{"@id":"https:\/\/www.ornamentmetal.de\/de\/#website"},"primaryImageOfPage":{"@id":"https:\/\/www.ornamentmetal.de\/warum-der-quereinstieg-ins-handwerk-einfacher-als-in-andere-jobs-ist\/#primaryimage"},"image":{"@id":"https:\/\/www.ornamentmetal.de\/warum-der-quereinstieg-ins-handwerk-einfacher-als-in-andere-jobs-ist\/#primaryimage"},"thumbnailUrl":"https:\/\/ornamentmetal.de\/wp-content\/uploads\/2023\/03\/IMG_8740-1024x683.jpg","datePublished":"2023-03-21T07:26:04+00:00","dateModified":"2023-06-29T14:11:54+00:00","description":"Der Quereinstieg ist eine sehr gute M\u00f6glichkeit einem Job im Handwerk zu finden. Lerne mehr \u00fcber M\u00f6glichkeiten und Chancen.","breadcrumb":{"@id":"https:\/\/www.ornamentmetal.de\/warum-der-quereinstieg-ins-handwerk-einfacher-als-in-andere-jobs-ist\/#breadcrumb"},"inLanguage":"de","potentialAction":[{"@type":"ReadAction","target":["https:\/\/www.ornamentmetal.de\/warum-der-quereinstieg-ins-handwerk-einfacher-als-in-andere-jobs-ist\/"]}]},{"@type":"ImageObject","inLanguage":"de","@id":"https:\/\/www.ornamentmetal.de\/warum-der-quereinstieg-ins-handwerk-einfacher-als-in-andere-jobs-ist\/#primaryimage","url":"https:\/\/ornamentmetal.de\/wp-content\/uploads\/2023\/03\/IMG_8740-1024x683.jpg","contentUrl":"https:\/\/ornamentmetal.de\/wp-content\/uploads\/2023\/03\/IMG_8740-1024x683.jpg"},{"@type":"BreadcrumbList","@id":"https:\/\/www.ornamentmetal.de\/warum-der-quereinstieg-ins-handwerk-einfacher-als-in-andere-jobs-ist\/#breadcrumb","itemListElement":[{"@type":"ListItem","position":1,"name":"Startseite","item":"https:\/\/www.ornamentmetal.de\/"},{"@type":"ListItem","position":2,"name":"Warum der Quereinstieg ins Handwerk einfacher als in andere Jobs ist?"}]},{"@type":"WebSite","@id":"https:\/\/www.ornamentmetal.de\/de\/#website","url":"https:\/\/www.ornamentmetal.de\/de\/","name":"ornamentmetal","description":"Metallgestaltung und Ornamente","publisher":{"@id":"https:\/\/www.ornamentmetal.de\/de\/#organization"},"alternateName":"OM","potentialAction":[{"@type":"SearchAction","target":{"@type":"EntryPoint","urlTemplate":"https:\/\/www.ornamentmetal.de\/de\/?s={search_term_string}"},"query-input":{"@type":"PropertyValueSpecification","valueRequired":true,"valueName":"search_term_string"}}],"inLanguage":"de"},{"@type":"Organization","@id":"https:\/\/www.ornamentmetal.de\/de\/#organization","name":"ornamentmetal","alternateName":"OM","url":"https:\/\/www.ornamentmetal.de\/de\/","logo":{"@type":"ImageObject","inLanguage":"de","@id":"https:\/\/www.ornamentmetal.de\/de\/#\/schema\/logo\/image\/","url":"https:\/\/www.ornamentmetal.de\/wp-content\/uploads\/2023\/02\/logo.png","contentUrl":"https:\/\/www.ornamentmetal.de\/wp-content\/uploads\/2023\/02\/logo.png","width":310,"height":94,"caption":"ornamentmetal"},"image":{"@id":"https:\/\/www.ornamentmetal.de\/de\/#\/schema\/logo\/image\/"},"sameAs":["https:\/\/www.instagram.com\/ornament.metal\/"]}]}},"jetpack_sharing_enabled":true,"_links":{"self":[{"href":"https:\/\/www.ornamentmetal.de\/de\/wp-json\/wp\/v2\/pages\/579","targetHints":{"allow":["GET"]}}],"collection":[{"href":"https:\/\/www.ornamentmetal.de\/de\/wp-json\/wp\/v2\/pages"}],"about":[{"href":"https:\/\/www.ornamentmetal.de\/de\/wp-json\/wp\/v2\/types\/page"}],"author":[{"embeddable":true,"href":"https:\/\/www.ornamentmetal.de\/de\/wp-json\/wp\/v2\/users\/1"}],"replies":[{"embeddable":true,"href":"https:\/\/www.ornamentmetal.de\/de\/wp-json\/wp\/v2\/comments?post=579"}],"version-history":[{"count":20,"href":"https:\/\/www.ornamentmetal.de\/de\/wp-json\/wp\/v2\/pages\/579\/revisions"}],"predecessor-version":[{"id":1320,"href":"https:\/\/www.ornamentmetal.de\/de\/wp-json\/wp\/v2\/pages\/579\/revisions\/1320"}],"wp:attachment":[{"href":"https:\/\/www.ornamentmetal.de\/de\/wp-json\/wp\/v2\/media?parent=579"}],"curies":[{"name":"wp","href":"https:\/\/api.w.org\/{rel}","templated":true}]}}