{"id":657,"date":"2023-03-21T12:35:45","date_gmt":"2023-03-21T11:35:45","guid":{"rendered":"https:\/\/om.windeck.de\/?page_id=657"},"modified":"2024-06-13T12:21:27","modified_gmt":"2024-06-13T10:21:27","slug":"ornamentmetal-logo","status":"publish","type":"page","link":"https:\/\/www.ornamentmetal.de\/de\/ornamentmetal-logo\/","title":{"rendered":"ornamentmetal Logo"},"content":{"rendered":"\t\t<div data-elementor-type=\"wp-page\" data-elementor-id=\"657\" class=\"elementor elementor-657\" data-elementor-post-type=\"page\">\n\t\t\t\t\t\t<section class=\"elementor-section elementor-top-section elementor-element elementor-element-6b0f9de elementor-section-boxed elementor-section-height-default elementor-section-height-default\" data-id=\"6b0f9de\" data-element_type=\"section\">\n\t\t\t\t\t\t<div class=\"elementor-container elementor-column-gap-default\">\n\t\t\t\t\t<div class=\"elementor-column elementor-col-50 elementor-top-column elementor-element elementor-element-ff80999\" data-id=\"ff80999\" data-element_type=\"column\">\n\t\t\t<div class=\"elementor-widget-wrap elementor-element-populated\">\n\t\t\t\t\t\t<div class=\"elementor-element elementor-element-f9e8fd5 elementor-widget elementor-widget-image\" data-id=\"f9e8fd5\" data-element_type=\"widget\" data-widget_type=\"image.default\">\n\t\t\t\t<div class=\"elementor-widget-container\">\n\t\t\t\t\t\t\t\t\t\t\t\t\t\t\t<img decoding=\"async\" width=\"310\" height=\"94\" src=\"https:\/\/www.ornamentmetal.de\/wp-content\/uploads\/2023\/02\/logo.png\" class=\"attachment-large size-large wp-image-85\" alt=\"ornamentmetal Logo mit Schriftzug\" srcset=\"https:\/\/www.ornamentmetal.de\/wp-content\/uploads\/2023\/02\/logo.png 310w, https:\/\/www.ornamentmetal.de\/wp-content\/uploads\/2023\/02\/logo-300x91.png 300w, https:\/\/www.ornamentmetal.de\/wp-content\/uploads\/2023\/02\/logo-18x5.png 18w\" sizes=\"(max-width: 310px) 100vw, 310px\" \/>\t\t\t\t\t\t\t\t\t\t\t\t\t\t\t<\/div>\n\t\t\t\t<\/div>\n\t\t\t\t\t<\/div>\n\t\t<\/div>\n\t\t\t\t<div class=\"elementor-column elementor-col-50 elementor-top-column elementor-element elementor-element-3ae1b6e\" data-id=\"3ae1b6e\" data-element_type=\"column\">\n\t\t\t<div class=\"elementor-widget-wrap elementor-element-populated\">\n\t\t\t\t\t\t<div class=\"elementor-element elementor-element-e860b17 elementor-widget elementor-widget-heading\" data-id=\"e860b17\" data-element_type=\"widget\" data-widget_type=\"heading.default\">\n\t\t\t\t<div class=\"elementor-widget-container\">\n\t\t\t\t\t<h2 class=\"elementor-heading-title elementor-size-default\">Woher kommt eigentlich unser Logo?<\/h2>\t\t\t\t<\/div>\n\t\t\t\t<\/div>\n\t\t\t\t<div class=\"elementor-element elementor-element-9d01d60 elementor-widget elementor-widget-text-editor\" data-id=\"9d01d60\" data-element_type=\"widget\" data-widget_type=\"text-editor.default\">\n\t\t\t\t<div class=\"elementor-widget-container\">\n\t\t\t\t\t\t\t\t\t<p>\u00a0<\/p><p>Das Logo von <strong>ornamentmetal<\/strong> ist ein stilisiertes Symbol, das aus einem Schriftzug und einem grafischen Element besteht.\u00a0<\/p><p>Der Schriftzug &#8222;<strong>ornamentmetal GmbH<\/strong>&#8220; ist in einer modernen und klaren Schriftart geschrieben und steht rechts neben einem grafischen Element. Dieses Element ist ein stilisiertes Wappen, das aus einem Schild, zwei H\u00e4mmern besteht und einer R\u00fcstung mit Helm besteht.\u00a0<\/p><p>Es sind stilisierte Linien, Formen sowie die Farbpalette des Logos als Kombination aus Silber- und Bronzet\u00f6nen, die dem Logo ein professionelles und modernes Aussehen verleihen und<span style=\"color: var( --e-global-color-text ); font-family: var( --e-global-typography-text-font-family ), Sans-serif; font-size: var( --e-global-typography-text-font-size ); font-style: var( --e-global-typography-text-font-style ); letter-spacing: var( --e-global-typography-text-letter-spacing ); text-transform: var( --e-global-typography-text-text-transform ); text-decoration: var( --e-global-typography-text-text-decoration ); background-color: var( --e-global-color-3d761f9 );\">\u00a0an Metallbearbeitung und -verarbeitung erinnern<\/span><span style=\"color: var( --e-global-color-text ); font-family: var( --e-global-typography-text-font-family ), Sans-serif; font-size: var( --e-global-typography-text-font-size ); font-style: var( --e-global-typography-text-font-style ); letter-spacing: var( --e-global-typography-text-letter-spacing ); text-transform: var( --e-global-typography-text-text-transform ); text-decoration: var( --e-global-typography-text-text-decoration ); background-color: var( --e-global-color-3d761f9 );\">.\u00a0<\/span><\/p><p>Das Wappen lehnt sich an das <strong>Symbol der Zunft der Silberschmiede<\/strong> (<a href=\"https:\/\/de.wikipedia.org\/wiki\/Zunftzeichen\" target=\"_blank\" rel=\"noopener\">Wikipedia<\/a>), weil der Gr\u00fcnder und Gesch\u00e4ftsf\u00fchrer (Eberhard Kubiak) einen Meister als Silberschmied tr\u00e4gt und das Unternehmen den Anspruch tr\u00e4gt, elegante und gelungene Arbeiten, die eines Silberschmiedes w\u00fcrdig sind zu leisten.\u00a0<\/p><p>Der <strong>Silberschmied<\/strong>\u00a0(eine Spezialisierung des <a href=\"https:\/\/de.wikipedia.org\/wiki\/Schmied\" target=\"_blank\" rel=\"noopener\">Schmiedes<\/a>) ist nahe verwandt mit dem weiterverbreiteten <strong>Goldschmied<\/strong> (<a href=\"https:\/\/de.wikipedia.org\/wiki\/Goldschmied\" target=\"_blank\" rel=\"noopener\">Wikipedia<\/a>), der Schmuck aus Edelmetall schmiedet. Der Silberschmied hingegen hat seine Ausbildung im Interior von Geb\u00e4uden wie Ornamente und M\u00f6belst\u00fccke aus Metall.\u00a0<\/p><p>\u00a0<\/p>\t\t\t\t\t\t\t\t<\/div>\n\t\t\t\t<\/div>\n\t\t\t\t\t<\/div>\n\t\t<\/div>\n\t\t\t\t\t<\/div>\n\t\t<\/section>\n\t\t\t\t<section class=\"elementor-section elementor-top-section elementor-element elementor-element-c4667b6 elementor-section-boxed elementor-section-height-default elementor-section-height-default\" data-id=\"c4667b6\" data-element_type=\"section\">\n\t\t\t\t\t\t<div class=\"elementor-container elementor-column-gap-default\">\n\t\t\t\t\t<div class=\"elementor-column elementor-col-100 elementor-top-column elementor-element elementor-element-6d3967b\" data-id=\"6d3967b\" data-element_type=\"column\">\n\t\t\t<div class=\"elementor-widget-wrap elementor-element-populated\">\n\t\t\t\t\t\t<div class=\"elementor-element elementor-element-08eb731 elementor-widget elementor-widget-heading\" data-id=\"08eb731\" data-element_type=\"widget\" data-widget_type=\"heading.default\">\n\t\t\t\t<div class=\"elementor-widget-container\">\n\t\t\t\t\t<h2 class=\"elementor-heading-title elementor-size-default\">Aber nun zur\u00fcck zu ...<\/h2>\t\t\t\t<\/div>\n\t\t\t\t<\/div>\n\t\t\t\t\t<\/div>\n\t\t<\/div>\n\t\t\t\t\t<\/div>\n\t\t<\/section>\n\t\t\t\t<section class=\"elementor-section elementor-top-section elementor-element elementor-element-cd9e5be elementor-section-boxed elementor-section-height-default elementor-section-height-default\" data-id=\"cd9e5be\" data-element_type=\"section\">\n\t\t\t\t\t\t<div class=\"elementor-container elementor-column-gap-default\">\n\t\t\t\t\t<div class=\"elementor-column elementor-col-33 elementor-top-column elementor-element elementor-element-5a89672\" data-id=\"5a89672\" data-element_type=\"column\">\n\t\t\t<div class=\"elementor-widget-wrap elementor-element-populated\">\n\t\t\t\t\t\t<div class=\"elementor-element elementor-element-69dbedd elementor-align-center elementor-mobile-align-justify elementor-widget elementor-widget-button\" data-id=\"69dbedd\" data-element_type=\"widget\" data-widget_type=\"button.default\">\n\t\t\t\t<div class=\"elementor-widget-container\">\n\t\t\t\t\t\t\t\t\t<div class=\"elementor-button-wrapper\">\n\t\t\t\t\t<a class=\"elementor-button elementor-button-link elementor-size-sm\" href=\"https:\/\/www.ornamentmetal.de\/technologie\/\">\n\t\t\t\t\t\t<span class=\"elementor-button-content-wrapper\">\n\t\t\t\t\t\t\t\t\t<span class=\"elementor-button-text\">Technologie<\/span>\n\t\t\t\t\t<\/span>\n\t\t\t\t\t<\/a>\n\t\t\t\t<\/div>\n\t\t\t\t\t\t\t\t<\/div>\n\t\t\t\t<\/div>\n\t\t\t\t\t<\/div>\n\t\t<\/div>\n\t\t\t\t<div class=\"elementor-column elementor-col-33 elementor-top-column elementor-element elementor-element-a1bb612\" data-id=\"a1bb612\" data-element_type=\"column\">\n\t\t\t<div class=\"elementor-widget-wrap elementor-element-populated\">\n\t\t\t\t\t\t<div class=\"elementor-element elementor-element-25ce59a elementor-align-center elementor-mobile-align-justify elementor-widget elementor-widget-button\" data-id=\"25ce59a\" data-element_type=\"widget\" data-widget_type=\"button.default\">\n\t\t\t\t<div class=\"elementor-widget-container\">\n\t\t\t\t\t\t\t\t\t<div class=\"elementor-button-wrapper\">\n\t\t\t\t\t<a class=\"elementor-button elementor-button-link elementor-size-sm\" href=\"https:\/\/www.ornamentmetal.de\/projekte\/\">\n\t\t\t\t\t\t<span class=\"elementor-button-content-wrapper\">\n\t\t\t\t\t\t\t\t\t<span class=\"elementor-button-text\">Projekte<\/span>\n\t\t\t\t\t<\/span>\n\t\t\t\t\t<\/a>\n\t\t\t\t<\/div>\n\t\t\t\t\t\t\t\t<\/div>\n\t\t\t\t<\/div>\n\t\t\t\t\t<\/div>\n\t\t<\/div>\n\t\t\t\t<div class=\"elementor-column elementor-col-33 elementor-top-column elementor-element elementor-element-6115b6c\" data-id=\"6115b6c\" data-element_type=\"column\">\n\t\t\t<div class=\"elementor-widget-wrap elementor-element-populated\">\n\t\t\t\t\t\t<div class=\"elementor-element elementor-element-7855e6b elementor-align-center elementor-mobile-align-justify elementor-widget elementor-widget-button\" data-id=\"7855e6b\" data-element_type=\"widget\" data-widget_type=\"button.default\">\n\t\t\t\t<div class=\"elementor-widget-container\">\n\t\t\t\t\t\t\t\t\t<div class=\"elementor-button-wrapper\">\n\t\t\t\t\t<a class=\"elementor-button elementor-button-link elementor-size-sm\" href=\"https:\/\/www.ornamentmetal.de\/karriere\/\">\n\t\t\t\t\t\t<span class=\"elementor-button-content-wrapper\">\n\t\t\t\t\t\t\t\t\t<span class=\"elementor-button-text\">Karriere<\/span>\n\t\t\t\t\t<\/span>\n\t\t\t\t\t<\/a>\n\t\t\t\t<\/div>\n\t\t\t\t\t\t\t\t<\/div>\n\t\t\t\t<\/div>\n\t\t\t\t\t<\/div>\n\t\t<\/div>\n\t\t\t\t\t<\/div>\n\t\t<\/section>\n\t\t\t\t<section class=\"elementor-section elementor-top-section elementor-element elementor-element-2d4eaee elementor-section-boxed elementor-section-height-default elementor-section-height-default\" data-id=\"2d4eaee\" data-element_type=\"section\">\n\t\t\t\t\t\t<div class=\"elementor-container elementor-column-gap-default\">\n\t\t\t\t\t<div class=\"elementor-column elementor-col-100 elementor-top-column elementor-element elementor-element-0edf964\" data-id=\"0edf964\" data-element_type=\"column\">\n\t\t\t<div class=\"elementor-widget-wrap elementor-element-populated\">\n\t\t\t\t\t\t<section class=\"elementor-section elementor-inner-section elementor-element elementor-element-63aa39f elementor-section-boxed elementor-section-height-default elementor-section-height-default\" data-id=\"63aa39f\" data-element_type=\"section\">\n\t\t\t\t\t\t<div class=\"elementor-container elementor-column-gap-default\">\n\t\t\t\t\t<div class=\"elementor-column elementor-col-50 elementor-inner-column elementor-element elementor-element-a75c8cc\" data-id=\"a75c8cc\" data-element_type=\"column\">\n\t\t\t<div class=\"elementor-widget-wrap elementor-element-populated\">\n\t\t\t\t\t\t<div class=\"elementor-element elementor-element-02af12e elementor-widget elementor-widget-image\" data-id=\"02af12e\" data-element_type=\"widget\" data-widget_type=\"image.default\">\n\t\t\t\t<div class=\"elementor-widget-container\">\n\t\t\t\t\t\t\t\t\t\t\t\t<figure class=\"wp-caption\">\n\t\t\t\t\t\t\t\t\t\t<img decoding=\"async\" src=\"https:\/\/upload.wikimedia.org\/wikipedia\/commons\/c\/c3\/Zunftwappen-Schmiede.svg\" title=\"\" alt=\"\" loading=\"lazy\" \/>\t\t\t\t\t\t\t\t\t\t\t<figcaption class=\"widget-image-caption wp-caption-text\">Wappen der Zunft der Schmiede<\/figcaption>\n\t\t\t\t\t\t\t\t\t\t<\/figure>\n\t\t\t\t\t\t\t\t\t<\/div>\n\t\t\t\t<\/div>\n\t\t\t\t\t<\/div>\n\t\t<\/div>\n\t\t\t\t<div class=\"elementor-column elementor-col-50 elementor-inner-column elementor-element elementor-element-06c2a23\" data-id=\"06c2a23\" data-element_type=\"column\">\n\t\t\t<div class=\"elementor-widget-wrap elementor-element-populated\">\n\t\t\t\t\t\t<div class=\"elementor-element elementor-element-31b4174 elementor-widget elementor-widget-heading\" data-id=\"31b4174\" data-element_type=\"widget\" data-widget_type=\"heading.default\">\n\t\t\t\t<div class=\"elementor-widget-container\">\n\t\t\t\t\t<h2 class=\"elementor-heading-title elementor-size-default\">Zukunft braucht Herkunft<\/h2>\t\t\t\t<\/div>\n\t\t\t\t<\/div>\n\t\t\t\t<div class=\"elementor-element elementor-element-69c27d5 elementor-widget elementor-widget-text-editor\" data-id=\"69c27d5\" data-element_type=\"widget\" data-widget_type=\"text-editor.default\">\n\t\t\t\t<div class=\"elementor-widget-container\">\n\t\t\t\t\t\t\t\t\t<h4>Fakten \u00fcber die Zunft der Schmiede<\/h4><ol><li><p>Die <strong>Schmiede waren eine der \u00e4ltesten Z\u00fcnfte<\/strong> und ihre Bedeutung reichte weit \u00fcber das Schmiedehandwerk hinaus. Sie galten als wichtige Handwerker in jeder Gemeinde, da sie <strong>Werkzeuge, Waffen und landwirtschaftliche Ger\u00e4te herstellten<\/strong>, die f\u00fcr das \u00dcberleben der Menschen notwendig waren.<\/p><\/li><li><p>Die Schmiede hatten auch eine wichtige symbolische Rolle in vielen Kulturen. Sie wurden oft mit Feuer und der Schaffung von Leben in Verbindung gebracht. In der nordischen Mythologie wurde der Schmiedegott Hephaistos als Sch\u00f6pfer des Lebens und der Natur verehrt.<\/p><\/li><li><p>Die Zunft der Schmiede hatte ihre eigene spezielle Hierarchie. Meister-Schmiede waren die h\u00f6chsten Mitglieder der Zunft und hatten das Recht, Lehrlinge auszubilden und Gesellen anzustellen. Gesellen waren erfahrenere Handwerker, die in der Regel auf Wanderschaft gingen, um ihre F\u00e4higkeiten zu verbessern und neue Techniken zu erlernen. Lehrlinge waren junge Menschen, die in die Kunst des Schmiedens eingef\u00fchrt wurden und von den Meistern und Gesellen in der Werkstatt ausgebildet wurden.<\/p><\/li><\/ol>\t\t\t\t\t\t\t\t<\/div>\n\t\t\t\t<\/div>\n\t\t\t\t\t<\/div>\n\t\t<\/div>\n\t\t\t\t\t<\/div>\n\t\t<\/section>\n\t\t\t\t\t<\/div>\n\t\t<\/div>\n\t\t\t\t\t<\/div>\n\t\t<\/section>\n\t\t\t\t<\/div>\n\t\t","protected":false},"excerpt":{"rendered":"<p>Woher kommt eigentlich unser Logo? \u00a0 Das Logo von ornamentmetal ist ein stilisiertes Symbol, das aus einem Schriftzug und einem grafischen Element besteht.\u00a0 Der Schriftzug &#8222;ornamentmetal GmbH&#8220; ist in einer modernen und klaren Schriftart geschrieben und steht rechts neben einem grafischen Element. Dieses Element ist ein stilisiertes Wappen, das aus einem Schild, zwei H\u00e4mmern besteht [&hellip;]<\/p>\n","protected":false},"author":1,"featured_media":0,"parent":0,"menu_order":0,"comment_status":"closed","ping_status":"closed","template":"","meta":{"content-type":"","footnotes":""},"class_list":["post-657","page","type-page","status-publish","hentry"],"yoast_head":"<!-- This site is optimized with the Yoast SEO plugin v25.9 - https:\/\/yoast.com\/wordpress\/plugins\/seo\/ -->\n<title>ornamentmetal Logo - ornamentmetal<\/title>\n<meta name=\"description\" content=\"Das Logo der ornamentmetal GmbH kommt vom Wappen der Zunft ihres Gr\u00fcnders Eberhard Kubiak, der Silberschmiede.\" \/>\n<meta name=\"robots\" content=\"index, follow, max-snippet:-1, max-image-preview:large, max-video-preview:-1\" \/>\n<link rel=\"canonical\" href=\"https:\/\/www.ornamentmetal.de\/de\/ornamentmetal-logo\/\" \/>\n<meta property=\"og:locale\" content=\"de_DE\" \/>\n<meta property=\"og:type\" content=\"article\" \/>\n<meta property=\"og:title\" content=\"ornamentmetal Logo - ornamentmetal\" \/>\n<meta property=\"og:description\" content=\"Das Logo der ornamentmetal GmbH kommt vom Wappen der Zunft ihres Gr\u00fcnders Eberhard Kubiak, der Silberschmiede.\" \/>\n<meta property=\"og:url\" content=\"https:\/\/www.ornamentmetal.de\/de\/ornamentmetal-logo\/\" \/>\n<meta property=\"og:site_name\" content=\"ornamentmetal\" \/>\n<meta property=\"article:modified_time\" content=\"2024-06-13T10:21:27+00:00\" \/>\n<meta property=\"og:image\" content=\"https:\/\/ornamentmetal.de\/wp-content\/uploads\/2023\/02\/logo.png\" \/>\n<meta name=\"twitter:card\" content=\"summary_large_image\" \/>\n<meta name=\"twitter:label1\" content=\"Gesch\u00e4tzte Lesezeit\" \/>\n\t<meta name=\"twitter:data1\" content=\"3\u00a0Minuten\" \/>\n<script type=\"application\/ld+json\" class=\"yoast-schema-graph\">{\"@context\":\"https:\/\/schema.org\",\"@graph\":[{\"@type\":\"WebPage\",\"@id\":\"https:\/\/www.ornamentmetal.de\/ornamentmetal-logo\/\",\"url\":\"https:\/\/www.ornamentmetal.de\/ornamentmetal-logo\/\",\"name\":\"ornamentmetal Logo - ornamentmetal\",\"isPartOf\":{\"@id\":\"https:\/\/www.ornamentmetal.de\/de\/#website\"},\"primaryImageOfPage\":{\"@id\":\"https:\/\/www.ornamentmetal.de\/ornamentmetal-logo\/#primaryimage\"},\"image\":{\"@id\":\"https:\/\/www.ornamentmetal.de\/ornamentmetal-logo\/#primaryimage\"},\"thumbnailUrl\":\"https:\/\/ornamentmetal.de\/wp-content\/uploads\/2023\/02\/logo.png\",\"datePublished\":\"2023-03-21T11:35:45+00:00\",\"dateModified\":\"2024-06-13T10:21:27+00:00\",\"description\":\"Das Logo der ornamentmetal GmbH kommt vom Wappen der Zunft ihres Gr\u00fcnders Eberhard Kubiak, der Silberschmiede.\",\"breadcrumb\":{\"@id\":\"https:\/\/www.ornamentmetal.de\/ornamentmetal-logo\/#breadcrumb\"},\"inLanguage\":\"de\",\"potentialAction\":[{\"@type\":\"ReadAction\",\"target\":[\"https:\/\/www.ornamentmetal.de\/ornamentmetal-logo\/\"]}]},{\"@type\":\"ImageObject\",\"inLanguage\":\"de\",\"@id\":\"https:\/\/www.ornamentmetal.de\/ornamentmetal-logo\/#primaryimage\",\"url\":\"https:\/\/ornamentmetal.de\/wp-content\/uploads\/2023\/02\/logo.png\",\"contentUrl\":\"https:\/\/ornamentmetal.de\/wp-content\/uploads\/2023\/02\/logo.png\"},{\"@type\":\"BreadcrumbList\",\"@id\":\"https:\/\/www.ornamentmetal.de\/ornamentmetal-logo\/#breadcrumb\",\"itemListElement\":[{\"@type\":\"ListItem\",\"position\":1,\"name\":\"Startseite\",\"item\":\"https:\/\/www.ornamentmetal.de\/\"},{\"@type\":\"ListItem\",\"position\":2,\"name\":\"ornamentmetal Logo\"}]},{\"@type\":\"WebSite\",\"@id\":\"https:\/\/www.ornamentmetal.de\/de\/#website\",\"url\":\"https:\/\/www.ornamentmetal.de\/de\/\",\"name\":\"ornamentmetal\",\"description\":\"Metallgestaltung und Ornamente\",\"publisher\":{\"@id\":\"https:\/\/www.ornamentmetal.de\/de\/#organization\"},\"alternateName\":\"OM\",\"potentialAction\":[{\"@type\":\"SearchAction\",\"target\":{\"@type\":\"EntryPoint\",\"urlTemplate\":\"https:\/\/www.ornamentmetal.de\/de\/?s={search_term_string}\"},\"query-input\":{\"@type\":\"PropertyValueSpecification\",\"valueRequired\":true,\"valueName\":\"search_term_string\"}}],\"inLanguage\":\"de\"},{\"@type\":\"Organization\",\"@id\":\"https:\/\/www.ornamentmetal.de\/de\/#organization\",\"name\":\"ornamentmetal\",\"alternateName\":\"OM\",\"url\":\"https:\/\/www.ornamentmetal.de\/de\/\",\"logo\":{\"@type\":\"ImageObject\",\"inLanguage\":\"de\",\"@id\":\"https:\/\/www.ornamentmetal.de\/de\/#\/schema\/logo\/image\/\",\"url\":\"https:\/\/www.ornamentmetal.de\/wp-content\/uploads\/2023\/02\/logo.png\",\"contentUrl\":\"https:\/\/www.ornamentmetal.de\/wp-content\/uploads\/2023\/02\/logo.png\",\"width\":310,\"height\":94,\"caption\":\"ornamentmetal\"},\"image\":{\"@id\":\"https:\/\/www.ornamentmetal.de\/de\/#\/schema\/logo\/image\/\"},\"sameAs\":[\"https:\/\/www.instagram.com\/ornament.metal\/\"]}]}<\/script>\n<!-- \/ Yoast SEO plugin. -->","yoast_head_json":{"title":"ornamentmetal Logo - ornamentmetal","description":"Das Logo der ornamentmetal GmbH kommt vom Wappen der Zunft ihres Gr\u00fcnders Eberhard Kubiak, der Silberschmiede.","robots":{"index":"index","follow":"follow","max-snippet":"max-snippet:-1","max-image-preview":"max-image-preview:large","max-video-preview":"max-video-preview:-1"},"canonical":"https:\/\/www.ornamentmetal.de\/de\/ornamentmetal-logo\/","og_locale":"de_DE","og_type":"article","og_title":"ornamentmetal Logo - ornamentmetal","og_description":"Das Logo der ornamentmetal GmbH kommt vom Wappen der Zunft ihres Gr\u00fcnders Eberhard Kubiak, der Silberschmiede.","og_url":"https:\/\/www.ornamentmetal.de\/de\/ornamentmetal-logo\/","og_site_name":"ornamentmetal","article_modified_time":"2024-06-13T10:21:27+00:00","og_image":[{"url":"https:\/\/ornamentmetal.de\/wp-content\/uploads\/2023\/02\/logo.png","type":"","width":"","height":""}],"twitter_card":"summary_large_image","twitter_misc":{"Gesch\u00e4tzte Lesezeit":"3\u00a0Minuten"},"schema":{"@context":"https:\/\/schema.org","@graph":[{"@type":"WebPage","@id":"https:\/\/www.ornamentmetal.de\/ornamentmetal-logo\/","url":"https:\/\/www.ornamentmetal.de\/ornamentmetal-logo\/","name":"ornamentmetal Logo - ornamentmetal","isPartOf":{"@id":"https:\/\/www.ornamentmetal.de\/de\/#website"},"primaryImageOfPage":{"@id":"https:\/\/www.ornamentmetal.de\/ornamentmetal-logo\/#primaryimage"},"image":{"@id":"https:\/\/www.ornamentmetal.de\/ornamentmetal-logo\/#primaryimage"},"thumbnailUrl":"https:\/\/ornamentmetal.de\/wp-content\/uploads\/2023\/02\/logo.png","datePublished":"2023-03-21T11:35:45+00:00","dateModified":"2024-06-13T10:21:27+00:00","description":"Das Logo der ornamentmetal GmbH kommt vom Wappen der Zunft ihres Gr\u00fcnders Eberhard Kubiak, der Silberschmiede.","breadcrumb":{"@id":"https:\/\/www.ornamentmetal.de\/ornamentmetal-logo\/#breadcrumb"},"inLanguage":"de","potentialAction":[{"@type":"ReadAction","target":["https:\/\/www.ornamentmetal.de\/ornamentmetal-logo\/"]}]},{"@type":"ImageObject","inLanguage":"de","@id":"https:\/\/www.ornamentmetal.de\/ornamentmetal-logo\/#primaryimage","url":"https:\/\/ornamentmetal.de\/wp-content\/uploads\/2023\/02\/logo.png","contentUrl":"https:\/\/ornamentmetal.de\/wp-content\/uploads\/2023\/02\/logo.png"},{"@type":"BreadcrumbList","@id":"https:\/\/www.ornamentmetal.de\/ornamentmetal-logo\/#breadcrumb","itemListElement":[{"@type":"ListItem","position":1,"name":"Startseite","item":"https:\/\/www.ornamentmetal.de\/"},{"@type":"ListItem","position":2,"name":"ornamentmetal Logo"}]},{"@type":"WebSite","@id":"https:\/\/www.ornamentmetal.de\/de\/#website","url":"https:\/\/www.ornamentmetal.de\/de\/","name":"ornamentmetal","description":"Metallgestaltung und Ornamente","publisher":{"@id":"https:\/\/www.ornamentmetal.de\/de\/#organization"},"alternateName":"OM","potentialAction":[{"@type":"SearchAction","target":{"@type":"EntryPoint","urlTemplate":"https:\/\/www.ornamentmetal.de\/de\/?s={search_term_string}"},"query-input":{"@type":"PropertyValueSpecification","valueRequired":true,"valueName":"search_term_string"}}],"inLanguage":"de"},{"@type":"Organization","@id":"https:\/\/www.ornamentmetal.de\/de\/#organization","name":"ornamentmetal","alternateName":"OM","url":"https:\/\/www.ornamentmetal.de\/de\/","logo":{"@type":"ImageObject","inLanguage":"de","@id":"https:\/\/www.ornamentmetal.de\/de\/#\/schema\/logo\/image\/","url":"https:\/\/www.ornamentmetal.de\/wp-content\/uploads\/2023\/02\/logo.png","contentUrl":"https:\/\/www.ornamentmetal.de\/wp-content\/uploads\/2023\/02\/logo.png","width":310,"height":94,"caption":"ornamentmetal"},"image":{"@id":"https:\/\/www.ornamentmetal.de\/de\/#\/schema\/logo\/image\/"},"sameAs":["https:\/\/www.instagram.com\/ornament.metal\/"]}]}},"jetpack_sharing_enabled":true,"_links":{"self":[{"href":"https:\/\/www.ornamentmetal.de\/de\/wp-json\/wp\/v2\/pages\/657","targetHints":{"allow":["GET"]}}],"collection":[{"href":"https:\/\/www.ornamentmetal.de\/de\/wp-json\/wp\/v2\/pages"}],"about":[{"href":"https:\/\/www.ornamentmetal.de\/de\/wp-json\/wp\/v2\/types\/page"}],"author":[{"embeddable":true,"href":"https:\/\/www.ornamentmetal.de\/de\/wp-json\/wp\/v2\/users\/1"}],"replies":[{"embeddable":true,"href":"https:\/\/www.ornamentmetal.de\/de\/wp-json\/wp\/v2\/comments?post=657"}],"version-history":[{"count":26,"href":"https:\/\/www.ornamentmetal.de\/de\/wp-json\/wp\/v2\/pages\/657\/revisions"}],"predecessor-version":[{"id":2566,"href":"https:\/\/www.ornamentmetal.de\/de\/wp-json\/wp\/v2\/pages\/657\/revisions\/2566"}],"wp:attachment":[{"href":"https:\/\/www.ornamentmetal.de\/de\/wp-json\/wp\/v2\/media?parent=657"}],"curies":[{"name":"wp","href":"https:\/\/api.w.org\/{rel}","templated":true}]}}