{"id":2268,"date":"2023-11-23T09:15:21","date_gmt":"2023-11-23T08:15:21","guid":{"rendered":"https:\/\/www.ornamentmetal.de\/?post_type=product&#038;p=2268"},"modified":"2024-11-11T15:01:11","modified_gmt":"2024-11-11T14:01:11","slug":"ornament-kiste","status":"publish","type":"product","link":"https:\/\/www.ornamentmetal.de\/de\/produkt\/ornament-kiste\/","title":{"rendered":"Ornament Kiste\/ Schachtel"},"content":{"rendered":"<p>Eine Kiste\/Schachtel mit Verzierungen und Ornamenten aus Edelstahl oder wenn es rosten soll, bieten wir auch dieses in Stahl an. Die Oberfl\u00e4che wird nach dem Zusammenbau geschliffen und Glasperlen gestrahlt, so bekommt die Kiste\/Schachtel einen optisch dunklen Look und eine raue Oberfl\u00e4che. Sollte die Kiste\/Schachtel in einer anderen Gr\u00f6\u00dfe gew\u00fcnscht sein kann dieses auch gerne uns mitgeteilt werden \u00fcber das Kontaktformular im Reiter, Shop.<\/p>\n<p>&nbsp;<\/p>\n<p>Material: Edelstahl oder Stahl<\/p>\n<p>Achtung: Wenn Stahl gew\u00fcnscht ist, wird die Kiste sich von Zeit zu Zeit rosten und Ihr Aussehen wird sich \u00e4ndern, auf einen alten Style.<\/p>\n<p>Oberfl\u00e4che: Glasperlen gestrahlt (Siehe Bild)<\/p>\n<p>Ma\u00dfe: L\/B\/H\/T in mm<\/p>\n<p>Sollte eine andere Gr\u00f6\u00dfe gew\u00fcnscht sein, teilen Sie es uns gerne mit. (Kann den Preis ver\u00e4ndern)<\/p>\n<div data-test='contact-form'\n\t\t\tid='contact-form-2268'\n\t\t\tclass='wp-block-jetpack-contact-form-container '\n\t\t\tdata-wp-interactive='jetpack\/form' data-wp-context='{\"formId\":\"2268\",\"formHash\":\"6b8d51db0fbd46d9daf188dd122024f2927e0520\",\"showErrors\":false,\"errors\":[],\"fields\":[],\"isMultiStep\":false,\"useAjax\":true,\"submissionData\":null,\"formattedSubmissionData\":[],\"submissionSuccess\":false,\"submissionError\":null,\"elementId\":\"jp-form-6b8d51db0fbd46d9daf188dd122024f2927e0520\"}'\n\t\t\tdata-wp-watch--scroll-to-wrapper=\"callbacks.scrollToWrapper\"\n\t\t>\n<div class=\"contact-form-submission contact-form-ajax-submission\" data-wp-class--submission-success=\"context.submissionSuccess\"><p class=\"go-back-message\"><a class=\"link\" role=\"button\" tabindex=\"0\" data-wp-on--click=\"actions.goBack\" href=\"\/de\/wp-json\/wp\/v2\/product\/2268\">Zur\u00fcck<\/a> <\/p><h4 id=\"contact-form-success-header\">Deine Nachricht wurde gesendet<\/h4>\n\n<template data-wp-each--submission=\"context.formattedSubmissionData\">\n\t\t\t\t<div>\n\t\t\t\t\t<div class=\"field-name\" data-wp-text=\"context.submission.label\" data-wp-bind--hidden=\"!context.submission.label\"><\/div>\n\t\t\t\t\t<div class=\"field-value\" data-wp-text=\"context.submission.value\"><\/div>\n\t\t\t\t<\/div>\n\t\t\t<\/template><\/div><form action='https:\/\/www.ornamentmetal.de\/de\/produkt\/ornament-kiste\/'\n\t\t\t\tid='jp-form-6b8d51db0fbd46d9daf188dd122024f2927e0520'\n\t\t\t\tmethod='post'\n\t\t\t\tclass='contact-form commentsblock' aria-label=\"Ornament Kiste\/ Schachtel\"\n\t\t\t\tdata-wp-on--submit=\"actions.onFormSubmit\"\n\t\t\t\tdata-wp-on--reset=\"actions.onFormReset\"\n\t\t\t\tdata-wp-class--submission-success=\"context.submissionSuccess\"\n\t\t\t\tdata-wp-class--is-first-step=\"state.isFirstStep\"\n\t\t\t\tdata-wp-class--is-last-step=\"state.isLastStep\"\n\t\t\t\tdata-wp-class--is-ajax-form=\"context.useAjax\"\n\t\t\t\tnovalidate >\n<input type='hidden' name='jetpack_contact_form_jwt' value='eyJ0eXAiOiJKV1QiLCJhbGciOiJIUzI1NiJ9.eyJhdHRyaWJ1dGVzIjp7InRvIjoiaXRAd2luZGVjay5kZSIsInN1YmplY3QiOiJbb3JuYW1lbnRtZXRhbF0gT3JuYW1lbnQgS2lzdGVcLyBTY2hhY2h0ZWwiLCJzaG93X3N1YmplY3QiOiJubyIsIndpZGdldCI6IiIsImJsb2NrX3RlbXBsYXRlIjoiIiwiYmxvY2tfdGVtcGxhdGVfcGFydCI6IiIsImlkIjoiMjI2OCIsInN1Ym1pdF9idXR0b25fdGV4dCI6IlNlbmRlbiIsImN1c3RvbVRoYW5reW91IjoiIiwiY3VzdG9tVGhhbmt5b3VIZWFkaW5nIjoiRGVpbmUgTmFjaHJpY2h0IHd1cmRlIGdlc2VuZGV0IiwiY3VzdG9tVGhhbmt5b3VNZXNzYWdlIjoiVmllbGVuIERhbmsgZlx1MDBmY3IgZGVpbmVuIEJlaXRyYWchIiwiY3VzdG9tVGhhbmt5b3VSZWRpcmVjdCI6IiIsImpldHBhY2tDUk0iOiIxIiwibWFpbHBvZXQiOiIiLCJjbGFzc05hbWUiOiIiLCJwb3N0VG9VcmwiOiIiLCJzYWxlc2ZvcmNlRGF0YSI6IiIsImhpZGRlbkZpZWxkcyI6IiIsInN0ZXBUcmFuc2l0aW9uIjoiZmFkZS1zbGlkZSJ9LCJjb250ZW50IjoiW2NvbnRhY3QtZmllbGQgbGFiZWw9XCJOYW1lXCIgdHlwZT1cIm5hbWVcIiAgcmVxdWlyZWQ9XCJ0cnVlXCIgXC9dW2NvbnRhY3QtZmllbGQgbGFiZWw9XCJFLU1haWxcIiB0eXBlPVwiZW1haWxcIiByZXF1aXJlZD1cInRydWVcIiBcL11bY29udGFjdC1maWVsZCBsYWJlbD1cIldlYnNpdGVcIiB0eXBlPVwidXJsXCIgXC9dW2NvbnRhY3QtZmllbGQgbGFiZWw9XCJOYWNocmljaHRcIiB0eXBlPVwidGV4dGFyZWFcIiBcL10iLCJoYXNoIjoiNmI4ZDUxZGIwZmJkNDZkOWRhZjE4OGRkMTIyMDI0ZjI5MjdlMDUyMCJ9.iTORGXJyaPq6lCX9t3UOpA3D0N6wJg9_RFB8wQSPH6k' \/>\n\n<div style=\"\"  data-wp-interactive=\"jetpack\/form\" data-wp-context='{\"fieldId\":\"g2268-name\",\"fieldType\":\"name\",\"fieldLabel\":\"Name\",\"fieldValue\":\"\",\"fieldPlaceholder\":\"\",\"fieldIsRequired\":\"1\",\"fieldErrorMessage\":\"\",\"fieldExtra\":[],\"formHash\":\"6b8d51db0fbd46d9daf188dd122024f2927e0520\"}'  class='grunion-field-name-wrap grunion-field-wrap'  data-wp-init='callbacks.initializeField' data-wp-on--jetpack-form-reset='callbacks.initializeField' >\n<label\n\t\t\t\tfor='g2268-name' class=\"grunion-field-label name\" >Name<span class=\"grunion-label-required\" aria-hidden=\"true\">(erforderlich)<\/span><\/label>\n<input\n\t\t\t\t\ttype='text'\n\t\t\t\t\tname='g2268-name'\n\t\t\t\t\tid='g2268-name'\n\t\t\t\t\tvalue=''\n\n\t\t\t\t\tdata-wp-bind--aria-invalid='state.fieldHasErrors'\n\t\t\t\t\tdata-wp-bind--value='state.getFieldValue'\n\t\t\t\t\taria-errormessage='g2268-name-text-error-message'\n\t\t\t\t\tdata-wp-on--input='actions.onFieldChange'\n\t\t\t\t\tdata-wp-on--blur='actions.onFieldBlur'\n\t\t\t\t\tdata-wp-class--has-value='state.hasFieldValue'\n\n\t\t\t\t\tclass='name  grunion-field' \n\t\t\t\t\trequired='true' aria-required='true'  \/>\n \n\t\t\t<div id=\"g2268-name-text-error\" class=\"contact-form__input-error\" data-wp-class--has-errors=\"state.fieldHasErrors\">\n\t\t\t\t<span class=\"contact-form__warning-icon\">\n\t\t\t\t\t<svg width=\"16\" height=\"16\" viewBox=\"0 0 16 16\" fill=\"none\" xmlns=\"http:\/\/www.w3.org\/2000\/svg\">\n\t\t\t\t\t\t<path d=\"M8.50015 11.6402H7.50015V10.6402H8.50015V11.6402Z\" \/>\n\t\t\t\t\t\t<path d=\"M7.50015 9.64018H8.50015V6.30684H7.50015V9.64018Z\" \/>\n\t\t\t\t\t\t<path fill-rule=\"evenodd\" clip-rule=\"evenodd\" d=\"M6.98331 3.0947C7.42933 2.30177 8.57096 2.30177 9.01698 3.09469L13.8771 11.7349C14.3145 12.5126 13.7525 13.4735 12.8602 13.4735H3.14004C2.24774 13.4735 1.68575 12.5126 2.12321 11.7349L6.98331 3.0947ZM8.14541 3.58496C8.08169 3.47168 7.9186 3.47168 7.85488 3.58496L2.99478 12.2251C2.93229 12.3362 3.01257 12.4735 3.14004 12.4735H12.8602C12.9877 12.4735 13.068 12.3362 13.0055 12.2251L8.14541 3.58496Z\" \/>\n\t\t\t\t\t<\/svg>\n\t\t\t\t\t<span class=\"visually-hidden\">Warnung<\/span>\n\t\t\t\t<\/span>\n\t\t\t\t<span data-wp-text=\"state.errorMessage\" id=\"g2268-name-text-error-message\"><\/span>\n\t\t\t<\/div> \n\t<\/div>\n\n<div style=\"\"  data-wp-interactive=\"jetpack\/form\" data-wp-context='{\"fieldId\":\"g2268-email\",\"fieldType\":\"email\",\"fieldLabel\":\"E-Mail\",\"fieldValue\":\"\",\"fieldPlaceholder\":\"\",\"fieldIsRequired\":\"1\",\"fieldErrorMessage\":\"\",\"fieldExtra\":[],\"formHash\":\"6b8d51db0fbd46d9daf188dd122024f2927e0520\"}'  class='grunion-field-email-wrap grunion-field-wrap'  data-wp-init='callbacks.initializeField' data-wp-on--jetpack-form-reset='callbacks.initializeField' >\n<label\n\t\t\t\tfor='g2268-email' class=\"grunion-field-label email\" >E-Mail<span class=\"grunion-label-required\" aria-hidden=\"true\">(erforderlich)<\/span><\/label>\n<input\n\t\t\t\t\ttype='email'\n\t\t\t\t\tname='g2268-email'\n\t\t\t\t\tid='g2268-email'\n\t\t\t\t\tvalue=''\n\n\t\t\t\t\tdata-wp-bind--aria-invalid='state.fieldHasErrors'\n\t\t\t\t\tdata-wp-bind--value='state.getFieldValue'\n\t\t\t\t\taria-errormessage='g2268-email-email-error-message'\n\t\t\t\t\tdata-wp-on--input='actions.onFieldChange'\n\t\t\t\t\tdata-wp-on--blur='actions.onFieldBlur'\n\t\t\t\t\tdata-wp-class--has-value='state.hasFieldValue'\n\n\t\t\t\t\tclass='email  grunion-field' \n\t\t\t\t\trequired='true' aria-required='true'  \/>\n \n\t\t\t<div id=\"g2268-email-email-error\" class=\"contact-form__input-error\" data-wp-class--has-errors=\"state.fieldHasErrors\">\n\t\t\t\t<span class=\"contact-form__warning-icon\">\n\t\t\t\t\t<svg width=\"16\" height=\"16\" viewBox=\"0 0 16 16\" fill=\"none\" xmlns=\"http:\/\/www.w3.org\/2000\/svg\">\n\t\t\t\t\t\t<path d=\"M8.50015 11.6402H7.50015V10.6402H8.50015V11.6402Z\" \/>\n\t\t\t\t\t\t<path d=\"M7.50015 9.64018H8.50015V6.30684H7.50015V9.64018Z\" \/>\n\t\t\t\t\t\t<path fill-rule=\"evenodd\" clip-rule=\"evenodd\" d=\"M6.98331 3.0947C7.42933 2.30177 8.57096 2.30177 9.01698 3.09469L13.8771 11.7349C14.3145 12.5126 13.7525 13.4735 12.8602 13.4735H3.14004C2.24774 13.4735 1.68575 12.5126 2.12321 11.7349L6.98331 3.0947ZM8.14541 3.58496C8.08169 3.47168 7.9186 3.47168 7.85488 3.58496L2.99478 12.2251C2.93229 12.3362 3.01257 12.4735 3.14004 12.4735H12.8602C12.9877 12.4735 13.068 12.3362 13.0055 12.2251L8.14541 3.58496Z\" \/>\n\t\t\t\t\t<\/svg>\n\t\t\t\t\t<span class=\"visually-hidden\">Warnung<\/span>\n\t\t\t\t<\/span>\n\t\t\t\t<span data-wp-text=\"state.errorMessage\" id=\"g2268-email-email-error-message\"><\/span>\n\t\t\t<\/div> \n\t<\/div>\n\n<div style=\"\"  data-wp-interactive=\"jetpack\/form\" data-wp-context='{\"fieldId\":\"g2268-website\",\"fieldType\":\"url\",\"fieldLabel\":\"Website\",\"fieldValue\":\"\",\"fieldPlaceholder\":\"\",\"fieldIsRequired\":\"\",\"fieldErrorMessage\":\"\",\"fieldExtra\":[],\"formHash\":\"6b8d51db0fbd46d9daf188dd122024f2927e0520\"}'  class='grunion-field-url-wrap grunion-field-wrap'  data-wp-init='callbacks.initializeField' data-wp-on--jetpack-form-reset='callbacks.initializeField' >\n<label\n\t\t\t\tfor='g2268-website' class=\"grunion-field-label url\" >Website<\/label>\n<input\n\t\t\t\t\ttype='text'\n\t\t\t\t\tname='g2268-website'\n\t\t\t\t\tid='g2268-website'\n\t\t\t\t\tvalue=''\n\n\t\t\t\t\tdata-wp-bind--aria-invalid='state.fieldHasErrors'\n\t\t\t\t\tdata-wp-bind--value='state.getFieldValue'\n\t\t\t\t\taria-errormessage='g2268-website-text-error-message'\n\t\t\t\t\tdata-wp-on--input='actions.onFieldChange'\n\t\t\t\t\tdata-wp-on--blur='actions.onFieldBlur'\n\t\t\t\t\tdata-wp-class--has-value='state.hasFieldValue'\n\n\t\t\t\t\tclass='url  grunion-field' \n\t\t\t\t\t \/>\n \n\t\t\t<div id=\"g2268-website-text-error\" class=\"contact-form__input-error\" data-wp-class--has-errors=\"state.fieldHasErrors\">\n\t\t\t\t<span class=\"contact-form__warning-icon\">\n\t\t\t\t\t<svg width=\"16\" height=\"16\" viewBox=\"0 0 16 16\" fill=\"none\" xmlns=\"http:\/\/www.w3.org\/2000\/svg\">\n\t\t\t\t\t\t<path d=\"M8.50015 11.6402H7.50015V10.6402H8.50015V11.6402Z\" \/>\n\t\t\t\t\t\t<path d=\"M7.50015 9.64018H8.50015V6.30684H7.50015V9.64018Z\" \/>\n\t\t\t\t\t\t<path fill-rule=\"evenodd\" clip-rule=\"evenodd\" d=\"M6.98331 3.0947C7.42933 2.30177 8.57096 2.30177 9.01698 3.09469L13.8771 11.7349C14.3145 12.5126 13.7525 13.4735 12.8602 13.4735H3.14004C2.24774 13.4735 1.68575 12.5126 2.12321 11.7349L6.98331 3.0947ZM8.14541 3.58496C8.08169 3.47168 7.9186 3.47168 7.85488 3.58496L2.99478 12.2251C2.93229 12.3362 3.01257 12.4735 3.14004 12.4735H12.8602C12.9877 12.4735 13.068 12.3362 13.0055 12.2251L8.14541 3.58496Z\" \/>\n\t\t\t\t\t<\/svg>\n\t\t\t\t\t<span class=\"visually-hidden\">Warnung<\/span>\n\t\t\t\t<\/span>\n\t\t\t\t<span data-wp-text=\"state.errorMessage\" id=\"g2268-website-text-error-message\"><\/span>\n\t\t\t<\/div> \n\t<\/div>\n\n<div style=\"\"  data-wp-interactive=\"jetpack\/form\" data-wp-context='{\"fieldId\":\"g2268-nachricht\",\"fieldType\":\"textarea\",\"fieldLabel\":\"Nachricht\",\"fieldValue\":\"\",\"fieldPlaceholder\":\"\",\"fieldIsRequired\":\"\",\"fieldErrorMessage\":\"\",\"fieldExtra\":[],\"formHash\":\"6b8d51db0fbd46d9daf188dd122024f2927e0520\"}'  class='grunion-field-textarea-wrap grunion-field-wrap'  data-wp-init='callbacks.initializeField' data-wp-on--jetpack-form-reset='callbacks.initializeField' >\n<label\n\t\t\t\tfor='contact-form-comment-g2268-nachricht' class=\"grunion-field-label textarea\" >Nachricht<\/label>\n<textarea\n\t\t                style=''\n\t\t                name='g2268-nachricht'\n\t\t                id='contact-form-comment-g2268-nachricht'\n\t\t                rows='20'\n\t\t\t\t\t\tdata-wp-text='state.getFieldValue'\n\t\t\t\t\t\tdata-wp-on--input='actions.onFieldChange'\n\t\t\t\t\t\tdata-wp-on--blur='actions.onFieldBlur'\n\t\t\t\t\t\tdata-wp-class--has-value='state.hasFieldValue'\n\t\t\t\t\t\tdata-wp-bind--aria-invalid='state.fieldHasErrors'\n\t\t\t\t\t\tdata-wp-on--keydown='actions.onKeyDownTextarea'\n\t\t\t\t\t\taria-errormessage='g2268-nachricht-textarea-error-message'\n\t\t\t\t\t\tclass='textarea  grunion-field'  ><\/textarea>\n \n\t\t\t<div id=\"g2268-nachricht-textarea-error\" class=\"contact-form__input-error\" data-wp-class--has-errors=\"state.fieldHasErrors\">\n\t\t\t\t<span class=\"contact-form__warning-icon\">\n\t\t\t\t\t<svg width=\"16\" height=\"16\" viewBox=\"0 0 16 16\" fill=\"none\" xmlns=\"http:\/\/www.w3.org\/2000\/svg\">\n\t\t\t\t\t\t<path d=\"M8.50015 11.6402H7.50015V10.6402H8.50015V11.6402Z\" \/>\n\t\t\t\t\t\t<path d=\"M7.50015 9.64018H8.50015V6.30684H7.50015V9.64018Z\" \/>\n\t\t\t\t\t\t<path fill-rule=\"evenodd\" clip-rule=\"evenodd\" d=\"M6.98331 3.0947C7.42933 2.30177 8.57096 2.30177 9.01698 3.09469L13.8771 11.7349C14.3145 12.5126 13.7525 13.4735 12.8602 13.4735H3.14004C2.24774 13.4735 1.68575 12.5126 2.12321 11.7349L6.98331 3.0947ZM8.14541 3.58496C8.08169 3.47168 7.9186 3.47168 7.85488 3.58496L2.99478 12.2251C2.93229 12.3362 3.01257 12.4735 3.14004 12.4735H12.8602C12.9877 12.4735 13.068 12.3362 13.0055 12.2251L8.14541 3.58496Z\" \/>\n\t\t\t\t\t<\/svg>\n\t\t\t\t\t<span class=\"visually-hidden\">Warnung<\/span>\n\t\t\t\t<\/span>\n\t\t\t\t<span data-wp-text=\"state.errorMessage\" id=\"g2268-nachricht-textarea-error-message\"><\/span>\n\t\t\t<\/div>\n\t<\/div>\n\t<p class='contact-submit'>\n<div class=\"contact-form__error\" data-wp-class--show-errors=\"state.showFormErrors\"><span class=\"contact-form__warning-icon\"><span class=\"visually-hidden\">Warnung.<\/span><i aria-hidden=\"true\"><\/i><\/span>\n\t\t\t\t<span data-wp-text=\"state.getFormErrorMessage\"><\/span>\n\t\t\t\t<ul>\n\t\t\t\t<template data-wp-each=\"state.getErrorList\" data-wp-key=\"context.item.id\">\n\t\t\t\t\t<li><a data-wp-bind--href=\"context.item.anchor\" data-wp-on--click=\"actions.scrollIntoView\" data-wp-text=\"context.item.label\"><\/a><\/li>\n\t\t\t\t<\/template>\n\t\t\t\t<\/ul><\/div><div class=\"contact-form__error\" data-wp-class--show-errors=\"state.showSubmissionError\" data-wp-text=\"context.submissionError\"><\/div>\t\t<button type='submit' class='pushbutton-wide'>Senden<\/button>\t\t<input type='hidden' name='contact-form-id' value='2268' \/>\n\t\t<input type='hidden' name='action' value='grunion-contact-form' \/>\n\t\t<input type='hidden' name='contact-form-hash' value='6b8d51db0fbd46d9daf188dd122024f2927e0520' \/>\n\t<\/p>\n<p style=\"display: none !important;\" class=\"akismet-fields-container\" data-prefix=\"ak_\"><label>&#916;<textarea name=\"ak_hp_textarea\" cols=\"45\" rows=\"8\" maxlength=\"100\"><\/textarea><\/label><input type=\"hidden\" id=\"ak_js_1\" name=\"ak_js\" value=\"137\"\/><script>document.getElementById( \"ak_js_1\" ).setAttribute( \"value\", ( new Date() ).getTime() );<\/script><\/p><\/form>\n<\/div>\n","protected":false},"excerpt":{"rendered":"<p>Eine Kiste\/Schachtel mit Verzierungen und Ornamenten aus Edelstahl oder wenn es rosten soll, bieten wir auch dieses in Stahl an. Die Oberfl\u00e4che wird nach dem Zusammenbau geschliffen und Glasperlen gestrahlt, so bekommt die Kiste\/Schachtel einen optisch dunklen Look und eine raue Oberfl\u00e4che. Sollte die Kiste\/Schachtel in einer anderen Gr\u00f6\u00dfe gew\u00fcnscht sein kann dieses auch gerne [&hellip;]<\/p>\n","protected":false},"featured_media":2269,"comment_status":"open","ping_status":"closed","template":"","meta":{"content-type":""},"product_brand":[],"product_cat":[23],"product_tag":[62,59,60,61,63,89],"class_list":{"0":"post-2268","1":"product","2":"type-product","3":"status-publish","4":"has-post-thumbnail","6":"product_cat-dekoration","7":"product_tag-edelstahl","8":"product_tag-kiste","9":"product_tag-ornament","10":"product_tag-schachtel","11":"product_tag-schmuck-kiste","12":"product_tag-stahl","14":"first","15":"instock","16":"taxable","17":"shipping-taxable","18":"purchasable","19":"product-type-variable"},"yoast_head":"<!-- This site is optimized with the Yoast SEO plugin v25.9 - https:\/\/yoast.com\/wordpress\/plugins\/seo\/ -->\n<title>Ornament Kiste\/ Schachtel - ornamentmetal<\/title>\n<meta name=\"robots\" content=\"index, follow, max-snippet:-1, max-image-preview:large, max-video-preview:-1\" \/>\n<link rel=\"canonical\" href=\"https:\/\/www.ornamentmetal.de\/de\/produkt\/ornament-kiste\/\" \/>\n<meta property=\"og:locale\" content=\"de_DE\" \/>\n<meta property=\"og:type\" content=\"article\" \/>\n<meta property=\"og:title\" content=\"Ornament Kiste\/ Schachtel - ornamentmetal\" \/>\n<meta property=\"og:description\" content=\"Eine Kiste\/Schachtel mit Verzierungen und Ornamenten aus Edelstahl oder wenn es rosten soll, bieten wir auch dieses in Stahl an. Die Oberfl\u00e4che wird nach dem Zusammenbau geschliffen und Glasperlen gestrahlt, so bekommt die Kiste\/Schachtel einen optisch dunklen Look und eine raue Oberfl\u00e4che. Sollte die Kiste\/Schachtel in einer anderen Gr\u00f6\u00dfe gew\u00fcnscht sein kann dieses auch gerne [&hellip;]\" \/>\n<meta property=\"og:url\" content=\"https:\/\/www.ornamentmetal.de\/de\/produkt\/ornament-kiste\/\" \/>\n<meta property=\"og:site_name\" content=\"ornamentmetal\" \/>\n<meta property=\"article:modified_time\" content=\"2024-11-11T14:01:11+00:00\" \/>\n<meta property=\"og:image\" content=\"https:\/\/www.ornamentmetal.de\/wp-content\/uploads\/2023\/11\/Schmuck-Kiste-scaled.jpg\" \/>\n\t<meta property=\"og:image:width\" content=\"2560\" \/>\n\t<meta property=\"og:image:height\" content=\"1891\" \/>\n\t<meta property=\"og:image:type\" content=\"image\/jpeg\" \/>\n<meta name=\"twitter:card\" content=\"summary_large_image\" \/>\n<meta name=\"twitter:label1\" content=\"Gesch\u00e4tzte Lesezeit\" \/>\n\t<meta name=\"twitter:data1\" content=\"1\u00a0Minute\" \/>\n<script type=\"application\/ld+json\" class=\"yoast-schema-graph\">{\"@context\":\"https:\/\/schema.org\",\"@graph\":[{\"@type\":\"WebPage\",\"@id\":\"https:\/\/www.ornamentmetal.de\/produkt\/ornament-kiste\/\",\"url\":\"https:\/\/www.ornamentmetal.de\/produkt\/ornament-kiste\/\",\"name\":\"Ornament Kiste\/ Schachtel - ornamentmetal\",\"isPartOf\":{\"@id\":\"https:\/\/www.ornamentmetal.de\/de\/#website\"},\"primaryImageOfPage\":{\"@id\":\"https:\/\/www.ornamentmetal.de\/produkt\/ornament-kiste\/#primaryimage\"},\"image\":{\"@id\":\"https:\/\/www.ornamentmetal.de\/produkt\/ornament-kiste\/#primaryimage\"},\"thumbnailUrl\":\"https:\/\/www.ornamentmetal.de\/wp-content\/uploads\/2023\/11\/Schmuck-Kiste-scaled.jpg\",\"datePublished\":\"2023-11-23T08:15:21+00:00\",\"dateModified\":\"2024-11-11T14:01:11+00:00\",\"breadcrumb\":{\"@id\":\"https:\/\/www.ornamentmetal.de\/produkt\/ornament-kiste\/#breadcrumb\"},\"inLanguage\":\"de\",\"potentialAction\":[{\"@type\":\"ReadAction\",\"target\":[\"https:\/\/www.ornamentmetal.de\/produkt\/ornament-kiste\/\"]}]},{\"@type\":\"ImageObject\",\"inLanguage\":\"de\",\"@id\":\"https:\/\/www.ornamentmetal.de\/produkt\/ornament-kiste\/#primaryimage\",\"url\":\"https:\/\/www.ornamentmetal.de\/wp-content\/uploads\/2023\/11\/Schmuck-Kiste-scaled.jpg\",\"contentUrl\":\"https:\/\/www.ornamentmetal.de\/wp-content\/uploads\/2023\/11\/Schmuck-Kiste-scaled.jpg\",\"width\":1625,\"height\":1200},{\"@type\":\"BreadcrumbList\",\"@id\":\"https:\/\/www.ornamentmetal.de\/produkt\/ornament-kiste\/#breadcrumb\",\"itemListElement\":[{\"@type\":\"ListItem\",\"position\":1,\"name\":\"Startseite\",\"item\":\"https:\/\/www.ornamentmetal.de\/\"},{\"@type\":\"ListItem\",\"position\":2,\"name\":\"Shop\",\"item\":\"https:\/\/www.ornamentmetal.de\/shop\/\"},{\"@type\":\"ListItem\",\"position\":3,\"name\":\"Ornament Kiste\/ Schachtel\"}]},{\"@type\":\"WebSite\",\"@id\":\"https:\/\/www.ornamentmetal.de\/de\/#website\",\"url\":\"https:\/\/www.ornamentmetal.de\/de\/\",\"name\":\"ornamentmetal\",\"description\":\"Metallgestaltung und Ornamente\",\"publisher\":{\"@id\":\"https:\/\/www.ornamentmetal.de\/de\/#organization\"},\"alternateName\":\"OM\",\"potentialAction\":[{\"@type\":\"SearchAction\",\"target\":{\"@type\":\"EntryPoint\",\"urlTemplate\":\"https:\/\/www.ornamentmetal.de\/de\/?s={search_term_string}\"},\"query-input\":{\"@type\":\"PropertyValueSpecification\",\"valueRequired\":true,\"valueName\":\"search_term_string\"}}],\"inLanguage\":\"de\"},{\"@type\":\"Organization\",\"@id\":\"https:\/\/www.ornamentmetal.de\/de\/#organization\",\"name\":\"ornamentmetal\",\"alternateName\":\"OM\",\"url\":\"https:\/\/www.ornamentmetal.de\/de\/\",\"logo\":{\"@type\":\"ImageObject\",\"inLanguage\":\"de\",\"@id\":\"https:\/\/www.ornamentmetal.de\/de\/#\/schema\/logo\/image\/\",\"url\":\"https:\/\/www.ornamentmetal.de\/wp-content\/uploads\/2023\/02\/logo.png\",\"contentUrl\":\"https:\/\/www.ornamentmetal.de\/wp-content\/uploads\/2023\/02\/logo.png\",\"width\":310,\"height\":94,\"caption\":\"ornamentmetal\"},\"image\":{\"@id\":\"https:\/\/www.ornamentmetal.de\/de\/#\/schema\/logo\/image\/\"},\"sameAs\":[\"https:\/\/www.instagram.com\/ornament.metal\/\"]}]}<\/script>\n<!-- \/ Yoast SEO plugin. -->","yoast_head_json":{"title":"Ornament Kiste\/ Schachtel - ornamentmetal","robots":{"index":"index","follow":"follow","max-snippet":"max-snippet:-1","max-image-preview":"max-image-preview:large","max-video-preview":"max-video-preview:-1"},"canonical":"https:\/\/www.ornamentmetal.de\/de\/produkt\/ornament-kiste\/","og_locale":"de_DE","og_type":"article","og_title":"Ornament Kiste\/ Schachtel - ornamentmetal","og_description":"Eine Kiste\/Schachtel mit Verzierungen und Ornamenten aus Edelstahl oder wenn es rosten soll, bieten wir auch dieses in Stahl an. Die Oberfl\u00e4che wird nach dem Zusammenbau geschliffen und Glasperlen gestrahlt, so bekommt die Kiste\/Schachtel einen optisch dunklen Look und eine raue Oberfl\u00e4che. Sollte die Kiste\/Schachtel in einer anderen Gr\u00f6\u00dfe gew\u00fcnscht sein kann dieses auch gerne [&hellip;]","og_url":"https:\/\/www.ornamentmetal.de\/de\/produkt\/ornament-kiste\/","og_site_name":"ornamentmetal","article_modified_time":"2024-11-11T14:01:11+00:00","og_image":[{"width":2560,"height":1891,"url":"https:\/\/www.ornamentmetal.de\/wp-content\/uploads\/2023\/11\/Schmuck-Kiste-scaled.jpg","type":"image\/jpeg"}],"twitter_card":"summary_large_image","twitter_misc":{"Gesch\u00e4tzte Lesezeit":"1\u00a0Minute"},"schema":{"@context":"https:\/\/schema.org","@graph":[{"@type":"WebPage","@id":"https:\/\/www.ornamentmetal.de\/produkt\/ornament-kiste\/","url":"https:\/\/www.ornamentmetal.de\/produkt\/ornament-kiste\/","name":"Ornament Kiste\/ Schachtel - ornamentmetal","isPartOf":{"@id":"https:\/\/www.ornamentmetal.de\/de\/#website"},"primaryImageOfPage":{"@id":"https:\/\/www.ornamentmetal.de\/produkt\/ornament-kiste\/#primaryimage"},"image":{"@id":"https:\/\/www.ornamentmetal.de\/produkt\/ornament-kiste\/#primaryimage"},"thumbnailUrl":"https:\/\/www.ornamentmetal.de\/wp-content\/uploads\/2023\/11\/Schmuck-Kiste-scaled.jpg","datePublished":"2023-11-23T08:15:21+00:00","dateModified":"2024-11-11T14:01:11+00:00","breadcrumb":{"@id":"https:\/\/www.ornamentmetal.de\/produkt\/ornament-kiste\/#breadcrumb"},"inLanguage":"de","potentialAction":[{"@type":"ReadAction","target":["https:\/\/www.ornamentmetal.de\/produkt\/ornament-kiste\/"]}]},{"@type":"ImageObject","inLanguage":"de","@id":"https:\/\/www.ornamentmetal.de\/produkt\/ornament-kiste\/#primaryimage","url":"https:\/\/www.ornamentmetal.de\/wp-content\/uploads\/2023\/11\/Schmuck-Kiste-scaled.jpg","contentUrl":"https:\/\/www.ornamentmetal.de\/wp-content\/uploads\/2023\/11\/Schmuck-Kiste-scaled.jpg","width":1625,"height":1200},{"@type":"BreadcrumbList","@id":"https:\/\/www.ornamentmetal.de\/produkt\/ornament-kiste\/#breadcrumb","itemListElement":[{"@type":"ListItem","position":1,"name":"Startseite","item":"https:\/\/www.ornamentmetal.de\/"},{"@type":"ListItem","position":2,"name":"Shop","item":"https:\/\/www.ornamentmetal.de\/shop\/"},{"@type":"ListItem","position":3,"name":"Ornament Kiste\/ Schachtel"}]},{"@type":"WebSite","@id":"https:\/\/www.ornamentmetal.de\/de\/#website","url":"https:\/\/www.ornamentmetal.de\/de\/","name":"ornamentmetal","description":"Metallgestaltung und Ornamente","publisher":{"@id":"https:\/\/www.ornamentmetal.de\/de\/#organization"},"alternateName":"OM","potentialAction":[{"@type":"SearchAction","target":{"@type":"EntryPoint","urlTemplate":"https:\/\/www.ornamentmetal.de\/de\/?s={search_term_string}"},"query-input":{"@type":"PropertyValueSpecification","valueRequired":true,"valueName":"search_term_string"}}],"inLanguage":"de"},{"@type":"Organization","@id":"https:\/\/www.ornamentmetal.de\/de\/#organization","name":"ornamentmetal","alternateName":"OM","url":"https:\/\/www.ornamentmetal.de\/de\/","logo":{"@type":"ImageObject","inLanguage":"de","@id":"https:\/\/www.ornamentmetal.de\/de\/#\/schema\/logo\/image\/","url":"https:\/\/www.ornamentmetal.de\/wp-content\/uploads\/2023\/02\/logo.png","contentUrl":"https:\/\/www.ornamentmetal.de\/wp-content\/uploads\/2023\/02\/logo.png","width":310,"height":94,"caption":"ornamentmetal"},"image":{"@id":"https:\/\/www.ornamentmetal.de\/de\/#\/schema\/logo\/image\/"},"sameAs":["https:\/\/www.instagram.com\/ornament.metal\/"]}]}},"jetpack_sharing_enabled":true,"_links":{"self":[{"href":"https:\/\/www.ornamentmetal.de\/de\/wp-json\/wp\/v2\/product\/2268","targetHints":{"allow":["GET"]}}],"collection":[{"href":"https:\/\/www.ornamentmetal.de\/de\/wp-json\/wp\/v2\/product"}],"about":[{"href":"https:\/\/www.ornamentmetal.de\/de\/wp-json\/wp\/v2\/types\/product"}],"replies":[{"embeddable":true,"href":"https:\/\/www.ornamentmetal.de\/de\/wp-json\/wp\/v2\/comments?post=2268"}],"wp:featuredmedia":[{"embeddable":true,"href":"https:\/\/www.ornamentmetal.de\/de\/wp-json\/wp\/v2\/media\/2269"}],"wp:attachment":[{"href":"https:\/\/www.ornamentmetal.de\/de\/wp-json\/wp\/v2\/media?parent=2268"}],"wp:term":[{"taxonomy":"product_brand","embeddable":true,"href":"https:\/\/www.ornamentmetal.de\/de\/wp-json\/wp\/v2\/product_brand?post=2268"},{"taxonomy":"product_cat","embeddable":true,"href":"https:\/\/www.ornamentmetal.de\/de\/wp-json\/wp\/v2\/product_cat?post=2268"},{"taxonomy":"product_tag","embeddable":true,"href":"https:\/\/www.ornamentmetal.de\/de\/wp-json\/wp\/v2\/product_tag?post=2268"}],"curies":[{"name":"wp","href":"https:\/\/api.w.org\/{rel}","templated":true}]}}