{"id":2534,"date":"2023-11-30T09:12:32","date_gmt":"2023-11-30T08:12:32","guid":{"rendered":"https:\/\/www.ornamentmetal.de\/?post_type=product&#038;p=2534"},"modified":"2024-08-09T19:03:07","modified_gmt":"2024-08-09T17:03:07","slug":"3d-katze-aus-metall","status":"publish","type":"product","link":"https:\/\/www.ornamentmetal.de\/de\/produkt\/3d-katze-aus-metall\/","title":{"rendered":"3D Katze aus Metall"},"content":{"rendered":"<p>Fans von Katzen aufgepasst! Wir bieten dir hier eine Katze in 3D aus Stahl (wird rosten und einen Style bekommen) oder Edelstahl an!<\/p>\n<p>Der Bausatz wird von uns zusammengesetzt und professionell verschwei\u00dft. Perfekt f\u00fcr jeden Garten oder als Dekoration im Haus.<\/p>\n<p>Ma\u00dfe (L\/B\/H): 430 mm \/ 80 mm \/ 300 mm<\/p>\n<p>&nbsp;<\/p>\n","protected":false},"excerpt":{"rendered":"<p>Fans von Katzen aufgepasst! Wir bieten dir hier eine Katze in 3D aus Stahl (wird rosten und einen Style bekommen) oder Edelstahl an! Der Bausatz wird von uns zusammengesetzt und professionell verschwei\u00dft. Perfekt f\u00fcr jeden Garten oder als Dekoration im Haus. Ma\u00dfe (L\/B\/H): 430 mm \/ 80 mm \/ 300 mm &nbsp;<\/p>\n","protected":false},"featured_media":2535,"comment_status":"open","ping_status":"closed","template":"","meta":{"content-type":""},"product_brand":[],"product_cat":[23],"product_tag":[131,129,62,130,89,132],"class_list":{"0":"post-2534","1":"product","2":"type-product","3":"status-publish","4":"has-post-thumbnail","6":"product_cat-dekoration","7":"product_tag-3d","8":"product_tag-dekoration","9":"product_tag-edelstahl","10":"product_tag-katze","11":"product_tag-stahl","12":"product_tag-tier","14":"first","15":"instock","16":"taxable","17":"shipping-taxable","18":"purchasable","19":"product-type-variable"},"yoast_head":"<!-- This site is optimized with the Yoast SEO plugin v25.9 - https:\/\/yoast.com\/wordpress\/plugins\/seo\/ -->\n<title>3D Katze aus Metall - ornamentmetal<\/title>\n<meta name=\"robots\" content=\"index, follow, max-snippet:-1, max-image-preview:large, max-video-preview:-1\" \/>\n<link rel=\"canonical\" href=\"https:\/\/www.ornamentmetal.de\/de\/produkt\/3d-katze-aus-metall\/\" \/>\n<meta property=\"og:locale\" content=\"de_DE\" \/>\n<meta property=\"og:type\" content=\"article\" \/>\n<meta property=\"og:title\" content=\"3D Katze aus Metall - ornamentmetal\" \/>\n<meta property=\"og:description\" content=\"Fans von Katzen aufgepasst! Wir bieten dir hier eine Katze in 3D aus Stahl (wird rosten und einen Style bekommen) oder Edelstahl an! Der Bausatz wird von uns zusammengesetzt und professionell verschwei\u00dft. Perfekt f\u00fcr jeden Garten oder als Dekoration im Haus. Ma\u00dfe (L\/B\/H): 430 mm \/ 80 mm \/ 300 mm &nbsp;\" \/>\n<meta property=\"og:url\" content=\"https:\/\/www.ornamentmetal.de\/de\/produkt\/3d-katze-aus-metall\/\" \/>\n<meta property=\"og:site_name\" content=\"ornamentmetal\" \/>\n<meta property=\"article:modified_time\" content=\"2024-08-09T17:03:07+00:00\" \/>\n<meta property=\"og:image\" content=\"https:\/\/www.ornamentmetal.de\/wp-content\/uploads\/2023\/11\/IMG_1588-scaled.jpg\" \/>\n\t<meta property=\"og:image:width\" content=\"1920\" \/>\n\t<meta property=\"og:image:height\" content=\"2560\" \/>\n\t<meta property=\"og:image:type\" content=\"image\/jpeg\" \/>\n<meta name=\"twitter:card\" content=\"summary_large_image\" \/>\n<meta name=\"twitter:label1\" content=\"Gesch\u00e4tzte Lesezeit\" \/>\n\t<meta name=\"twitter:data1\" content=\"1\u00a0Minute\" \/>\n<script type=\"application\/ld+json\" class=\"yoast-schema-graph\">{\"@context\":\"https:\/\/schema.org\",\"@graph\":[{\"@type\":\"WebPage\",\"@id\":\"https:\/\/www.ornamentmetal.de\/produkt\/3d-katze-aus-metall\/\",\"url\":\"https:\/\/www.ornamentmetal.de\/produkt\/3d-katze-aus-metall\/\",\"name\":\"3D Katze aus Metall - ornamentmetal\",\"isPartOf\":{\"@id\":\"https:\/\/www.ornamentmetal.de\/de\/#website\"},\"primaryImageOfPage\":{\"@id\":\"https:\/\/www.ornamentmetal.de\/produkt\/3d-katze-aus-metall\/#primaryimage\"},\"image\":{\"@id\":\"https:\/\/www.ornamentmetal.de\/produkt\/3d-katze-aus-metall\/#primaryimage\"},\"thumbnailUrl\":\"https:\/\/www.ornamentmetal.de\/wp-content\/uploads\/2023\/11\/IMG_1588-scaled.jpg\",\"datePublished\":\"2023-11-30T08:12:32+00:00\",\"dateModified\":\"2024-08-09T17:03:07+00:00\",\"breadcrumb\":{\"@id\":\"https:\/\/www.ornamentmetal.de\/produkt\/3d-katze-aus-metall\/#breadcrumb\"},\"inLanguage\":\"de\",\"potentialAction\":[{\"@type\":\"ReadAction\",\"target\":[\"https:\/\/www.ornamentmetal.de\/produkt\/3d-katze-aus-metall\/\"]}]},{\"@type\":\"ImageObject\",\"inLanguage\":\"de\",\"@id\":\"https:\/\/www.ornamentmetal.de\/produkt\/3d-katze-aus-metall\/#primaryimage\",\"url\":\"https:\/\/www.ornamentmetal.de\/wp-content\/uploads\/2023\/11\/IMG_1588-scaled.jpg\",\"contentUrl\":\"https:\/\/www.ornamentmetal.de\/wp-content\/uploads\/2023\/11\/IMG_1588-scaled.jpg\",\"width\":1920,\"height\":2560},{\"@type\":\"BreadcrumbList\",\"@id\":\"https:\/\/www.ornamentmetal.de\/produkt\/3d-katze-aus-metall\/#breadcrumb\",\"itemListElement\":[{\"@type\":\"ListItem\",\"position\":1,\"name\":\"Startseite\",\"item\":\"https:\/\/www.ornamentmetal.de\/\"},{\"@type\":\"ListItem\",\"position\":2,\"name\":\"Shop\",\"item\":\"https:\/\/www.ornamentmetal.de\/shop\/\"},{\"@type\":\"ListItem\",\"position\":3,\"name\":\"3D Katze aus Metall\"}]},{\"@type\":\"WebSite\",\"@id\":\"https:\/\/www.ornamentmetal.de\/de\/#website\",\"url\":\"https:\/\/www.ornamentmetal.de\/de\/\",\"name\":\"ornamentmetal\",\"description\":\"Metallgestaltung und Ornamente\",\"publisher\":{\"@id\":\"https:\/\/www.ornamentmetal.de\/de\/#organization\"},\"alternateName\":\"OM\",\"potentialAction\":[{\"@type\":\"SearchAction\",\"target\":{\"@type\":\"EntryPoint\",\"urlTemplate\":\"https:\/\/www.ornamentmetal.de\/de\/?s={search_term_string}\"},\"query-input\":{\"@type\":\"PropertyValueSpecification\",\"valueRequired\":true,\"valueName\":\"search_term_string\"}}],\"inLanguage\":\"de\"},{\"@type\":\"Organization\",\"@id\":\"https:\/\/www.ornamentmetal.de\/de\/#organization\",\"name\":\"ornamentmetal\",\"alternateName\":\"OM\",\"url\":\"https:\/\/www.ornamentmetal.de\/de\/\",\"logo\":{\"@type\":\"ImageObject\",\"inLanguage\":\"de\",\"@id\":\"https:\/\/www.ornamentmetal.de\/de\/#\/schema\/logo\/image\/\",\"url\":\"https:\/\/www.ornamentmetal.de\/wp-content\/uploads\/2023\/02\/logo.png\",\"contentUrl\":\"https:\/\/www.ornamentmetal.de\/wp-content\/uploads\/2023\/02\/logo.png\",\"width\":310,\"height\":94,\"caption\":\"ornamentmetal\"},\"image\":{\"@id\":\"https:\/\/www.ornamentmetal.de\/de\/#\/schema\/logo\/image\/\"},\"sameAs\":[\"https:\/\/www.instagram.com\/ornament.metal\/\"]}]}<\/script>\n<!-- \/ Yoast SEO plugin. -->","yoast_head_json":{"title":"3D Katze aus Metall - ornamentmetal","robots":{"index":"index","follow":"follow","max-snippet":"max-snippet:-1","max-image-preview":"max-image-preview:large","max-video-preview":"max-video-preview:-1"},"canonical":"https:\/\/www.ornamentmetal.de\/de\/produkt\/3d-katze-aus-metall\/","og_locale":"de_DE","og_type":"article","og_title":"3D Katze aus Metall - ornamentmetal","og_description":"Fans von Katzen aufgepasst! Wir bieten dir hier eine Katze in 3D aus Stahl (wird rosten und einen Style bekommen) oder Edelstahl an! Der Bausatz wird von uns zusammengesetzt und professionell verschwei\u00dft. Perfekt f\u00fcr jeden Garten oder als Dekoration im Haus. Ma\u00dfe (L\/B\/H): 430 mm \/ 80 mm \/ 300 mm &nbsp;","og_url":"https:\/\/www.ornamentmetal.de\/de\/produkt\/3d-katze-aus-metall\/","og_site_name":"ornamentmetal","article_modified_time":"2024-08-09T17:03:07+00:00","og_image":[{"width":1920,"height":2560,"url":"https:\/\/www.ornamentmetal.de\/wp-content\/uploads\/2023\/11\/IMG_1588-scaled.jpg","type":"image\/jpeg"}],"twitter_card":"summary_large_image","twitter_misc":{"Gesch\u00e4tzte Lesezeit":"1\u00a0Minute"},"schema":{"@context":"https:\/\/schema.org","@graph":[{"@type":"WebPage","@id":"https:\/\/www.ornamentmetal.de\/produkt\/3d-katze-aus-metall\/","url":"https:\/\/www.ornamentmetal.de\/produkt\/3d-katze-aus-metall\/","name":"3D Katze aus Metall - ornamentmetal","isPartOf":{"@id":"https:\/\/www.ornamentmetal.de\/de\/#website"},"primaryImageOfPage":{"@id":"https:\/\/www.ornamentmetal.de\/produkt\/3d-katze-aus-metall\/#primaryimage"},"image":{"@id":"https:\/\/www.ornamentmetal.de\/produkt\/3d-katze-aus-metall\/#primaryimage"},"thumbnailUrl":"https:\/\/www.ornamentmetal.de\/wp-content\/uploads\/2023\/11\/IMG_1588-scaled.jpg","datePublished":"2023-11-30T08:12:32+00:00","dateModified":"2024-08-09T17:03:07+00:00","breadcrumb":{"@id":"https:\/\/www.ornamentmetal.de\/produkt\/3d-katze-aus-metall\/#breadcrumb"},"inLanguage":"de","potentialAction":[{"@type":"ReadAction","target":["https:\/\/www.ornamentmetal.de\/produkt\/3d-katze-aus-metall\/"]}]},{"@type":"ImageObject","inLanguage":"de","@id":"https:\/\/www.ornamentmetal.de\/produkt\/3d-katze-aus-metall\/#primaryimage","url":"https:\/\/www.ornamentmetal.de\/wp-content\/uploads\/2023\/11\/IMG_1588-scaled.jpg","contentUrl":"https:\/\/www.ornamentmetal.de\/wp-content\/uploads\/2023\/11\/IMG_1588-scaled.jpg","width":1920,"height":2560},{"@type":"BreadcrumbList","@id":"https:\/\/www.ornamentmetal.de\/produkt\/3d-katze-aus-metall\/#breadcrumb","itemListElement":[{"@type":"ListItem","position":1,"name":"Startseite","item":"https:\/\/www.ornamentmetal.de\/"},{"@type":"ListItem","position":2,"name":"Shop","item":"https:\/\/www.ornamentmetal.de\/shop\/"},{"@type":"ListItem","position":3,"name":"3D Katze aus Metall"}]},{"@type":"WebSite","@id":"https:\/\/www.ornamentmetal.de\/de\/#website","url":"https:\/\/www.ornamentmetal.de\/de\/","name":"ornamentmetal","description":"Metallgestaltung und Ornamente","publisher":{"@id":"https:\/\/www.ornamentmetal.de\/de\/#organization"},"alternateName":"OM","potentialAction":[{"@type":"SearchAction","target":{"@type":"EntryPoint","urlTemplate":"https:\/\/www.ornamentmetal.de\/de\/?s={search_term_string}"},"query-input":{"@type":"PropertyValueSpecification","valueRequired":true,"valueName":"search_term_string"}}],"inLanguage":"de"},{"@type":"Organization","@id":"https:\/\/www.ornamentmetal.de\/de\/#organization","name":"ornamentmetal","alternateName":"OM","url":"https:\/\/www.ornamentmetal.de\/de\/","logo":{"@type":"ImageObject","inLanguage":"de","@id":"https:\/\/www.ornamentmetal.de\/de\/#\/schema\/logo\/image\/","url":"https:\/\/www.ornamentmetal.de\/wp-content\/uploads\/2023\/02\/logo.png","contentUrl":"https:\/\/www.ornamentmetal.de\/wp-content\/uploads\/2023\/02\/logo.png","width":310,"height":94,"caption":"ornamentmetal"},"image":{"@id":"https:\/\/www.ornamentmetal.de\/de\/#\/schema\/logo\/image\/"},"sameAs":["https:\/\/www.instagram.com\/ornament.metal\/"]}]}},"jetpack_sharing_enabled":true,"_links":{"self":[{"href":"https:\/\/www.ornamentmetal.de\/de\/wp-json\/wp\/v2\/product\/2534","targetHints":{"allow":["GET"]}}],"collection":[{"href":"https:\/\/www.ornamentmetal.de\/de\/wp-json\/wp\/v2\/product"}],"about":[{"href":"https:\/\/www.ornamentmetal.de\/de\/wp-json\/wp\/v2\/types\/product"}],"replies":[{"embeddable":true,"href":"https:\/\/www.ornamentmetal.de\/de\/wp-json\/wp\/v2\/comments?post=2534"}],"wp:featuredmedia":[{"embeddable":true,"href":"https:\/\/www.ornamentmetal.de\/de\/wp-json\/wp\/v2\/media\/2535"}],"wp:attachment":[{"href":"https:\/\/www.ornamentmetal.de\/de\/wp-json\/wp\/v2\/media?parent=2534"}],"wp:term":[{"taxonomy":"product_brand","embeddable":true,"href":"https:\/\/www.ornamentmetal.de\/de\/wp-json\/wp\/v2\/product_brand?post=2534"},{"taxonomy":"product_cat","embeddable":true,"href":"https:\/\/www.ornamentmetal.de\/de\/wp-json\/wp\/v2\/product_cat?post=2534"},{"taxonomy":"product_tag","embeddable":true,"href":"https:\/\/www.ornamentmetal.de\/de\/wp-json\/wp\/v2\/product_tag?post=2534"}],"curies":[{"name":"wp","href":"https:\/\/api.w.org\/{rel}","templated":true}]}}